{"id":11,"date":"2024-04-09T16:41:12","date_gmt":"2024-04-09T14:41:12","guid":{"rendered":"https:\/\/femmes-en-pause-consciente.fr\/?page_id=11"},"modified":"2025-05-26T11:59:09","modified_gmt":"2025-05-26T09:59:09","slug":"a-propos-de-moi-ici-et-ailleurs","status":"publish","type":"page","link":"https:\/\/femmes-en-pause-consciente.fr\/index.php\/a-propos-de-moi-ici-et-ailleurs\/","title":{"rendered":"A Propos de Moi Ici et Ailleurs"},"content":{"rendered":"\n<h2 class=\"wp-block-heading\">Ma mission de th\u00e9rapeute au service de toutes les femmes<\/h2>\n\n\n\n<p>Apr\u00e8s une longue carri\u00e8re dans l\u2019h\u00f4tellerie en France et \u00e0 l\u2019\u00e9tranger, je n\u2019ai eu de cesse de rechercher les aspects du bien-\u00eatre et du d\u00e9veloppement personnel. Un appel de l\u2019\u00e2me. C\u2019est en Suisse que tout a commenc\u00e9 : j\u2019avais un besoin vital de me reconnecter \u00e0 mon corps, \u00e0 mes ressentis et le<strong> Do-In<\/strong> (technique d&rsquo;auto-massage) m&rsquo;a permis de suivre au quotidien l&rsquo;\u00e9lan naturel \u00e0 prendre soin de soi .<\/p>\n\n\n\n<p>A Londres, c&rsquo;\u00e9tait l&rsquo;apog\u00e9e de la m\u00e9decine alternative, je me suis dirig\u00e9e naturellement vers les techniques naturelles de soin comme la <strong>R\u00e9flexologie plantaire<\/strong> ( technique d&rsquo;auto-r\u00e9gulation), le <strong>Massage <\/strong> <strong>\u00e9nerg\u00e9tique<\/strong> (technique de relaxation profonde), le <strong>Qi Gong<\/strong> a \u00e9t\u00e9 l&rsquo; activit\u00e9 pertinente et compl\u00e9mentaire dans mon parcours vibrant de th\u00e9rapeute du bien-\u00eatre.<\/p>\n\n\n\n<p>En France, je ressentais de la difficult\u00e9 \u00e0 exprimer mes \u00e9motions, mes blessures du pass\u00e9 et surtout \u00e0 les lib\u00e9rer. Je cherchais \u00e0 me reconstruire et \u00e0 faire la paix , sortir du conditionnement socio-culturel. Gr\u00e2ce au <strong>REIKI<\/strong> USUI (technique holistique japonaise) et \u00e0 l\u2019<strong>EFT<\/strong> (techniques de lib\u00e9ration \u00e9motionnelle)  j\u2019ai enfin retrouv\u00e9 ma joie de vivre et des outils efficaces et puissants pour la maintenir.<\/p>\n\n\n\n<p>La pers\u00e9v\u00e9rance \u00e0 ma pratique quotidienne de <strong>m\u00e9ditation<\/strong> et de <strong>visualisation<\/strong>, m\u2019a permis de comprendre en conscience que l\u2019amour au profond de soi permet de s\u2019accepter, de s\u2019\u00e9couter, de se respecter et de s\u2019aimer naturellement telle que l\u2019on est. <\/p>\n\n\n\n<p>Cette relation \u00e0 soi permet l\u2019ouverture du c\u0153ur \u00e0 son monde int\u00e9rieur lumineux mais surtout \u00e0 le partager au monde ext\u00e9rieur avec gratitude et g\u00e9n\u00e9rosit\u00e9.<\/p>\n\n\n\n<p><\/p>\n\n\n\n<figure class=\"wp-block-image size-full\"><img loading=\"lazy\" decoding=\"async\" width=\"600\" height=\"389\" src=\"https:\/\/femmes-en-pause-consciente.fr\/wp-content\/uploads\/2024\/06\/depositphotos_156068074-stock-photo-silhouette-of-woman-doing-yoga.webp\" alt=\"\" class=\"wp-image-756\" srcset=\"https:\/\/femmes-en-pause-consciente.fr\/wp-content\/uploads\/2024\/06\/depositphotos_156068074-stock-photo-silhouette-of-woman-doing-yoga.webp 600w, https:\/\/femmes-en-pause-consciente.fr\/wp-content\/uploads\/2024\/06\/depositphotos_156068074-stock-photo-silhouette-of-woman-doing-yoga-300x195.webp 300w\" sizes=\"auto, (max-width: 600px) 100vw, 600px\" \/><\/figure>\n\n\n\n<div class=\"wp-block-cover alignfull is-light\" style=\"min-height:321px;aspect-ratio:unset;\"><span aria-hidden=\"true\" class=\"wp-block-cover__background has-custom-couleur-1-background-color has-background-dim-100 has-background-dim\"><\/span><div class=\"wp-block-cover__inner-container is-layout-constrained wp-block-cover-is-layout-constrained\">\n<p><strong>Ma mission passion est celle de prendre soin de toutes les femmes de 18 ans (ou -) \u00e0 90 ans (ou+) \u00e0 se reconnecter au meilleur d\u2019elles-m\u00eames<\/strong>. Mon approche holistique favorise une harmonie du corps, du c\u0153ur et de l\u2019esprit pour retrouver l\u2019\u00e9quilibre vital n\u00e9cessaire pour vivre plus sereinement en bonne sant\u00e9.<\/p>\n\n\n\n<p>Je suis une th\u00e9rapeute avec des exp\u00e9riences de vie, des valeurs, des talents, des dons personnels destin\u00e9s \u00e0<strong> vous aider \u00e0 cheminer vers le l\u00e2cher prise et l\u2019amour de soi tout en douceur et avec bienveillance.<\/strong><\/p>\n<\/div><\/div>\n\n\n\n<p>Je suis devenue co-cr\u00e9atrice d\u2019un monde meilleur en cr\u00e9ant mon activit\u00e9 dans le bien-\u00eatre. L\u2019entrepreneuriat est pour moi bien plus qu\u2019une simple aventure professionnelle, c\u2019est un v\u00e9ritable <strong>voyage initiatique<\/strong> sur mon chemin de d\u00e9veloppement personnel et spirituel.<\/p>\n\n\n\n<figure class=\"wp-block-image size-thumbnail is-resized has-custom-border\"><img loading=\"lazy\" decoding=\"async\" width=\"150\" height=\"150\" src=\"https:\/\/femmes-en-pause-consciente.fr\/wp-content\/uploads\/2024\/04\/logo-150x150.png\" alt=\"\" class=\"wp-image-379\" style=\"border-style:none;border-width:0px;border-radius:0px;aspect-ratio:1;object-fit:cover;width:38px;height:auto\" srcset=\"https:\/\/femmes-en-pause-consciente.fr\/wp-content\/uploads\/2024\/04\/logo-150x150.png 150w, https:\/\/femmes-en-pause-consciente.fr\/wp-content\/uploads\/2024\/04\/logo-1014x1024.png 1014w\" sizes=\"auto, (max-width: 150px) 100vw, 150px\" \/><\/figure>\n\n\n\n<h4 class=\"wp-block-heading\">MES comp\u00e9tences ET FORMATIONS de bien-\u00eatre<\/h4>\n\n\n\n<ul class=\"wp-block-list\">\n<li>En Suisse; en 1985, stages de Do-In (auto-massage) avec Jean Rofidal<\/li>\n\n\n\n<li>A Londres, UK en 1987&nbsp;: dipl\u00f4me ITEC, th\u00e9rapie internationale conseil d\u2019examen concernant&nbsp;: anatomie, physiologie et massage,<\/li>\n\n\n\n<li>A Londres, UK en 1988\u00a0: dipl\u00f4me de massage et relaxation, et dipl\u00f4me de r\u00e9flexologie. The Churchill Centre Institut avec David Pluke.<\/li>\n\n\n\n<li>En France, en 2005 stages de la pratique de Qi Gong avec Davina Delor.<\/li>\n\n\n\n<li>En France, en 2019 Formation EFT (Techniques de lib\u00e9ration \u00e9motionnelle), au Congr\u00e8s virtuel EFT avec Maria Annel et No\u00eblle Cassan.<\/li>\n\n\n\n<li>En Belgique, en 2022 : dipl\u00f4me de Reiki Usui 3\u00b0 Degr\u00e9, Le Centre International de Reiki avec le Ma\u00eetre Lionel GOUTTE<\/li>\n<\/ul>\n\n\n\n<figure class=\"wp-block-image size-large is-resized\"><img loading=\"lazy\" decoding=\"async\" width=\"1014\" height=\"1024\" src=\"https:\/\/femmes-en-pause-consciente.fr\/wp-content\/uploads\/2024\/04\/logo-23-1014x1024.png\" alt=\"\" class=\"wp-image-443\" style=\"width:43px;height:auto\" srcset=\"https:\/\/femmes-en-pause-consciente.fr\/wp-content\/uploads\/2024\/04\/logo-23-1014x1024.png 1014w, https:\/\/femmes-en-pause-consciente.fr\/wp-content\/uploads\/2024\/04\/logo-23-297x300.png 297w, https:\/\/femmes-en-pause-consciente.fr\/wp-content\/uploads\/2024\/04\/logo-23-150x150.png 150w, https:\/\/femmes-en-pause-consciente.fr\/wp-content\/uploads\/2024\/04\/logo-23-768x776.png 768w, https:\/\/femmes-en-pause-consciente.fr\/wp-content\/uploads\/2024\/04\/logo-23.png 1267w\" sizes=\"auto, (max-width: 1014px) 100vw, 1014px\" \/><\/figure>\n\n\n\n<p><\/p>\n\n\n\n<figure class=\"wp-block-image aligncenter size-large is-resized\"><img loading=\"lazy\" decoding=\"async\" width=\"735\" height=\"1024\" src=\"https:\/\/femmes-en-pause-consciente.fr\/wp-content\/uploads\/2024\/04\/IMG_4852-735x1024.jpg\" alt=\"\" class=\"wp-image-313\" style=\"width:285px;height:auto\" srcset=\"https:\/\/femmes-en-pause-consciente.fr\/wp-content\/uploads\/2024\/04\/IMG_4852-735x1024.jpg 735w, https:\/\/femmes-en-pause-consciente.fr\/wp-content\/uploads\/2024\/04\/IMG_4852-215x300.jpg 215w, https:\/\/femmes-en-pause-consciente.fr\/wp-content\/uploads\/2024\/04\/IMG_4852-768x1069.jpg 768w, https:\/\/femmes-en-pause-consciente.fr\/wp-content\/uploads\/2024\/04\/IMG_4852-1103x1536.jpg 1103w, https:\/\/femmes-en-pause-consciente.fr\/wp-content\/uploads\/2024\/04\/IMG_4852-1471x2048.jpg 1471w, https:\/\/femmes-en-pause-consciente.fr\/wp-content\/uploads\/2024\/04\/IMG_4852-scaled.jpg 1839w\" sizes=\"auto, (max-width: 735px) 100vw, 735px\" \/><\/figure>\n\n\n\n<p>\u00ab\u00a0J&rsquo;ai plaisir \u00e0 vous accueillir et partager mon savoir-\u00eatre avec vous toutes&#8230;\u00e0 tr\u00e8s vite\u00a0\u00bb<\/p>\n\n\n\n<div class=\"wp-block-buttons is-layout-flex wp-block-buttons-is-layout-flex\">\n<div class=\"wp-block-button\"><a class=\"wp-block-button__link wp-element-button\" href=\"https:\/\/femmes-en-pause-consciente.fr\/index.php\/mon-approche-holistique-pour-votre-bien-etre\/\">mon approche holistique<\/a><\/div>\n<\/div>\n\n\n\n<div class=\"wp-block-buttons is-layout-flex wp-block-buttons-is-layout-flex\">\n<div class=\"wp-block-button\"><a class=\"wp-block-button__link wp-element-button\" href=\"https:\/\/femmes-en-pause-consciente.fr\/index.php\/me-contacter\/\">me contacter<\/a><\/div>\n<\/div>\n\n\n\n<figure class=\"wp-block-image size-large is-resized\"><img loading=\"lazy\" decoding=\"async\" width=\"1014\" height=\"1024\" src=\"https:\/\/femmes-en-pause-consciente.fr\/wp-content\/uploads\/2024\/06\/logo-1014x1024.png\" alt=\"\" class=\"wp-image-757\" style=\"width:65px;height:auto\" srcset=\"https:\/\/femmes-en-pause-consciente.fr\/wp-content\/uploads\/2024\/06\/logo-1014x1024.png 1014w, https:\/\/femmes-en-pause-consciente.fr\/wp-content\/uploads\/2024\/06\/logo-297x300.png 297w, https:\/\/femmes-en-pause-consciente.fr\/wp-content\/uploads\/2024\/06\/logo-150x150.png 150w, https:\/\/femmes-en-pause-consciente.fr\/wp-content\/uploads\/2024\/06\/logo-768x776.png 768w, https:\/\/femmes-en-pause-consciente.fr\/wp-content\/uploads\/2024\/06\/logo.png 1267w\" sizes=\"auto, (max-width: 1014px) 100vw, 1014px\" \/><\/figure>\n\n\n\n<figure class=\"wp-block-image size-large is-resized\"><img loading=\"lazy\" decoding=\"async\" width=\"1024\" height=\"439\" src=\"https:\/\/femmes-en-pause-consciente.fr\/wp-content\/uploads\/2024\/06\/DSC_0751-1024x439.jpg\" alt=\"\" class=\"wp-image-762\" style=\"width:658px;height:auto\" srcset=\"https:\/\/femmes-en-pause-consciente.fr\/wp-content\/uploads\/2024\/06\/DSC_0751-1024x439.jpg 1024w, https:\/\/femmes-en-pause-consciente.fr\/wp-content\/uploads\/2024\/06\/DSC_0751-300x129.jpg 300w, https:\/\/femmes-en-pause-consciente.fr\/wp-content\/uploads\/2024\/06\/DSC_0751-768x329.jpg 768w, https:\/\/femmes-en-pause-consciente.fr\/wp-content\/uploads\/2024\/06\/DSC_0751-1536x658.jpg 1536w, https:\/\/femmes-en-pause-consciente.fr\/wp-content\/uploads\/2024\/06\/DSC_0751-2048x878.jpg 2048w\" sizes=\"auto, (max-width: 1024px) 100vw, 1024px\" \/><\/figure>\n\n\n\n<blockquote class=\"wp-block-quote is-layout-flow wp-block-quote-is-layout-flow\">\n<p>\u00ab\u00a0Je me laisse tr\u00e8s souvent absorber par l&rsquo;harmonie et la beaut\u00e9 de la nature&#8230;\u00a0\u00bb<\/p>\n<cite>Marie-Ange<\/cite><\/blockquote>\n\n\n\n<figure class=\"wp-block-image size-large\"><img loading=\"lazy\" decoding=\"async\" width=\"1024\" height=\"1024\" src=\"https:\/\/femmes-en-pause-consciente.fr\/wp-content\/uploads\/2024\/06\/citation-laurent-gounelle-1-1024x1024.jpg\" alt=\"\" class=\"wp-image-763\" srcset=\"https:\/\/femmes-en-pause-consciente.fr\/wp-content\/uploads\/2024\/06\/citation-laurent-gounelle-1-1024x1024.jpg 1024w, https:\/\/femmes-en-pause-consciente.fr\/wp-content\/uploads\/2024\/06\/citation-laurent-gounelle-1-300x300.jpg 300w, https:\/\/femmes-en-pause-consciente.fr\/wp-content\/uploads\/2024\/06\/citation-laurent-gounelle-1-150x150.jpg 150w, https:\/\/femmes-en-pause-consciente.fr\/wp-content\/uploads\/2024\/06\/citation-laurent-gounelle-1-768x768.jpg 768w, https:\/\/femmes-en-pause-consciente.fr\/wp-content\/uploads\/2024\/06\/citation-laurent-gounelle-1.jpg 1080w\" sizes=\"auto, (max-width: 1024px) 100vw, 1024px\" \/><\/figure>\n\n\n\n<figure class=\"wp-block-image size-large is-resized\"><img loading=\"lazy\" decoding=\"async\" width=\"1014\" height=\"1024\" src=\"https:\/\/femmes-en-pause-consciente.fr\/wp-content\/uploads\/2024\/06\/logo-1-1014x1024.png\" alt=\"\" class=\"wp-image-764\" style=\"width:80px;height:auto\" srcset=\"https:\/\/femmes-en-pause-consciente.fr\/wp-content\/uploads\/2024\/06\/logo-1-1014x1024.png 1014w, https:\/\/femmes-en-pause-consciente.fr\/wp-content\/uploads\/2024\/06\/logo-1-297x300.png 297w, https:\/\/femmes-en-pause-consciente.fr\/wp-content\/uploads\/2024\/06\/logo-1-150x150.png 150w, https:\/\/femmes-en-pause-consciente.fr\/wp-content\/uploads\/2024\/06\/logo-1-768x776.png 768w, https:\/\/femmes-en-pause-consciente.fr\/wp-content\/uploads\/2024\/06\/logo-1.png 1267w\" sizes=\"auto, (max-width: 1014px) 100vw, 1014px\" \/><\/figure>\n","protected":false},"excerpt":{"rendered":"<p>Ma mission de th\u00e9rapeute au service de toutes les femmes Apr\u00e8s une longue carri\u00e8re dans l\u2019h\u00f4tellerie en France et \u00e0 l\u2019\u00e9tranger, je n\u2019ai eu de cesse de rechercher les aspects du bien-\u00eatre et du d\u00e9veloppement personnel. Un appel de l\u2019\u00e2me. C\u2019est en Suisse que tout a commenc\u00e9 : j\u2019avais un besoin vital de me reconnecter [&hellip;]<\/p>\n","protected":false},"author":1,"featured_media":218,"parent":0,"menu_order":0,"comment_status":"closed","ping_status":"closed","template":"","meta":{"footnotes":""},"class_list":["post-11","page","type-page","status-publish","has-post-thumbnail","hentry"],"yoast_head":"<!-- This site is optimized with the Yoast SEO plugin v24.8.1 - https:\/\/yoast.com\/wordpress\/plugins\/seo\/ -->\n<title>A Propos de Moi Ici et Ailleurs - Femmes En Pause Consciente<\/title>\n<meta name=\"robots\" content=\"index, follow, max-snippet:-1, max-image-preview:large, max-video-preview:-1\" \/>\n<link rel=\"canonical\" href=\"https:\/\/femmes-en-pause-consciente.fr\/index.php\/a-propos-de-moi-ici-et-ailleurs\/\" \/>\n<meta property=\"og:locale\" content=\"fr_FR\" \/>\n<meta property=\"og:type\" content=\"article\" \/>\n<meta property=\"og:title\" content=\"A Propos de Moi Ici et Ailleurs - Femmes En Pause Consciente\" \/>\n<meta property=\"og:description\" content=\"Ma mission de th\u00e9rapeute au service de toutes les femmes Apr\u00e8s une longue carri\u00e8re dans l\u2019h\u00f4tellerie en France et \u00e0 l\u2019\u00e9tranger, je n\u2019ai eu de cesse de rechercher les aspects du bien-\u00eatre et du d\u00e9veloppement personnel. Un appel de l\u2019\u00e2me. C\u2019est en Suisse que tout a commenc\u00e9 : j\u2019avais un besoin vital de me reconnecter [&hellip;]\" \/>\n<meta property=\"og:url\" content=\"https:\/\/femmes-en-pause-consciente.fr\/index.php\/a-propos-de-moi-ici-et-ailleurs\/\" \/>\n<meta property=\"og:site_name\" content=\"Femmes En Pause Consciente\" \/>\n<meta property=\"article:modified_time\" content=\"2025-05-26T09:59:09+00:00\" \/>\n<meta property=\"og:image\" content=\"https:\/\/femmes-en-pause-consciente.fr\/wp-content\/uploads\/2024\/04\/photo-de-femme-en-pause-2.jpg\" \/>\n\t<meta property=\"og:image:width\" content=\"1000\" \/>\n\t<meta property=\"og:image:height\" content=\"526\" \/>\n\t<meta property=\"og:image:type\" content=\"image\/jpeg\" \/>\n<meta name=\"twitter:card\" content=\"summary_large_image\" \/>\n<meta name=\"twitter:label1\" content=\"Dur\u00e9e de lecture estim\u00e9e\" \/>\n\t<meta name=\"twitter:data1\" content=\"5 minutes\" \/>\n<script type=\"application\/ld+json\" class=\"yoast-schema-graph\">{\"@context\":\"https:\/\/schema.org\",\"@graph\":[{\"@type\":\"WebPage\",\"@id\":\"https:\/\/femmes-en-pause-consciente.fr\/index.php\/a-propos-de-moi-ici-et-ailleurs\/\",\"url\":\"https:\/\/femmes-en-pause-consciente.fr\/index.php\/a-propos-de-moi-ici-et-ailleurs\/\",\"name\":\"A Propos de Moi Ici et Ailleurs - Femmes En Pause Consciente\",\"isPartOf\":{\"@id\":\"https:\/\/femmes-en-pause-consciente.fr\/#website\"},\"primaryImageOfPage\":{\"@id\":\"https:\/\/femmes-en-pause-consciente.fr\/index.php\/a-propos-de-moi-ici-et-ailleurs\/#primaryimage\"},\"image\":{\"@id\":\"https:\/\/femmes-en-pause-consciente.fr\/index.php\/a-propos-de-moi-ici-et-ailleurs\/#primaryimage\"},\"thumbnailUrl\":\"https:\/\/femmes-en-pause-consciente.fr\/wp-content\/uploads\/2024\/04\/photo-de-femme-en-pause-2.jpg\",\"datePublished\":\"2024-04-09T14:41:12+00:00\",\"dateModified\":\"2025-05-26T09:59:09+00:00\",\"breadcrumb\":{\"@id\":\"https:\/\/femmes-en-pause-consciente.fr\/index.php\/a-propos-de-moi-ici-et-ailleurs\/#breadcrumb\"},\"inLanguage\":\"fr-FR\",\"potentialAction\":[{\"@type\":\"ReadAction\",\"target\":[\"https:\/\/femmes-en-pause-consciente.fr\/index.php\/a-propos-de-moi-ici-et-ailleurs\/\"]}]},{\"@type\":\"ImageObject\",\"inLanguage\":\"fr-FR\",\"@id\":\"https:\/\/femmes-en-pause-consciente.fr\/index.php\/a-propos-de-moi-ici-et-ailleurs\/#primaryimage\",\"url\":\"https:\/\/femmes-en-pause-consciente.fr\/wp-content\/uploads\/2024\/04\/photo-de-femme-en-pause-2.jpg\",\"contentUrl\":\"https:\/\/femmes-en-pause-consciente.fr\/wp-content\/uploads\/2024\/04\/photo-de-femme-en-pause-2.jpg\",\"width\":1000,\"height\":526},{\"@type\":\"BreadcrumbList\",\"@id\":\"https:\/\/femmes-en-pause-consciente.fr\/index.php\/a-propos-de-moi-ici-et-ailleurs\/#breadcrumb\",\"itemListElement\":[{\"@type\":\"ListItem\",\"position\":1,\"name\":\"Accueil\",\"item\":\"https:\/\/femmes-en-pause-consciente.fr\/\"},{\"@type\":\"ListItem\",\"position\":2,\"name\":\"A Propos de Moi Ici et Ailleurs\"}]},{\"@type\":\"WebSite\",\"@id\":\"https:\/\/femmes-en-pause-consciente.fr\/#website\",\"url\":\"https:\/\/femmes-en-pause-consciente.fr\/\",\"name\":\"Femmes En Pause Consciente\",\"description\":\"Le Chemin du L\u00e2cher Prise\",\"publisher\":{\"@id\":\"https:\/\/femmes-en-pause-consciente.fr\/#organization\"},\"potentialAction\":[{\"@type\":\"SearchAction\",\"target\":{\"@type\":\"EntryPoint\",\"urlTemplate\":\"https:\/\/femmes-en-pause-consciente.fr\/?s={search_term_string}\"},\"query-input\":{\"@type\":\"PropertyValueSpecification\",\"valueRequired\":true,\"valueName\":\"search_term_string\"}}],\"inLanguage\":\"fr-FR\"},{\"@type\":\"Organization\",\"@id\":\"https:\/\/femmes-en-pause-consciente.fr\/#organization\",\"name\":\"Femmes En Pause Consciente\",\"url\":\"https:\/\/femmes-en-pause-consciente.fr\/\",\"logo\":{\"@type\":\"ImageObject\",\"inLanguage\":\"fr-FR\",\"@id\":\"https:\/\/femmes-en-pause-consciente.fr\/#\/schema\/logo\/image\/\",\"url\":\"https:\/\/femmes-en-pause-consciente.fr\/wp-content\/uploads\/2024\/06\/logo-transparent-png.png\",\"contentUrl\":\"https:\/\/femmes-en-pause-consciente.fr\/wp-content\/uploads\/2024\/06\/logo-transparent-png.png\",\"width\":3943,\"height\":4000,\"caption\":\"Femmes En Pause Consciente\"},\"image\":{\"@id\":\"https:\/\/femmes-en-pause-consciente.fr\/#\/schema\/logo\/image\/\"}}]}<\/script>\n<!-- \/ Yoast SEO plugin. -->","yoast_head_json":{"title":"A Propos de Moi Ici et Ailleurs - Femmes En Pause Consciente","robots":{"index":"index","follow":"follow","max-snippet":"max-snippet:-1","max-image-preview":"max-image-preview:large","max-video-preview":"max-video-preview:-1"},"canonical":"https:\/\/femmes-en-pause-consciente.fr\/index.php\/a-propos-de-moi-ici-et-ailleurs\/","og_locale":"fr_FR","og_type":"article","og_title":"A Propos de Moi Ici et Ailleurs - Femmes En Pause Consciente","og_description":"Ma mission de th\u00e9rapeute au service de toutes les femmes Apr\u00e8s une longue carri\u00e8re dans l\u2019h\u00f4tellerie en France et \u00e0 l\u2019\u00e9tranger, je n\u2019ai eu de cesse de rechercher les aspects du bien-\u00eatre et du d\u00e9veloppement personnel. Un appel de l\u2019\u00e2me. C\u2019est en Suisse que tout a commenc\u00e9 : j\u2019avais un besoin vital de me reconnecter [&hellip;]","og_url":"https:\/\/femmes-en-pause-consciente.fr\/index.php\/a-propos-de-moi-ici-et-ailleurs\/","og_site_name":"Femmes En Pause Consciente","article_modified_time":"2025-05-26T09:59:09+00:00","og_image":[{"width":1000,"height":526,"url":"https:\/\/femmes-en-pause-consciente.fr\/wp-content\/uploads\/2024\/04\/photo-de-femme-en-pause-2.jpg","type":"image\/jpeg"}],"twitter_card":"summary_large_image","twitter_misc":{"Dur\u00e9e de lecture estim\u00e9e":"5 minutes"},"schema":{"@context":"https:\/\/schema.org","@graph":[{"@type":"WebPage","@id":"https:\/\/femmes-en-pause-consciente.fr\/index.php\/a-propos-de-moi-ici-et-ailleurs\/","url":"https:\/\/femmes-en-pause-consciente.fr\/index.php\/a-propos-de-moi-ici-et-ailleurs\/","name":"A Propos de Moi Ici et Ailleurs - Femmes En Pause Consciente","isPartOf":{"@id":"https:\/\/femmes-en-pause-consciente.fr\/#website"},"primaryImageOfPage":{"@id":"https:\/\/femmes-en-pause-consciente.fr\/index.php\/a-propos-de-moi-ici-et-ailleurs\/#primaryimage"},"image":{"@id":"https:\/\/femmes-en-pause-consciente.fr\/index.php\/a-propos-de-moi-ici-et-ailleurs\/#primaryimage"},"thumbnailUrl":"https:\/\/femmes-en-pause-consciente.fr\/wp-content\/uploads\/2024\/04\/photo-de-femme-en-pause-2.jpg","datePublished":"2024-04-09T14:41:12+00:00","dateModified":"2025-05-26T09:59:09+00:00","breadcrumb":{"@id":"https:\/\/femmes-en-pause-consciente.fr\/index.php\/a-propos-de-moi-ici-et-ailleurs\/#breadcrumb"},"inLanguage":"fr-FR","potentialAction":[{"@type":"ReadAction","target":["https:\/\/femmes-en-pause-consciente.fr\/index.php\/a-propos-de-moi-ici-et-ailleurs\/"]}]},{"@type":"ImageObject","inLanguage":"fr-FR","@id":"https:\/\/femmes-en-pause-consciente.fr\/index.php\/a-propos-de-moi-ici-et-ailleurs\/#primaryimage","url":"https:\/\/femmes-en-pause-consciente.fr\/wp-content\/uploads\/2024\/04\/photo-de-femme-en-pause-2.jpg","contentUrl":"https:\/\/femmes-en-pause-consciente.fr\/wp-content\/uploads\/2024\/04\/photo-de-femme-en-pause-2.jpg","width":1000,"height":526},{"@type":"BreadcrumbList","@id":"https:\/\/femmes-en-pause-consciente.fr\/index.php\/a-propos-de-moi-ici-et-ailleurs\/#breadcrumb","itemListElement":[{"@type":"ListItem","position":1,"name":"Accueil","item":"https:\/\/femmes-en-pause-consciente.fr\/"},{"@type":"ListItem","position":2,"name":"A Propos de Moi Ici et Ailleurs"}]},{"@type":"WebSite","@id":"https:\/\/femmes-en-pause-consciente.fr\/#website","url":"https:\/\/femmes-en-pause-consciente.fr\/","name":"Femmes En Pause Consciente","description":"Le Chemin du L\u00e2cher Prise","publisher":{"@id":"https:\/\/femmes-en-pause-consciente.fr\/#organization"},"potentialAction":[{"@type":"SearchAction","target":{"@type":"EntryPoint","urlTemplate":"https:\/\/femmes-en-pause-consciente.fr\/?s={search_term_string}"},"query-input":{"@type":"PropertyValueSpecification","valueRequired":true,"valueName":"search_term_string"}}],"inLanguage":"fr-FR"},{"@type":"Organization","@id":"https:\/\/femmes-en-pause-consciente.fr\/#organization","name":"Femmes En Pause Consciente","url":"https:\/\/femmes-en-pause-consciente.fr\/","logo":{"@type":"ImageObject","inLanguage":"fr-FR","@id":"https:\/\/femmes-en-pause-consciente.fr\/#\/schema\/logo\/image\/","url":"https:\/\/femmes-en-pause-consciente.fr\/wp-content\/uploads\/2024\/06\/logo-transparent-png.png","contentUrl":"https:\/\/femmes-en-pause-consciente.fr\/wp-content\/uploads\/2024\/06\/logo-transparent-png.png","width":3943,"height":4000,"caption":"Femmes En Pause Consciente"},"image":{"@id":"https:\/\/femmes-en-pause-consciente.fr\/#\/schema\/logo\/image\/"}}]}},"_links":{"self":[{"href":"https:\/\/femmes-en-pause-consciente.fr\/index.php\/wp-json\/wp\/v2\/pages\/11","targetHints":{"allow":["GET"]}}],"collection":[{"href":"https:\/\/femmes-en-pause-consciente.fr\/index.php\/wp-json\/wp\/v2\/pages"}],"about":[{"href":"https:\/\/femmes-en-pause-consciente.fr\/index.php\/wp-json\/wp\/v2\/types\/page"}],"author":[{"embeddable":true,"href":"https:\/\/femmes-en-pause-consciente.fr\/index.php\/wp-json\/wp\/v2\/users\/1"}],"replies":[{"embeddable":true,"href":"https:\/\/femmes-en-pause-consciente.fr\/index.php\/wp-json\/wp\/v2\/comments?post=11"}],"version-history":[{"count":32,"href":"https:\/\/femmes-en-pause-consciente.fr\/index.php\/wp-json\/wp\/v2\/pages\/11\/revisions"}],"predecessor-version":[{"id":910,"href":"https:\/\/femmes-en-pause-consciente.fr\/index.php\/wp-json\/wp\/v2\/pages\/11\/revisions\/910"}],"wp:featuredmedia":[{"embeddable":true,"href":"https:\/\/femmes-en-pause-consciente.fr\/index.php\/wp-json\/wp\/v2\/media\/218"}],"wp:attachment":[{"href":"https:\/\/femmes-en-pause-consciente.fr\/index.php\/wp-json\/wp\/v2\/media?parent=11"}],"curies":[{"name":"wp","href":"https:\/\/api.w.org\/{rel}","templated":true}]}}