{"id":113,"date":"2024-04-09T16:40:13","date_gmt":"2024-04-09T14:40:13","guid":{"rendered":"https:\/\/femmes-en-pause-consciente.fr\/?page_id=113"},"modified":"2024-11-21T16:13:11","modified_gmt":"2024-11-21T15:13:11","slug":"lart-du-toucher-en-conscience","status":"publish","type":"page","link":"https:\/\/femmes-en-pause-consciente.fr\/index.php\/lart-du-toucher-en-conscience\/","title":{"rendered":"L&rsquo;art du toucher en conscience"},"content":{"rendered":"\n<h2 class=\"wp-block-heading\">Le reiki Usui<\/h2>\n\n\n\n<h4 class=\"wp-block-heading\"><strong>Un toucher \u00e9nerg\u00e9tique, m\u00e9ditatif   et \u00e9motionnel.<\/strong><\/h4>\n\n\n\n<ul class=\"wp-block-list\">\n<li><em>Le reiki est une technique holistique japonaise consistant \u00e0 magnifier l&rsquo;\u00e9nergie vitale dans le corps par un toucher fixe et l\u00e9ger. il permet d&rsquo;aider les diff\u00e9rents syst\u00e8mes corporels \u00e0 manifester leur potentiel et retrouver un bien-\u00eatre.<\/em><\/li>\n<\/ul>\n\n\n\n<p>M\u00e9thode th\u00e9rapeutique naturelle originaire du Japon, mis au point par Mikao Usui Sensei (1865-1926) en 1922. Elle est fond\u00e9e sur la transmission de l&rsquo;\u00e9nergie universelle par apposition des mains. <\/p>\n\n\n\n<p><strong>REIKI<\/strong> : est compos\u00e9 de deux caract\u00e8res :<\/p>\n\n\n\n<p><strong>Rei : conscience <\/strong>; essence de la source existant en toute chose et en tout lieux<br><strong>Ki : \u00e9nergie<\/strong> vitale pr\u00e9sente en chacun de nous.<\/p>\n\n\n\n<p><strong>Le Reiki est la force de l\u2019esprit et l\u2019\u00e9nergie universelle de vie.<\/strong><\/p>\n\n\n\n<figure class=\"wp-block-image size-large is-resized\"><img loading=\"lazy\" decoding=\"async\" width=\"1014\" height=\"1024\" src=\"https:\/\/femmes-en-pause-consciente.fr\/wp-content\/uploads\/2024\/04\/logo-20-1014x1024.png\" alt=\"\" class=\"wp-image-438\" style=\"width:48px;height:auto\" srcset=\"https:\/\/femmes-en-pause-consciente.fr\/wp-content\/uploads\/2024\/04\/logo-20-1014x1024.png 1014w, https:\/\/femmes-en-pause-consciente.fr\/wp-content\/uploads\/2024\/04\/logo-20-297x300.png 297w, https:\/\/femmes-en-pause-consciente.fr\/wp-content\/uploads\/2024\/04\/logo-20-150x150.png 150w, https:\/\/femmes-en-pause-consciente.fr\/wp-content\/uploads\/2024\/04\/logo-20-768x776.png 768w, https:\/\/femmes-en-pause-consciente.fr\/wp-content\/uploads\/2024\/04\/logo-20.png 1267w\" sizes=\"auto, (max-width: 1014px) 100vw, 1014px\" \/><\/figure>\n\n\n\n<figure class=\"wp-block-image aligncenter size-full is-resized\"><img loading=\"lazy\" decoding=\"async\" width=\"380\" height=\"332\" src=\"https:\/\/femmes-en-pause-consciente.fr\/wp-content\/uploads\/2024\/05\/depositphotos_666118698-stock-photo-sending-you-beautiful-high-vibe.jpg\" alt=\"\" class=\"wp-image-644\" style=\"width:552px;height:auto\" srcset=\"https:\/\/femmes-en-pause-consciente.fr\/wp-content\/uploads\/2024\/05\/depositphotos_666118698-stock-photo-sending-you-beautiful-high-vibe.jpg 380w, https:\/\/femmes-en-pause-consciente.fr\/wp-content\/uploads\/2024\/05\/depositphotos_666118698-stock-photo-sending-you-beautiful-high-vibe-300x262.jpg 300w\" sizes=\"auto, (max-width: 380px) 100vw, 380px\" \/><\/figure>\n\n\n\n<h2 class=\"wp-block-heading\">Les Fondements du Reiki :<\/h2>\n\n\n\n<p><strong>Le Reiki est une m\u00e9thode holistique naturelle <\/strong>visant \u00e0 harmoniser le corps, l\u2019\u00e9nergie et l\u2019esprit et permettant de plonger la personne en relaxation profonde.<\/p>\n\n\n\n<div class=\"wp-block-cover alignfull is-light\" style=\"min-height:306px;aspect-ratio:unset;\"><span aria-hidden=\"true\" class=\"wp-block-cover__background has-custom-couleur-1-background-color has-background-dim-100 has-background-dim\"><\/span><div class=\"wp-block-cover__inner-container is-layout-constrained wp-block-cover-is-layout-constrained\">\n<ol class=\"wp-block-list\">\n<li><strong class=\"\">\u00c9quilibre et Harmonie :<\/strong> Le Reiki vise \u00e0 r\u00e9\u00e9quilibrer les centres \u00e9nerg\u00e9tiques du corps, ou chakras, favorisant ainsi un \u00e9tat d&rsquo;harmonie physique et psychique.<\/li>\n\n\n\n<li><strong class=\"\">Auto-gu\u00e9rison :<\/strong> Il stimule la capacit\u00e9 naturelle du corps \u00e0 se gu\u00e9rir, aidant \u00e0 soulager le stress, la douleur et les blocages \u00e9motionnels.<\/li>\n\n\n\n<li><strong class=\"\">D\u00e9veloppement spirituel :<\/strong> Le Reiki est \u00e9galement un chemin de croissance spirituelle, encourageant la m\u00e9ditation, l&rsquo;introspection et une connexion plus profonde avec soi-m\u00eame.<\/li>\n<\/ol>\n<\/div><\/div>\n\n\n\n<h2 class=\"wp-block-heading\">Les bienfaits<\/h2>\n\n\n\n<p><strong>Le Reiki<\/strong> offre une<strong> approche douce et non invasive pour promouvoir l\u2019harmonie physique, \u00e9motionnelle et spirituelle<\/strong>.  <\/p>\n\n\n\n<div class=\"wp-block-cover alignfull is-light\" style=\"min-height:295px;aspect-ratio:unset;\"><span aria-hidden=\"true\" class=\"wp-block-cover__background has-custom-couleur-1-background-color has-background-dim-100 has-background-dim\"><\/span><div class=\"wp-block-cover__inner-container is-layout-constrained wp-block-cover-is-layout-constrained\">\n<ul class=\"wp-block-list\">\n<li>Soulage les&nbsp;douleurs.&nbsp;<\/li>\n\n\n\n<li>Stimule les processus d&rsquo;autor\u00e9gulation et d&rsquo;auto-gu\u00e9rison&nbsp;de l&rsquo;organisme.&nbsp;<\/li>\n\n\n\n<li>Renforce les facult\u00e9s de&nbsp;r\u00e9cup\u00e9ration&nbsp;apr\u00e8s un traumatisme.&nbsp;<\/li>\n\n\n\n<li>Corrige les d\u00e9s\u00e9quilibres physiques et \u00e9motionnels en lib\u00e9rant les&nbsp;causes originelles&nbsp;des blocages \u00e9motionnels inscrits dans la&nbsp;m\u00e9moire cellulaire.&nbsp;<\/li>\n\n\n\n<li>\u00c9limine les toxines, purifie, fortifie les organes.&nbsp;<\/li>\n\n\n\n<li>Renforce le&nbsp;syst\u00e8me immunitaire.&nbsp;<\/li>\n\n\n\n<li>Optimise&nbsp;l&rsquo;efficacit\u00e9 d&rsquo;un traitement m\u00e9dical.&nbsp;<\/li>\n<\/ul>\n<\/div><\/div>\n\n\n\n<p><strong>Le Reiki dans le monde moderne<\/strong><\/p>\n\n\n\n<figure class=\"wp-block-image aligncenter size-full is-resized\"><img loading=\"lazy\" decoding=\"async\" width=\"149\" height=\"148\" src=\"https:\/\/femmes-en-pause-consciente.fr\/wp-content\/uploads\/2024\/04\/mains-et-don.jpg\" alt=\"\" class=\"wp-image-354\" style=\"width:283px;height:auto\"\/><\/figure>\n\n\n\n<p>Au fil des ans, le Reiki s\u2019est r\u00e9pandu dans le monde entier, int\u00e9gr\u00e9 dans divers environnements de soins de sant\u00e9, de centres de bien-\u00eatre et de programmes de d\u00e9veloppement personnel. <\/p>\n\n\n\n<p>Le reiki est pr\u00e9ventif et non curatif. Cette pratique ancienne s&rsquo;adresse \u00e0 tous, <strong>sans contre-indication,<\/strong> et n\u2019est rattach\u00e9e \u00e0 aucune religion. Le Reiki ne se substitue pas \u00e0 la m\u00e9decine conventionnelle mais est un excellent compl\u00e9ment.<\/p>\n\n\n\n<figure class=\"wp-block-image size-large is-resized\"><img loading=\"lazy\" decoding=\"async\" width=\"1014\" height=\"1024\" src=\"https:\/\/femmes-en-pause-consciente.fr\/wp-content\/uploads\/2024\/05\/logo-1-1014x1024.png\" alt=\"\" class=\"wp-image-640\" style=\"width:54px;height:auto\" srcset=\"https:\/\/femmes-en-pause-consciente.fr\/wp-content\/uploads\/2024\/05\/logo-1-1014x1024.png 1014w, https:\/\/femmes-en-pause-consciente.fr\/wp-content\/uploads\/2024\/05\/logo-1-297x300.png 297w, https:\/\/femmes-en-pause-consciente.fr\/wp-content\/uploads\/2024\/05\/logo-1-150x150.png 150w, https:\/\/femmes-en-pause-consciente.fr\/wp-content\/uploads\/2024\/05\/logo-1-768x776.png 768w, https:\/\/femmes-en-pause-consciente.fr\/wp-content\/uploads\/2024\/05\/logo-1.png 1267w\" sizes=\"auto, (max-width: 1014px) 100vw, 1014px\" \/><\/figure>\n\n\n\n<figure class=\"wp-block-image size-large\"><img loading=\"lazy\" decoding=\"async\" width=\"1024\" height=\"683\" src=\"https:\/\/femmes-en-pause-consciente.fr\/wp-content\/uploads\/2024\/05\/IMG_4841-1024x683.jpg\" alt=\"\" class=\"wp-image-639\" srcset=\"https:\/\/femmes-en-pause-consciente.fr\/wp-content\/uploads\/2024\/05\/IMG_4841-1024x683.jpg 1024w, https:\/\/femmes-en-pause-consciente.fr\/wp-content\/uploads\/2024\/05\/IMG_4841-300x200.jpg 300w, https:\/\/femmes-en-pause-consciente.fr\/wp-content\/uploads\/2024\/05\/IMG_4841-768x512.jpg 768w, https:\/\/femmes-en-pause-consciente.fr\/wp-content\/uploads\/2024\/05\/IMG_4841-1536x1024.jpg 1536w, https:\/\/femmes-en-pause-consciente.fr\/wp-content\/uploads\/2024\/05\/IMG_4841-2048x1365.jpg 2048w\" sizes=\"auto, (max-width: 1024px) 100vw, 1024px\" \/><\/figure>\n\n\n\n<h2 class=\"wp-block-heading\">Les chakras <\/h2>\n\n\n\n<p>Peut-\u00eatre le savez vous mais votre \u00eatre comporte <strong>7 principaux centres \u00e9nerg\u00e9tiques qui sont commun\u00e9ment appel\u00e9s les chakras<\/strong>. (roue qui tourne, spirale, convertisseur de fr\u00e9quences ou vortex) Pour que vous puissiez visualiser, ils partent de vos parties g\u00e9nitales et vont jusqu&rsquo;au sommet de votre t\u00eate en des points pr\u00e9cis.<br>Leur r\u00f4le est de <strong>recevoir et d&rsquo;\u00e9mettre une \u00e9nergie vibratoire rythm\u00e9e qui agit sur les organes<\/strong>. <br>Les chakras <strong>transportent les \u00e9motions, les pens\u00e9es, les humeurs, ils sont les v\u00e9hicules de la conscience et nous aident \u00e0 appr\u00e9hender le monde int\u00e9rieur et ext\u00e9rieur<\/strong>. En cas de blocage ou de dysharmonie, il y a arr\u00eat de la libre circulation de ce flux \u00e9nerg\u00e9tique et le corps, l&rsquo;esprit et l&rsquo;\u00e2me sont alors perturb\u00e9s. D&rsquo;o\u00f9 l&rsquo;importance d&rsquo;harmoniser l&rsquo;\u00e9quilibre entre eux gr\u00e2ce notamment avec le Reiki.<\/p>\n\n\n\n<p><\/p>\n\n\n\n<figure class=\"wp-block-image aligncenter size-full is-resized\"><img loading=\"lazy\" decoding=\"async\" width=\"911\" height=\"1023\" src=\"https:\/\/femmes-en-pause-consciente.fr\/wp-content\/uploads\/2024\/05\/depositphotos_45507603-stock-illustration-chakras-icons-rainbow-man.jpg\" alt=\"\" class=\"wp-image-642\" style=\"width:467px;height:auto\" srcset=\"https:\/\/femmes-en-pause-consciente.fr\/wp-content\/uploads\/2024\/05\/depositphotos_45507603-stock-illustration-chakras-icons-rainbow-man.jpg 911w, https:\/\/femmes-en-pause-consciente.fr\/wp-content\/uploads\/2024\/05\/depositphotos_45507603-stock-illustration-chakras-icons-rainbow-man-267x300.jpg 267w, https:\/\/femmes-en-pause-consciente.fr\/wp-content\/uploads\/2024\/05\/depositphotos_45507603-stock-illustration-chakras-icons-rainbow-man-768x862.jpg 768w\" sizes=\"auto, (max-width: 911px) 100vw, 911px\" \/><\/figure>\n\n\n\n<h4 class=\"wp-block-heading\">Le d\u00e9roulement de la s\u00e9ance <\/h4>\n\n\n\n<p>Une&nbsp;s\u00e9ance Reiki&nbsp;d\u00e9bute par un&nbsp;<strong>entretien<\/strong>&nbsp;pour \u00e9tablir&nbsp;<strong>le contexte<\/strong>&nbsp;de votre visite et de v<strong>os attentes<\/strong>&nbsp;face \u00e0 ce soin \u00e9nerg\u00e9tique.Si c\u2019est votre premi\u00e8re s\u00e9ance,&nbsp;<strong>sentez-vous libre de me questionner sur l\u2019\u00e9nergie Reiki<\/strong>, je vous r\u00e9ponds en toute transparence.<\/p>\n\n\n\n<p><br><strong>Puis tout en restant habill\u00e9e<\/strong>&nbsp;vous vous installez confortablement sur la table de soin , en ayant eu soin d\u2019\u00f4ter montre, ceinture, tout ce qui pourrait entraver la circulation de l\u2019\u00e9nergie ou vous faire sentir inconfortable. La s\u00e9ance se d\u00e9roule dans une ambiance cocooning&nbsp;avec une musique douce et relaxante.<\/p>\n\n\n\n<p><strong>C\u2019est un moment pour vous<\/strong> ! J&rsquo;appose mes mains sur diff\u00e9rentes parties de votre corps, en partant de la t\u00eate, puis le buste, jusqu\u2019aux pieds avec un<strong>&nbsp;toucher toujours respectueux et d\u00e9licat <\/strong> ou, je peux aussi placer les mains l\u00e9g\u00e8rement au-dessus&nbsp;de votre corps, selon votre souhait&nbsp;\u00e0 d\u00e9finir en d\u00e9but de s\u00e9ance.<\/p>\n\n\n\n<p>Inutile de vous concentrer&nbsp;ou de&nbsp;tenter&nbsp;des&nbsp;mouvements respiratoires profonds,il suffit de&nbsp;<strong>respirer normalement<\/strong>, de vous relaxer et d\u2019<strong>accueillir l\u2019\u00e9nergie<\/strong>&nbsp;mise \u00e0 votre disposition.Si vous en avez envie : profitez-en pour&nbsp;r\u00e9citer des&nbsp;<strong>affirmations positives<\/strong>&nbsp;ou&nbsp;<strong>visualiser des moments agr\u00e9ables.<\/strong><\/p>\n\n\n\n<p>A la fin de la s\u00e9ance, je serai \u00e0 votre disposition si vous souhaitez communiquer sur votre ressenti autour d&rsquo;une boisson chaude ou froide.<\/p>\n\n\n\n<p>Une s\u00e9ance compl\u00e8te dure environ une heure trente<strong> <\/strong>comprenant les entretiens de d\u00e9but et de fin. <strong>Une s\u00e9ance&nbsp; Reiki est un moment extr\u00eamement agr\u00e9able,<\/strong>au fil des minutes le receveur se d\u00e9tend et se trouve dans un \u00e9tat de relaxation profonde . <\/p>\n\n\n\n<p><strong><em>Apr\u00e8s une s\u00e9ance, l\u2019\u00e9nergie continue son travail, <\/em><\/strong><em>les effets et la sensation de bien-\u00eatre se poursuivent pendant quelque temps.<\/em> <strong>Recommandation<\/strong> : vous hydratez davantage pour faciliter le flux d&rsquo;\u00e9nergie et lib\u00e9rer les toxines du corps. <\/p>\n\n\n\n<div class=\"wp-block-cover alignfull is-light\" style=\"min-height:168px;aspect-ratio:unset;\"><span aria-hidden=\"true\" class=\"wp-block-cover__background has-custom-couleur-1-background-color has-background-dim-100 has-background-dim\"><\/span><div class=\"wp-block-cover__inner-container is-layout-constrained wp-block-cover-is-layout-constrained\">\n<h4 class=\"wp-block-heading has-text-align-center\">TARIF<\/h4>\n\n\n\n<p class=\"has-text-align-center\"><strong>Reiki Usui ( s\u00e9ance 1h30) \u00e0                                55\u20ac<\/strong><\/p>\n<\/div><\/div>\n\n\n\n<figure class=\"wp-block-image size-large is-resized\"><img loading=\"lazy\" decoding=\"async\" width=\"1014\" height=\"1024\" src=\"https:\/\/femmes-en-pause-consciente.fr\/wp-content\/uploads\/2024\/05\/logo-2-1014x1024.png\" alt=\"\" class=\"wp-image-641\" style=\"width:55px;height:auto\" srcset=\"https:\/\/femmes-en-pause-consciente.fr\/wp-content\/uploads\/2024\/05\/logo-2-1014x1024.png 1014w, https:\/\/femmes-en-pause-consciente.fr\/wp-content\/uploads\/2024\/05\/logo-2-297x300.png 297w, https:\/\/femmes-en-pause-consciente.fr\/wp-content\/uploads\/2024\/05\/logo-2-150x150.png 150w, https:\/\/femmes-en-pause-consciente.fr\/wp-content\/uploads\/2024\/05\/logo-2-768x776.png 768w, https:\/\/femmes-en-pause-consciente.fr\/wp-content\/uploads\/2024\/05\/logo-2.png 1267w\" sizes=\"auto, (max-width: 1014px) 100vw, 1014px\" \/><\/figure>\n\n\n\n<div class=\"wp-block-buttons is-layout-flex wp-block-buttons-is-layout-flex\">\n<div class=\"wp-block-button\"><a class=\"wp-block-button__link wp-element-button\" href=\"https:\/\/femmes-en-pause-consciente.fr\/index.php\/me-contacter\/\">me contacter<\/a><\/div>\n<\/div>\n\n\n\n<div class=\"wp-block-buttons is-layout-flex wp-block-buttons-is-layout-flex\">\n<div class=\"wp-block-button\"><a class=\"wp-block-button__link wp-element-button\" href=\"https:\/\/femmes-en-pause-consciente.fr\/index.php\/mon-accompagnement-et-mes-tarifs\/\">mon accompagnement + tarif<\/a><\/div>\n<\/div>\n\n\n\n<p><\/p>\n\n\n\n<figure class=\"wp-block-image size-full\"><img loading=\"lazy\" decoding=\"async\" width=\"730\" height=\"300\" src=\"https:\/\/femmes-en-pause-consciente.fr\/wp-content\/uploads\/2024\/06\/echelle-de-bovis.jpg\" alt=\"\" class=\"wp-image-729\" srcset=\"https:\/\/femmes-en-pause-consciente.fr\/wp-content\/uploads\/2024\/06\/echelle-de-bovis.jpg 730w, https:\/\/femmes-en-pause-consciente.fr\/wp-content\/uploads\/2024\/06\/echelle-de-bovis-300x123.jpg 300w\" sizes=\"auto, (max-width: 730px) 100vw, 730px\" \/><\/figure>\n\n\n\n<p>\u00ab\u00a0Le reiki permet de vous revitaliser tout en douceur.\u00a0\u00bb<\/p>\n","protected":false},"excerpt":{"rendered":"<p>Le reiki Usui Un toucher \u00e9nerg\u00e9tique, m\u00e9ditatif et \u00e9motionnel. M\u00e9thode th\u00e9rapeutique naturelle originaire du Japon, mis au point par Mikao Usui Sensei (1865-1926) en 1922. Elle est fond\u00e9e sur la transmission de l&rsquo;\u00e9nergie universelle par apposition des mains. REIKI : est compos\u00e9 de deux caract\u00e8res : Rei : conscience ; essence de la source existant [&hellip;]<\/p>\n","protected":false},"author":1,"featured_media":212,"parent":0,"menu_order":0,"comment_status":"closed","ping_status":"closed","template":"","meta":{"footnotes":""},"class_list":["post-113","page","type-page","status-publish","has-post-thumbnail","hentry"],"yoast_head":"<!-- This site is optimized with the Yoast SEO plugin v24.8.1 - https:\/\/yoast.com\/wordpress\/plugins\/seo\/ -->\n<title>L&#039;art du toucher en conscience - Femmes En Pause Consciente<\/title>\n<meta name=\"robots\" content=\"index, follow, max-snippet:-1, max-image-preview:large, max-video-preview:-1\" \/>\n<link rel=\"canonical\" href=\"https:\/\/femmes-en-pause-consciente.fr\/index.php\/lart-du-toucher-en-conscience\/\" \/>\n<meta property=\"og:locale\" content=\"fr_FR\" \/>\n<meta property=\"og:type\" content=\"article\" \/>\n<meta property=\"og:title\" content=\"L&#039;art du toucher en conscience - Femmes En Pause Consciente\" \/>\n<meta property=\"og:description\" content=\"Le reiki Usui Un toucher \u00e9nerg\u00e9tique, m\u00e9ditatif et \u00e9motionnel. M\u00e9thode th\u00e9rapeutique naturelle originaire du Japon, mis au point par Mikao Usui Sensei (1865-1926) en 1922. Elle est fond\u00e9e sur la transmission de l&rsquo;\u00e9nergie universelle par apposition des mains. REIKI : est compos\u00e9 de deux caract\u00e8res : Rei : conscience ; essence de la source existant [&hellip;]\" \/>\n<meta property=\"og:url\" content=\"https:\/\/femmes-en-pause-consciente.fr\/index.php\/lart-du-toucher-en-conscience\/\" \/>\n<meta property=\"og:site_name\" content=\"Femmes En Pause Consciente\" \/>\n<meta property=\"article:modified_time\" content=\"2024-11-21T15:13:11+00:00\" \/>\n<meta property=\"og:image\" content=\"https:\/\/femmes-en-pause-consciente.fr\/wp-content\/uploads\/2024\/03\/en-tete-2-scaled.jpg\" \/>\n\t<meta property=\"og:image:width\" content=\"2560\" \/>\n\t<meta property=\"og:image:height\" content=\"935\" \/>\n\t<meta property=\"og:image:type\" content=\"image\/jpeg\" \/>\n<meta name=\"twitter:card\" content=\"summary_large_image\" \/>\n<meta name=\"twitter:label1\" content=\"Dur\u00e9e de lecture estim\u00e9e\" \/>\n\t<meta name=\"twitter:data1\" content=\"5 minutes\" \/>\n<script type=\"application\/ld+json\" class=\"yoast-schema-graph\">{\"@context\":\"https:\/\/schema.org\",\"@graph\":[{\"@type\":\"WebPage\",\"@id\":\"https:\/\/femmes-en-pause-consciente.fr\/index.php\/lart-du-toucher-en-conscience\/\",\"url\":\"https:\/\/femmes-en-pause-consciente.fr\/index.php\/lart-du-toucher-en-conscience\/\",\"name\":\"L'art du toucher en conscience - Femmes En Pause Consciente\",\"isPartOf\":{\"@id\":\"https:\/\/femmes-en-pause-consciente.fr\/#website\"},\"primaryImageOfPage\":{\"@id\":\"https:\/\/femmes-en-pause-consciente.fr\/index.php\/lart-du-toucher-en-conscience\/#primaryimage\"},\"image\":{\"@id\":\"https:\/\/femmes-en-pause-consciente.fr\/index.php\/lart-du-toucher-en-conscience\/#primaryimage\"},\"thumbnailUrl\":\"https:\/\/femmes-en-pause-consciente.fr\/wp-content\/uploads\/2024\/03\/en-tete-2-scaled.jpg\",\"datePublished\":\"2024-04-09T14:40:13+00:00\",\"dateModified\":\"2024-11-21T15:13:11+00:00\",\"breadcrumb\":{\"@id\":\"https:\/\/femmes-en-pause-consciente.fr\/index.php\/lart-du-toucher-en-conscience\/#breadcrumb\"},\"inLanguage\":\"fr-FR\",\"potentialAction\":[{\"@type\":\"ReadAction\",\"target\":[\"https:\/\/femmes-en-pause-consciente.fr\/index.php\/lart-du-toucher-en-conscience\/\"]}]},{\"@type\":\"ImageObject\",\"inLanguage\":\"fr-FR\",\"@id\":\"https:\/\/femmes-en-pause-consciente.fr\/index.php\/lart-du-toucher-en-conscience\/#primaryimage\",\"url\":\"https:\/\/femmes-en-pause-consciente.fr\/wp-content\/uploads\/2024\/03\/en-tete-2-scaled.jpg\",\"contentUrl\":\"https:\/\/femmes-en-pause-consciente.fr\/wp-content\/uploads\/2024\/03\/en-tete-2-scaled.jpg\",\"width\":2560,\"height\":935},{\"@type\":\"BreadcrumbList\",\"@id\":\"https:\/\/femmes-en-pause-consciente.fr\/index.php\/lart-du-toucher-en-conscience\/#breadcrumb\",\"itemListElement\":[{\"@type\":\"ListItem\",\"position\":1,\"name\":\"Accueil\",\"item\":\"https:\/\/femmes-en-pause-consciente.fr\/\"},{\"@type\":\"ListItem\",\"position\":2,\"name\":\"L&rsquo;art du toucher en conscience\"}]},{\"@type\":\"WebSite\",\"@id\":\"https:\/\/femmes-en-pause-consciente.fr\/#website\",\"url\":\"https:\/\/femmes-en-pause-consciente.fr\/\",\"name\":\"Femmes En Pause Consciente\",\"description\":\"Le Chemin du L\u00e2cher Prise\",\"publisher\":{\"@id\":\"https:\/\/femmes-en-pause-consciente.fr\/#organization\"},\"potentialAction\":[{\"@type\":\"SearchAction\",\"target\":{\"@type\":\"EntryPoint\",\"urlTemplate\":\"https:\/\/femmes-en-pause-consciente.fr\/?s={search_term_string}\"},\"query-input\":{\"@type\":\"PropertyValueSpecification\",\"valueRequired\":true,\"valueName\":\"search_term_string\"}}],\"inLanguage\":\"fr-FR\"},{\"@type\":\"Organization\",\"@id\":\"https:\/\/femmes-en-pause-consciente.fr\/#organization\",\"name\":\"Femmes En Pause Consciente\",\"url\":\"https:\/\/femmes-en-pause-consciente.fr\/\",\"logo\":{\"@type\":\"ImageObject\",\"inLanguage\":\"fr-FR\",\"@id\":\"https:\/\/femmes-en-pause-consciente.fr\/#\/schema\/logo\/image\/\",\"url\":\"https:\/\/femmes-en-pause-consciente.fr\/wp-content\/uploads\/2024\/06\/logo-transparent-png.png\",\"contentUrl\":\"https:\/\/femmes-en-pause-consciente.fr\/wp-content\/uploads\/2024\/06\/logo-transparent-png.png\",\"width\":3943,\"height\":4000,\"caption\":\"Femmes En Pause Consciente\"},\"image\":{\"@id\":\"https:\/\/femmes-en-pause-consciente.fr\/#\/schema\/logo\/image\/\"}}]}<\/script>\n<!-- \/ Yoast SEO plugin. -->","yoast_head_json":{"title":"L'art du toucher en conscience - Femmes En Pause Consciente","robots":{"index":"index","follow":"follow","max-snippet":"max-snippet:-1","max-image-preview":"max-image-preview:large","max-video-preview":"max-video-preview:-1"},"canonical":"https:\/\/femmes-en-pause-consciente.fr\/index.php\/lart-du-toucher-en-conscience\/","og_locale":"fr_FR","og_type":"article","og_title":"L'art du toucher en conscience - Femmes En Pause Consciente","og_description":"Le reiki Usui Un toucher \u00e9nerg\u00e9tique, m\u00e9ditatif et \u00e9motionnel. M\u00e9thode th\u00e9rapeutique naturelle originaire du Japon, mis au point par Mikao Usui Sensei (1865-1926) en 1922. Elle est fond\u00e9e sur la transmission de l&rsquo;\u00e9nergie universelle par apposition des mains. REIKI : est compos\u00e9 de deux caract\u00e8res : Rei : conscience ; essence de la source existant [&hellip;]","og_url":"https:\/\/femmes-en-pause-consciente.fr\/index.php\/lart-du-toucher-en-conscience\/","og_site_name":"Femmes En Pause Consciente","article_modified_time":"2024-11-21T15:13:11+00:00","og_image":[{"width":2560,"height":935,"url":"https:\/\/femmes-en-pause-consciente.fr\/wp-content\/uploads\/2024\/03\/en-tete-2-scaled.jpg","type":"image\/jpeg"}],"twitter_card":"summary_large_image","twitter_misc":{"Dur\u00e9e de lecture estim\u00e9e":"5 minutes"},"schema":{"@context":"https:\/\/schema.org","@graph":[{"@type":"WebPage","@id":"https:\/\/femmes-en-pause-consciente.fr\/index.php\/lart-du-toucher-en-conscience\/","url":"https:\/\/femmes-en-pause-consciente.fr\/index.php\/lart-du-toucher-en-conscience\/","name":"L'art du toucher en conscience - Femmes En Pause Consciente","isPartOf":{"@id":"https:\/\/femmes-en-pause-consciente.fr\/#website"},"primaryImageOfPage":{"@id":"https:\/\/femmes-en-pause-consciente.fr\/index.php\/lart-du-toucher-en-conscience\/#primaryimage"},"image":{"@id":"https:\/\/femmes-en-pause-consciente.fr\/index.php\/lart-du-toucher-en-conscience\/#primaryimage"},"thumbnailUrl":"https:\/\/femmes-en-pause-consciente.fr\/wp-content\/uploads\/2024\/03\/en-tete-2-scaled.jpg","datePublished":"2024-04-09T14:40:13+00:00","dateModified":"2024-11-21T15:13:11+00:00","breadcrumb":{"@id":"https:\/\/femmes-en-pause-consciente.fr\/index.php\/lart-du-toucher-en-conscience\/#breadcrumb"},"inLanguage":"fr-FR","potentialAction":[{"@type":"ReadAction","target":["https:\/\/femmes-en-pause-consciente.fr\/index.php\/lart-du-toucher-en-conscience\/"]}]},{"@type":"ImageObject","inLanguage":"fr-FR","@id":"https:\/\/femmes-en-pause-consciente.fr\/index.php\/lart-du-toucher-en-conscience\/#primaryimage","url":"https:\/\/femmes-en-pause-consciente.fr\/wp-content\/uploads\/2024\/03\/en-tete-2-scaled.jpg","contentUrl":"https:\/\/femmes-en-pause-consciente.fr\/wp-content\/uploads\/2024\/03\/en-tete-2-scaled.jpg","width":2560,"height":935},{"@type":"BreadcrumbList","@id":"https:\/\/femmes-en-pause-consciente.fr\/index.php\/lart-du-toucher-en-conscience\/#breadcrumb","itemListElement":[{"@type":"ListItem","position":1,"name":"Accueil","item":"https:\/\/femmes-en-pause-consciente.fr\/"},{"@type":"ListItem","position":2,"name":"L&rsquo;art du toucher en conscience"}]},{"@type":"WebSite","@id":"https:\/\/femmes-en-pause-consciente.fr\/#website","url":"https:\/\/femmes-en-pause-consciente.fr\/","name":"Femmes En Pause Consciente","description":"Le Chemin du L\u00e2cher Prise","publisher":{"@id":"https:\/\/femmes-en-pause-consciente.fr\/#organization"},"potentialAction":[{"@type":"SearchAction","target":{"@type":"EntryPoint","urlTemplate":"https:\/\/femmes-en-pause-consciente.fr\/?s={search_term_string}"},"query-input":{"@type":"PropertyValueSpecification","valueRequired":true,"valueName":"search_term_string"}}],"inLanguage":"fr-FR"},{"@type":"Organization","@id":"https:\/\/femmes-en-pause-consciente.fr\/#organization","name":"Femmes En Pause Consciente","url":"https:\/\/femmes-en-pause-consciente.fr\/","logo":{"@type":"ImageObject","inLanguage":"fr-FR","@id":"https:\/\/femmes-en-pause-consciente.fr\/#\/schema\/logo\/image\/","url":"https:\/\/femmes-en-pause-consciente.fr\/wp-content\/uploads\/2024\/06\/logo-transparent-png.png","contentUrl":"https:\/\/femmes-en-pause-consciente.fr\/wp-content\/uploads\/2024\/06\/logo-transparent-png.png","width":3943,"height":4000,"caption":"Femmes En Pause Consciente"},"image":{"@id":"https:\/\/femmes-en-pause-consciente.fr\/#\/schema\/logo\/image\/"}}]}},"_links":{"self":[{"href":"https:\/\/femmes-en-pause-consciente.fr\/index.php\/wp-json\/wp\/v2\/pages\/113","targetHints":{"allow":["GET"]}}],"collection":[{"href":"https:\/\/femmes-en-pause-consciente.fr\/index.php\/wp-json\/wp\/v2\/pages"}],"about":[{"href":"https:\/\/femmes-en-pause-consciente.fr\/index.php\/wp-json\/wp\/v2\/types\/page"}],"author":[{"embeddable":true,"href":"https:\/\/femmes-en-pause-consciente.fr\/index.php\/wp-json\/wp\/v2\/users\/1"}],"replies":[{"embeddable":true,"href":"https:\/\/femmes-en-pause-consciente.fr\/index.php\/wp-json\/wp\/v2\/comments?post=113"}],"version-history":[{"count":24,"href":"https:\/\/femmes-en-pause-consciente.fr\/index.php\/wp-json\/wp\/v2\/pages\/113\/revisions"}],"predecessor-version":[{"id":882,"href":"https:\/\/femmes-en-pause-consciente.fr\/index.php\/wp-json\/wp\/v2\/pages\/113\/revisions\/882"}],"wp:featuredmedia":[{"embeddable":true,"href":"https:\/\/femmes-en-pause-consciente.fr\/index.php\/wp-json\/wp\/v2\/media\/212"}],"wp:attachment":[{"href":"https:\/\/femmes-en-pause-consciente.fr\/index.php\/wp-json\/wp\/v2\/media?parent=113"}],"curies":[{"name":"wp","href":"https:\/\/api.w.org\/{rel}","templated":true}]}}