{"id":117,"date":"2024-06-27T10:05:23","date_gmt":"2024-06-27T08:05:23","guid":{"rendered":"https:\/\/femmes-en-pause-consciente.fr\/?page_id=117"},"modified":"2024-11-21T16:13:51","modified_gmt":"2024-11-21T15:13:51","slug":"la-toilette-energetique","status":"publish","type":"page","link":"https:\/\/femmes-en-pause-consciente.fr\/index.php\/la-toilette-energetique\/","title":{"rendered":"La toilette \u00e9nerg\u00e9tique"},"content":{"rendered":"\n<h2 class=\"wp-block-heading\">Le DO-IN : auto-massage<\/h2>\n\n\n\n<p>&nbsp;<\/p>\n\n\n\n<ul class=\"wp-block-list\">\n<li><em>Le DO-IN est un massage que l\u2019on effectue sur soi-m\u00eame et qui permet d\u2019harmoniser toutes les fonctions du corps, de les r\u00e9veiller et de les r\u00e9g\u00e9n\u00e9rer \u00e0 tout \u00e2ge.<\/em><\/li>\n<\/ul>\n\n\n\n<p>Le Do-In est <strong>l\u2019art de vivre en harmonie avec soi-m\u00eame.<\/strong><\/p>\n\n\n\n<p>Le terme \u00ab&nbsp;Do In&nbsp;\u00bb provient du japonais \u00ab&nbsp;do&nbsp;\u00bb signifiant \u00ab&nbsp;la voie&nbsp;\u00bb et \u00ab&nbsp;In&nbsp;\u00bb qui veut dire \u00ab&nbsp;\u00e9nergie&nbsp;\u00bb.<\/p>\n\n\n\n<p>Le Do-In d\u00e9signe donc <strong>la voie de l\u2019\u00e9nergie<\/strong>. Cette technique d\u00e9riv\u00e9e du Shiatzu est bas\u00e9e sur les principes th\u00e9oriques de la M\u00e9decine Traditionnelle Chinoise&nbsp;:&nbsp; tout dysfonctionnement de l\u2019organisme est d\u00fb \u00e0 une carence ou \u00e0 une mauvaise circulation de l\u2019\u00e9nergie vitale, \u00ab&nbsp;le qi&nbsp;\u00bb.<\/p>\n\n\n\n<div class=\"wp-block-cover alignfull is-light\"><span aria-hidden=\"true\" class=\"wp-block-cover__background has-custom-couleur-1-background-color has-background-dim-100 has-background-dim\"><\/span><div class=\"wp-block-cover__inner-container is-layout-constrained wp-block-cover-is-layout-constrained\">\n<p>Les pressions de l\u2019auto massage se font sur des points d\u2019acupuncture le long du trajet des 12 m\u00e9ridiens. <strong>Les m\u00e9ridiens sont des circuits, des canaux du corps humain, interconnect\u00e9s, par lesquels circule le qi (<\/strong><strong>\u6c23<\/strong><strong> en chinois), l&rsquo;\u00e9nergie vitale du corps<\/strong>. Chaque m\u00e9ridien correspond \u00e0 un organe, lorsqu\u2019un organe ne fonctionne plus bien, l\u2019auto-massage permet de r\u00e9tablir son fonctionnement normal gr\u00e2ce \u00e0 l\u2019harmonisation de l\u2019\u00e9nergie vitale. Le&nbsp;<strong>Do-in<\/strong>&nbsp;peut-\u00eatre l\u00e9ger en cas de douleurs (somnolence ou fatigue), plus appuy\u00e9 en cas d\u2019excitation (stress).<\/p>\n\n\n\n<p>La pratique du Do-In est \u00e9galement constitu\u00e9e d\u2019exercices de m\u00e9ditation, de postures, des exercices de mouvement et d\u2019\u00e9tirement. Par le mouvement, la circulation de l\u2019\u00e9nergie s\u2019am\u00e9liore, la conscience de la respiration s\u2019\u00e9tablit, donnant au corps une expression plus fluide.<\/p>\n<\/div><\/div>\n\n\n\n<p><em><strong>Bienfaits<\/strong><\/em>&nbsp;: &nbsp;Cette pratique favorise d\u00e9tente et relaxation, permettant d\u2019\u00e9vacuer naturellement le stress, la fatigue, les tensions ainsi qu\u2019un renouvellement quotidien de notre potentiel \u00e9nerg\u00e9tique.<\/p>\n\n\n\n<p><\/p>\n\n\n\n<p>LE FLUX D \u00c9NERGIE CIRCULE LIBREMENT DANS LE TISSU CELLULAIRE<\/p>\n\n\n\n<figure class=\"wp-block-image size-large is-resized\"><img loading=\"lazy\" decoding=\"async\" width=\"1024\" height=\"682\" src=\"https:\/\/femmes-en-pause-consciente.fr\/wp-content\/uploads\/2024\/04\/feuille-automne-orange-transparente-vibrante-1024x682.jpg\" alt=\"\" class=\"wp-image-353\" style=\"width:649px;height:auto\" srcset=\"https:\/\/femmes-en-pause-consciente.fr\/wp-content\/uploads\/2024\/04\/feuille-automne-orange-transparente-vibrante-1024x682.jpg 1024w, https:\/\/femmes-en-pause-consciente.fr\/wp-content\/uploads\/2024\/04\/feuille-automne-orange-transparente-vibrante-300x200.jpg 300w, https:\/\/femmes-en-pause-consciente.fr\/wp-content\/uploads\/2024\/04\/feuille-automne-orange-transparente-vibrante-768x512.jpg 768w, https:\/\/femmes-en-pause-consciente.fr\/wp-content\/uploads\/2024\/04\/feuille-automne-orange-transparente-vibrante-1536x1024.jpg 1536w, https:\/\/femmes-en-pause-consciente.fr\/wp-content\/uploads\/2024\/04\/feuille-automne-orange-transparente-vibrante.jpg 2000w\" sizes=\"auto, (max-width: 1024px) 100vw, 1024px\" \/><figcaption class=\"wp-element-caption\">le flux du qi circule librement.<\/figcaption><\/figure>\n\n\n\n<figure class=\"wp-block-image size-large is-resized\"><img loading=\"lazy\" decoding=\"async\" width=\"1014\" height=\"1024\" src=\"https:\/\/femmes-en-pause-consciente.fr\/wp-content\/uploads\/2024\/04\/logo-15-1014x1024.png\" alt=\"\" class=\"wp-image-432\" style=\"width:51px;height:auto\" srcset=\"https:\/\/femmes-en-pause-consciente.fr\/wp-content\/uploads\/2024\/04\/logo-15-1014x1024.png 1014w, https:\/\/femmes-en-pause-consciente.fr\/wp-content\/uploads\/2024\/04\/logo-15-297x300.png 297w, https:\/\/femmes-en-pause-consciente.fr\/wp-content\/uploads\/2024\/04\/logo-15-150x150.png 150w, https:\/\/femmes-en-pause-consciente.fr\/wp-content\/uploads\/2024\/04\/logo-15-768x776.png 768w, https:\/\/femmes-en-pause-consciente.fr\/wp-content\/uploads\/2024\/04\/logo-15.png 1267w\" sizes=\"auto, (max-width: 1014px) 100vw, 1014px\" \/><\/figure>\n\n\n\n<h4 class=\"wp-block-heading\">Le d\u00e9roulement de la s\u00e9ance<\/h4>\n\n\n\n<p>Pour la pratique du&nbsp;<strong>Do-in<\/strong>, il serait pr\u00e9f\u00e9rable de venir habill\u00e9e de v\u00eatements souples et confortables en mati\u00e8res naturelles, vous aurez \u00e0 votre disposition un tapis moelleux et un coussin ou bien une chaise si besoin.<\/p>\n\n\n\n<p>Nous commencerons par un temps d\u2019ancrage avec la visualisation, puis un temps d\u2019\u00e9tirement et d\u2019\u00e9chauffement, ensuite vivre un temps de soin sur soi et pour finir un temps de m\u00e9ditation en pause consciente. Vous aurez l\u2019opportunit\u00e9 de profiter d\u2019un temps de silence pour l\u2019int\u00e9gration de tous vos ressentis.<\/p>\n\n\n\n<p>Apr\u00e8s quelques s\u00e9ances, vous adopterez avec joie, chez vous la pratique du&nbsp;Do-in&nbsp;matinale qui est excellente pour r\u00e9veiller votre corps et vitaliser votre mental afin d&rsquo;\u00eatre pr\u00eate  vivre avec les \u00e9v\u00e9nements de la journ\u00e9e. Elle vous permettra de vous renouvelez chaque jour vers le chemin de l\u2019auto-gu\u00e9rison.<\/p>\n\n\n\n<p>A la fin de la s\u00e9ance, une boisson chaude ou froide vous sera offerte.<\/p>\n\n\n\n<figure class=\"wp-block-image size-large is-resized\"><img loading=\"lazy\" decoding=\"async\" width=\"1014\" height=\"1024\" src=\"https:\/\/femmes-en-pause-consciente.fr\/wp-content\/uploads\/2024\/04\/logo-16-1014x1024.png\" alt=\"\" class=\"wp-image-433\" style=\"width:51px;height:auto\" srcset=\"https:\/\/femmes-en-pause-consciente.fr\/wp-content\/uploads\/2024\/04\/logo-16-1014x1024.png 1014w, https:\/\/femmes-en-pause-consciente.fr\/wp-content\/uploads\/2024\/04\/logo-16-297x300.png 297w, https:\/\/femmes-en-pause-consciente.fr\/wp-content\/uploads\/2024\/04\/logo-16-150x150.png 150w, https:\/\/femmes-en-pause-consciente.fr\/wp-content\/uploads\/2024\/04\/logo-16-768x776.png 768w, https:\/\/femmes-en-pause-consciente.fr\/wp-content\/uploads\/2024\/04\/logo-16.png 1267w\" sizes=\"auto, (max-width: 1014px) 100vw, 1014px\" \/><\/figure>\n\n\n\n<div class=\"wp-block-cover alignfull is-light\" style=\"min-height:166px;aspect-ratio:unset;\"><span aria-hidden=\"true\" class=\"wp-block-cover__background has-custom-couleur-1-background-color has-background-dim-100 has-background-dim\"><\/span><div class=\"wp-block-cover__inner-container is-layout-constrained wp-block-cover-is-layout-constrained\">\n<h4 class=\"wp-block-heading has-text-align-center\">TARIF<\/h4>\n\n\n\n<p class=\"has-text-align-center\">Do-In (auto-massage) ( s\u00e9ance 1h30) \u00e0 <strong>33\u20ac<\/strong><\/p>\n<\/div><\/div>\n\n\n\n<p><strong>Cette technique ne se substitue en aucun cas \u00e0 un avis m\u00e9dical ou \u00e0 un traitement en cours.<\/strong><\/p>\n\n\n\n<p>lien: r\u00e9server une s\u00e9ance<\/p>\n\n\n\n<p>lien : mon offre globale + tarifs<\/p>\n\n\n\n<p><\/p>\n\n\n\n<figure class=\"wp-block-image size-large\"><img loading=\"lazy\" decoding=\"async\" width=\"1024\" height=\"683\" src=\"https:\/\/femmes-en-pause-consciente.fr\/wp-content\/uploads\/2024\/04\/IMG_4823-1024x683.jpg\" alt=\"\" class=\"wp-image-361\" srcset=\"https:\/\/femmes-en-pause-consciente.fr\/wp-content\/uploads\/2024\/04\/IMG_4823-1024x683.jpg 1024w, https:\/\/femmes-en-pause-consciente.fr\/wp-content\/uploads\/2024\/04\/IMG_4823-300x200.jpg 300w, https:\/\/femmes-en-pause-consciente.fr\/wp-content\/uploads\/2024\/04\/IMG_4823-768x512.jpg 768w, https:\/\/femmes-en-pause-consciente.fr\/wp-content\/uploads\/2024\/04\/IMG_4823-1536x1024.jpg 1536w, https:\/\/femmes-en-pause-consciente.fr\/wp-content\/uploads\/2024\/04\/IMG_4823-2048x1365.jpg 2048w\" sizes=\"auto, (max-width: 1024px) 100vw, 1024px\" \/><\/figure>\n\n\n\n<p>\u00ab\u00a0Quelle chance de pouvoir auto \u00e9quilibrer ou harmoniser l&rsquo;\u00e9nergie dans son propre corps !\u00a0\u00bb<\/p>\n\n\n\n<p><\/p>\n\n\n\n<figure class=\"wp-block-image size-large is-resized\"><img loading=\"lazy\" decoding=\"async\" width=\"1014\" height=\"1024\" src=\"https:\/\/femmes-en-pause-consciente.fr\/wp-content\/uploads\/2024\/04\/logo-17-1014x1024.png\" alt=\"\" class=\"wp-image-434\" style=\"width:56px;height:auto\" srcset=\"https:\/\/femmes-en-pause-consciente.fr\/wp-content\/uploads\/2024\/04\/logo-17-1014x1024.png 1014w, https:\/\/femmes-en-pause-consciente.fr\/wp-content\/uploads\/2024\/04\/logo-17-297x300.png 297w, https:\/\/femmes-en-pause-consciente.fr\/wp-content\/uploads\/2024\/04\/logo-17-150x150.png 150w, https:\/\/femmes-en-pause-consciente.fr\/wp-content\/uploads\/2024\/04\/logo-17-768x776.png 768w, https:\/\/femmes-en-pause-consciente.fr\/wp-content\/uploads\/2024\/04\/logo-17.png 1267w\" sizes=\"auto, (max-width: 1014px) 100vw, 1014px\" \/><\/figure>\n\n\n\n<blockquote class=\"wp-block-quote is-layout-flow wp-block-quote-is-layout-flow\">\n<p>&nbsp;<em><strong>\u00ab&nbsp;Le bonheur, c\u2019est l\u2019harmonie entre ce que tu penses, ce que tu dis et ce que tu fais&nbsp;\u00bb Gandhi<\/strong><\/em><\/p>\n<\/blockquote>\n\n\n\n<p><\/p>\n\n\n\n<figure class=\"wp-block-image size-full\"><img loading=\"lazy\" decoding=\"async\" width=\"2560\" height=\"2560\" src=\"https:\/\/femmes-en-pause-consciente.fr\/wp-content\/uploads\/2024\/06\/daniela-paola-alchapar-nA3nyq4ps50-unsplash-scaled.jpg\" alt=\"\" class=\"wp-image-830\" srcset=\"https:\/\/femmes-en-pause-consciente.fr\/wp-content\/uploads\/2024\/06\/daniela-paola-alchapar-nA3nyq4ps50-unsplash-scaled.jpg 2560w, https:\/\/femmes-en-pause-consciente.fr\/wp-content\/uploads\/2024\/06\/daniela-paola-alchapar-nA3nyq4ps50-unsplash-300x300.jpg 300w, https:\/\/femmes-en-pause-consciente.fr\/wp-content\/uploads\/2024\/06\/daniela-paola-alchapar-nA3nyq4ps50-unsplash-1024x1024.jpg 1024w, https:\/\/femmes-en-pause-consciente.fr\/wp-content\/uploads\/2024\/06\/daniela-paola-alchapar-nA3nyq4ps50-unsplash-150x150.jpg 150w, https:\/\/femmes-en-pause-consciente.fr\/wp-content\/uploads\/2024\/06\/daniela-paola-alchapar-nA3nyq4ps50-unsplash-768x768.jpg 768w, https:\/\/femmes-en-pause-consciente.fr\/wp-content\/uploads\/2024\/06\/daniela-paola-alchapar-nA3nyq4ps50-unsplash-1536x1536.jpg 1536w, https:\/\/femmes-en-pause-consciente.fr\/wp-content\/uploads\/2024\/06\/daniela-paola-alchapar-nA3nyq4ps50-unsplash-2048x2048.jpg 2048w\" sizes=\"auto, (max-width: 2560px) 100vw, 2560px\" \/><\/figure>\n","protected":false},"excerpt":{"rendered":"<p>Le DO-IN : auto-massage &nbsp; Le Do-In est l\u2019art de vivre en harmonie avec soi-m\u00eame. Le terme \u00ab&nbsp;Do In&nbsp;\u00bb provient du japonais \u00ab&nbsp;do&nbsp;\u00bb signifiant \u00ab&nbsp;la voie&nbsp;\u00bb et \u00ab&nbsp;In&nbsp;\u00bb qui veut dire \u00ab&nbsp;\u00e9nergie&nbsp;\u00bb. Le Do-In d\u00e9signe donc la voie de l\u2019\u00e9nergie. Cette technique d\u00e9riv\u00e9e du Shiatzu est bas\u00e9e sur les principes th\u00e9oriques de la M\u00e9decine Traditionnelle [&hellip;]<\/p>\n","protected":false},"author":1,"featured_media":211,"parent":0,"menu_order":0,"comment_status":"closed","ping_status":"closed","template":"","meta":{"footnotes":""},"class_list":["post-117","page","type-page","status-publish","has-post-thumbnail","hentry"],"yoast_head":"<!-- This site is optimized with the Yoast SEO plugin v24.8.1 - https:\/\/yoast.com\/wordpress\/plugins\/seo\/ -->\n<title>La toilette \u00e9nerg\u00e9tique - Femmes En Pause Consciente<\/title>\n<meta name=\"robots\" content=\"index, follow, max-snippet:-1, max-image-preview:large, max-video-preview:-1\" \/>\n<link rel=\"canonical\" href=\"https:\/\/femmes-en-pause-consciente.fr\/index.php\/la-toilette-energetique\/\" \/>\n<meta property=\"og:locale\" content=\"fr_FR\" \/>\n<meta property=\"og:type\" content=\"article\" \/>\n<meta property=\"og:title\" content=\"La toilette \u00e9nerg\u00e9tique - Femmes En Pause Consciente\" \/>\n<meta property=\"og:description\" content=\"Le DO-IN : auto-massage &nbsp; Le Do-In est l\u2019art de vivre en harmonie avec soi-m\u00eame. Le terme \u00ab&nbsp;Do In&nbsp;\u00bb provient du japonais \u00ab&nbsp;do&nbsp;\u00bb signifiant \u00ab&nbsp;la voie&nbsp;\u00bb et \u00ab&nbsp;In&nbsp;\u00bb qui veut dire \u00ab&nbsp;\u00e9nergie&nbsp;\u00bb. Le Do-In d\u00e9signe donc la voie de l\u2019\u00e9nergie. Cette technique d\u00e9riv\u00e9e du Shiatzu est bas\u00e9e sur les principes th\u00e9oriques de la M\u00e9decine Traditionnelle [&hellip;]\" \/>\n<meta property=\"og:url\" content=\"https:\/\/femmes-en-pause-consciente.fr\/index.php\/la-toilette-energetique\/\" \/>\n<meta property=\"og:site_name\" content=\"Femmes En Pause Consciente\" \/>\n<meta property=\"article:modified_time\" content=\"2024-11-21T15:13:51+00:00\" \/>\n<meta property=\"og:image\" content=\"https:\/\/femmes-en-pause-consciente.fr\/wp-content\/uploads\/2024\/03\/en-tete-1--scaled.jpg\" \/>\n\t<meta property=\"og:image:width\" content=\"2560\" \/>\n\t<meta property=\"og:image:height\" content=\"903\" \/>\n\t<meta property=\"og:image:type\" content=\"image\/jpeg\" \/>\n<meta name=\"twitter:card\" content=\"summary_large_image\" \/>\n<meta name=\"twitter:label1\" content=\"Dur\u00e9e de lecture estim\u00e9e\" \/>\n\t<meta name=\"twitter:data1\" content=\"3 minutes\" \/>\n<script type=\"application\/ld+json\" class=\"yoast-schema-graph\">{\"@context\":\"https:\/\/schema.org\",\"@graph\":[{\"@type\":\"WebPage\",\"@id\":\"https:\/\/femmes-en-pause-consciente.fr\/index.php\/la-toilette-energetique\/\",\"url\":\"https:\/\/femmes-en-pause-consciente.fr\/index.php\/la-toilette-energetique\/\",\"name\":\"La toilette \u00e9nerg\u00e9tique - Femmes En Pause Consciente\",\"isPartOf\":{\"@id\":\"https:\/\/femmes-en-pause-consciente.fr\/#website\"},\"primaryImageOfPage\":{\"@id\":\"https:\/\/femmes-en-pause-consciente.fr\/index.php\/la-toilette-energetique\/#primaryimage\"},\"image\":{\"@id\":\"https:\/\/femmes-en-pause-consciente.fr\/index.php\/la-toilette-energetique\/#primaryimage\"},\"thumbnailUrl\":\"https:\/\/femmes-en-pause-consciente.fr\/wp-content\/uploads\/2024\/03\/en-tete-1--scaled.jpg\",\"datePublished\":\"2024-06-27T08:05:23+00:00\",\"dateModified\":\"2024-11-21T15:13:51+00:00\",\"breadcrumb\":{\"@id\":\"https:\/\/femmes-en-pause-consciente.fr\/index.php\/la-toilette-energetique\/#breadcrumb\"},\"inLanguage\":\"fr-FR\",\"potentialAction\":[{\"@type\":\"ReadAction\",\"target\":[\"https:\/\/femmes-en-pause-consciente.fr\/index.php\/la-toilette-energetique\/\"]}]},{\"@type\":\"ImageObject\",\"inLanguage\":\"fr-FR\",\"@id\":\"https:\/\/femmes-en-pause-consciente.fr\/index.php\/la-toilette-energetique\/#primaryimage\",\"url\":\"https:\/\/femmes-en-pause-consciente.fr\/wp-content\/uploads\/2024\/03\/en-tete-1--scaled.jpg\",\"contentUrl\":\"https:\/\/femmes-en-pause-consciente.fr\/wp-content\/uploads\/2024\/03\/en-tete-1--scaled.jpg\",\"width\":2560,\"height\":903},{\"@type\":\"BreadcrumbList\",\"@id\":\"https:\/\/femmes-en-pause-consciente.fr\/index.php\/la-toilette-energetique\/#breadcrumb\",\"itemListElement\":[{\"@type\":\"ListItem\",\"position\":1,\"name\":\"Accueil\",\"item\":\"https:\/\/femmes-en-pause-consciente.fr\/\"},{\"@type\":\"ListItem\",\"position\":2,\"name\":\"La toilette \u00e9nerg\u00e9tique\"}]},{\"@type\":\"WebSite\",\"@id\":\"https:\/\/femmes-en-pause-consciente.fr\/#website\",\"url\":\"https:\/\/femmes-en-pause-consciente.fr\/\",\"name\":\"Femmes En Pause Consciente\",\"description\":\"Le Chemin du L\u00e2cher Prise\",\"publisher\":{\"@id\":\"https:\/\/femmes-en-pause-consciente.fr\/#organization\"},\"potentialAction\":[{\"@type\":\"SearchAction\",\"target\":{\"@type\":\"EntryPoint\",\"urlTemplate\":\"https:\/\/femmes-en-pause-consciente.fr\/?s={search_term_string}\"},\"query-input\":{\"@type\":\"PropertyValueSpecification\",\"valueRequired\":true,\"valueName\":\"search_term_string\"}}],\"inLanguage\":\"fr-FR\"},{\"@type\":\"Organization\",\"@id\":\"https:\/\/femmes-en-pause-consciente.fr\/#organization\",\"name\":\"Femmes En Pause Consciente\",\"url\":\"https:\/\/femmes-en-pause-consciente.fr\/\",\"logo\":{\"@type\":\"ImageObject\",\"inLanguage\":\"fr-FR\",\"@id\":\"https:\/\/femmes-en-pause-consciente.fr\/#\/schema\/logo\/image\/\",\"url\":\"https:\/\/femmes-en-pause-consciente.fr\/wp-content\/uploads\/2024\/06\/logo-transparent-png.png\",\"contentUrl\":\"https:\/\/femmes-en-pause-consciente.fr\/wp-content\/uploads\/2024\/06\/logo-transparent-png.png\",\"width\":3943,\"height\":4000,\"caption\":\"Femmes En Pause Consciente\"},\"image\":{\"@id\":\"https:\/\/femmes-en-pause-consciente.fr\/#\/schema\/logo\/image\/\"}}]}<\/script>\n<!-- \/ Yoast SEO plugin. -->","yoast_head_json":{"title":"La toilette \u00e9nerg\u00e9tique - Femmes En Pause Consciente","robots":{"index":"index","follow":"follow","max-snippet":"max-snippet:-1","max-image-preview":"max-image-preview:large","max-video-preview":"max-video-preview:-1"},"canonical":"https:\/\/femmes-en-pause-consciente.fr\/index.php\/la-toilette-energetique\/","og_locale":"fr_FR","og_type":"article","og_title":"La toilette \u00e9nerg\u00e9tique - Femmes En Pause Consciente","og_description":"Le DO-IN : auto-massage &nbsp; Le Do-In est l\u2019art de vivre en harmonie avec soi-m\u00eame. Le terme \u00ab&nbsp;Do In&nbsp;\u00bb provient du japonais \u00ab&nbsp;do&nbsp;\u00bb signifiant \u00ab&nbsp;la voie&nbsp;\u00bb et \u00ab&nbsp;In&nbsp;\u00bb qui veut dire \u00ab&nbsp;\u00e9nergie&nbsp;\u00bb. Le Do-In d\u00e9signe donc la voie de l\u2019\u00e9nergie. Cette technique d\u00e9riv\u00e9e du Shiatzu est bas\u00e9e sur les principes th\u00e9oriques de la M\u00e9decine Traditionnelle [&hellip;]","og_url":"https:\/\/femmes-en-pause-consciente.fr\/index.php\/la-toilette-energetique\/","og_site_name":"Femmes En Pause Consciente","article_modified_time":"2024-11-21T15:13:51+00:00","og_image":[{"width":2560,"height":903,"url":"https:\/\/femmes-en-pause-consciente.fr\/wp-content\/uploads\/2024\/03\/en-tete-1--scaled.jpg","type":"image\/jpeg"}],"twitter_card":"summary_large_image","twitter_misc":{"Dur\u00e9e de lecture estim\u00e9e":"3 minutes"},"schema":{"@context":"https:\/\/schema.org","@graph":[{"@type":"WebPage","@id":"https:\/\/femmes-en-pause-consciente.fr\/index.php\/la-toilette-energetique\/","url":"https:\/\/femmes-en-pause-consciente.fr\/index.php\/la-toilette-energetique\/","name":"La toilette \u00e9nerg\u00e9tique - Femmes En Pause Consciente","isPartOf":{"@id":"https:\/\/femmes-en-pause-consciente.fr\/#website"},"primaryImageOfPage":{"@id":"https:\/\/femmes-en-pause-consciente.fr\/index.php\/la-toilette-energetique\/#primaryimage"},"image":{"@id":"https:\/\/femmes-en-pause-consciente.fr\/index.php\/la-toilette-energetique\/#primaryimage"},"thumbnailUrl":"https:\/\/femmes-en-pause-consciente.fr\/wp-content\/uploads\/2024\/03\/en-tete-1--scaled.jpg","datePublished":"2024-06-27T08:05:23+00:00","dateModified":"2024-11-21T15:13:51+00:00","breadcrumb":{"@id":"https:\/\/femmes-en-pause-consciente.fr\/index.php\/la-toilette-energetique\/#breadcrumb"},"inLanguage":"fr-FR","potentialAction":[{"@type":"ReadAction","target":["https:\/\/femmes-en-pause-consciente.fr\/index.php\/la-toilette-energetique\/"]}]},{"@type":"ImageObject","inLanguage":"fr-FR","@id":"https:\/\/femmes-en-pause-consciente.fr\/index.php\/la-toilette-energetique\/#primaryimage","url":"https:\/\/femmes-en-pause-consciente.fr\/wp-content\/uploads\/2024\/03\/en-tete-1--scaled.jpg","contentUrl":"https:\/\/femmes-en-pause-consciente.fr\/wp-content\/uploads\/2024\/03\/en-tete-1--scaled.jpg","width":2560,"height":903},{"@type":"BreadcrumbList","@id":"https:\/\/femmes-en-pause-consciente.fr\/index.php\/la-toilette-energetique\/#breadcrumb","itemListElement":[{"@type":"ListItem","position":1,"name":"Accueil","item":"https:\/\/femmes-en-pause-consciente.fr\/"},{"@type":"ListItem","position":2,"name":"La toilette \u00e9nerg\u00e9tique"}]},{"@type":"WebSite","@id":"https:\/\/femmes-en-pause-consciente.fr\/#website","url":"https:\/\/femmes-en-pause-consciente.fr\/","name":"Femmes En Pause Consciente","description":"Le Chemin du L\u00e2cher Prise","publisher":{"@id":"https:\/\/femmes-en-pause-consciente.fr\/#organization"},"potentialAction":[{"@type":"SearchAction","target":{"@type":"EntryPoint","urlTemplate":"https:\/\/femmes-en-pause-consciente.fr\/?s={search_term_string}"},"query-input":{"@type":"PropertyValueSpecification","valueRequired":true,"valueName":"search_term_string"}}],"inLanguage":"fr-FR"},{"@type":"Organization","@id":"https:\/\/femmes-en-pause-consciente.fr\/#organization","name":"Femmes En Pause Consciente","url":"https:\/\/femmes-en-pause-consciente.fr\/","logo":{"@type":"ImageObject","inLanguage":"fr-FR","@id":"https:\/\/femmes-en-pause-consciente.fr\/#\/schema\/logo\/image\/","url":"https:\/\/femmes-en-pause-consciente.fr\/wp-content\/uploads\/2024\/06\/logo-transparent-png.png","contentUrl":"https:\/\/femmes-en-pause-consciente.fr\/wp-content\/uploads\/2024\/06\/logo-transparent-png.png","width":3943,"height":4000,"caption":"Femmes En Pause Consciente"},"image":{"@id":"https:\/\/femmes-en-pause-consciente.fr\/#\/schema\/logo\/image\/"}}]}},"_links":{"self":[{"href":"https:\/\/femmes-en-pause-consciente.fr\/index.php\/wp-json\/wp\/v2\/pages\/117","targetHints":{"allow":["GET"]}}],"collection":[{"href":"https:\/\/femmes-en-pause-consciente.fr\/index.php\/wp-json\/wp\/v2\/pages"}],"about":[{"href":"https:\/\/femmes-en-pause-consciente.fr\/index.php\/wp-json\/wp\/v2\/types\/page"}],"author":[{"embeddable":true,"href":"https:\/\/femmes-en-pause-consciente.fr\/index.php\/wp-json\/wp\/v2\/users\/1"}],"replies":[{"embeddable":true,"href":"https:\/\/femmes-en-pause-consciente.fr\/index.php\/wp-json\/wp\/v2\/comments?post=117"}],"version-history":[{"count":13,"href":"https:\/\/femmes-en-pause-consciente.fr\/index.php\/wp-json\/wp\/v2\/pages\/117\/revisions"}],"predecessor-version":[{"id":883,"href":"https:\/\/femmes-en-pause-consciente.fr\/index.php\/wp-json\/wp\/v2\/pages\/117\/revisions\/883"}],"wp:featuredmedia":[{"embeddable":true,"href":"https:\/\/femmes-en-pause-consciente.fr\/index.php\/wp-json\/wp\/v2\/media\/211"}],"wp:attachment":[{"href":"https:\/\/femmes-en-pause-consciente.fr\/index.php\/wp-json\/wp\/v2\/media?parent=117"}],"curies":[{"name":"wp","href":"https:\/\/api.w.org\/{rel}","templated":true}]}}