{"id":123,"date":"2024-06-27T10:07:41","date_gmt":"2024-06-27T08:07:41","guid":{"rendered":"https:\/\/femmes-en-pause-consciente.fr\/?page_id=123"},"modified":"2024-06-27T10:54:03","modified_gmt":"2024-06-27T08:54:03","slug":"mediter-cest-contempler-la-lumiere-en-soi","status":"publish","type":"page","link":"https:\/\/femmes-en-pause-consciente.fr\/index.php\/mediter-cest-contempler-la-lumiere-en-soi\/","title":{"rendered":"M\u00e9diter c\u2019est contempler la lumi\u00e8re en soi."},"content":{"rendered":"\n<h4 class=\"wp-block-heading\">EXERCICES DE M\u00c9DITATION &#8211; DE RELAXATION \u2013 DE VISUALISATION               \u00a0\u00bb <strong>en pause consciente&nbsp;\u00a0\u00bb&nbsp;<\/strong><\/h4>\n\n\n\n<ul class=\"wp-block-list\">\n<li><em>Dans mon approche holistique pour votre bien-\u00eatre \u00e0 travers les diff\u00e9rents soins \u00e9nerg\u00e9tiques propos\u00e9s, j&rsquo;utilise des techniques de m\u00e9ditation et de relaxation<\/em> <em>afin diminuer le niveau de stress et mieux g\u00e9rer l&rsquo;anxi\u00e9t\u00e9.<\/em><\/li>\n<\/ul>\n\n\n\n<p><strong>La base de la m\u00e9ditation, c\u2019est la respiration<\/strong>. Elle r\u00e9g\u00e9n\u00e8re le corps et constitue, par son mouvement de va-et-vient, un point de rep\u00e8re id\u00e9al pour fixer son attention. La m\u00e9ditation permet d&rsquo;am\u00e9liorer consid\u00e9rablement sa qualit\u00e9 de vie.<strong> <\/strong>De fait, elle est un outil efficace pour retrouver l&rsquo;\u00e9quilibre vital et \u00e9nerg\u00e9tique.<\/p>\n\n\n\n<p><strong>La visualisation<\/strong> consiste \u00e0 se repr\u00e9senter mentalement une situation positive ou un objectif \u00e0 atteindre, en y incluant tous les d\u00e9tails sensoriels et \u00e9motionnels. La visualisation peut \u00eatre utilis\u00e9e pour renforcer la confiance en soi, la motivation et l&rsquo;estime de soi mais aussi am\u00e9liorer la concentration et la cr\u00e9ativit\u00e9.<\/p>\n\n\n\n<p><strong>La Pleine Pr\u00e9sence,<\/strong> consiste \u00e0 porter une attention particuli\u00e8re \u00e0 l&rsquo;instant pr\u00e9sent, en observant les sensations corporelles, les \u00e9motions et les pens\u00e9es, sans jugement ni r\u00e9action. Elle se pratique magnifiquement dans toutes les activit\u00e9s du quotidien.<\/p>\n\n\n\n<p><strong>Bouger avec gr\u00e2ce<\/strong> : une approche corporelle douce, qui permet d&rsquo;explorer et d&rsquo;\u00e9couter son corps en mouvement.<\/p>\n\n\n\n<p>Des exercices de relaxation et de m\u00e9ditation r\u00e9guliers nous aident \u00e0 gagner en calme, en attention et en r\u00e9sistance, mais aussi en performance et m\u00e9morisation.<\/p>\n\n\n\n<figure class=\"wp-block-image size-large is-resized\"><img loading=\"lazy\" decoding=\"async\" width=\"1014\" height=\"1024\" src=\"https:\/\/femmes-en-pause-consciente.fr\/wp-content\/uploads\/2024\/04\/logo-6-1014x1024.png\" alt=\"\" class=\"wp-image-411\" style=\"width:55px;height:auto\" srcset=\"https:\/\/femmes-en-pause-consciente.fr\/wp-content\/uploads\/2024\/04\/logo-6-1014x1024.png 1014w, https:\/\/femmes-en-pause-consciente.fr\/wp-content\/uploads\/2024\/04\/logo-6-297x300.png 297w, https:\/\/femmes-en-pause-consciente.fr\/wp-content\/uploads\/2024\/04\/logo-6-150x150.png 150w, https:\/\/femmes-en-pause-consciente.fr\/wp-content\/uploads\/2024\/04\/logo-6-768x776.png 768w, https:\/\/femmes-en-pause-consciente.fr\/wp-content\/uploads\/2024\/04\/logo-6.png 1267w\" sizes=\"auto, (max-width: 1014px) 100vw, 1014px\" \/><\/figure>\n\n\n\n<figure class=\"wp-block-pullquote alignfull\"><blockquote><p>\u00ab&nbsp;TOUT EST \u00c9NERGIE&nbsp;! TOUT EST FR\u00c9QUENCE&nbsp;! <strong>TOUT EST LUMI\u00c8RE<\/strong>&nbsp;! TOUT EST VIBRATION !&nbsp;TOUT EST UN \u00bb Tesla.<\/p><\/blockquote><\/figure>\n\n\n\n<p>Dans le domaine spirituel et la physique quantique, l&rsquo;\u00e9nergie peut \u00eatre per\u00e7ue comme une force vitale qui anime tout ce qui est vivant, <strong>un flux subtil et dynamique<\/strong> qui circule en nous et autour de nous.&nbsp;Elle est en perp\u00e9tuel <em>mouvement et transformation<\/em>, refl\u00e9tant notre \u00e9tat \u00e9motionnel, mental et physique.<\/p>\n\n\n\n<div class=\"wp-block-cover alignfull is-light\" style=\"min-height:383px;aspect-ratio:unset;\"><span aria-hidden=\"true\" class=\"wp-block-cover__background has-custom-couleur-1-background-color has-background-dim-100 has-background-dim\"><\/span><div class=\"wp-block-cover__inner-container is-layout-constrained wp-block-cover-is-layout-constrained\">\n<p>L&rsquo;\u00e9nergie, bien que souvent invisible, a une <strong>influence consid\u00e9rable sur votre vie.<\/strong> Mais lorsque l&rsquo;\u00e9nergie dans votre corps est bloqu\u00e9e, que ce soit \u00e0 cause du stress, de la maladie ou d&rsquo;une \u00e9motion n\u00e9gative ou refoul\u00e9e, cela peut entra\u00eener une vari\u00e9t\u00e9 de sympt\u00f4mes d\u00e9sagr\u00e9ables, allant de la fatigue \u00e0 l&rsquo;irritabilit\u00e9, en passant par la douleur.&nbsp;<\/p>\n\n\n\n<p><strong>La m\u00e9ditation est l&rsquo;art de se recueillir<\/strong>, d&rsquo;\u00eatre en pr\u00e9sence avec soi et avec les \u00e9tats plus subtils de notre conscience. C&rsquo;est l&rsquo;art d&rsquo;\u00e9quilibrer nos forces mentales et de les concentrer sur un point de paix et de tranquillit\u00e9.<\/p>\n<\/div><\/div>\n\n\n\n<div class=\"wp-block-buttons is-layout-flex wp-block-buttons-is-layout-flex\">\n<div class=\"wp-block-button\"><a class=\"wp-block-button__link wp-element-button\" href=\"https:\/\/femmes-en-pause-consciente.fr\/index.php\/mon-approche-holistique-pour-votre-bien-etre\/\">mon approche holistique<\/a><\/div>\n<\/div>\n\n\n\n<p><\/p>\n\n\n\n<figure class=\"wp-block-image size-large\"><img loading=\"lazy\" decoding=\"async\" width=\"1024\" height=\"982\" src=\"https:\/\/femmes-en-pause-consciente.fr\/wp-content\/uploads\/2024\/05\/AdobeStock_553275635-1024x982.jpg\" alt=\"\" class=\"wp-image-627\" srcset=\"https:\/\/femmes-en-pause-consciente.fr\/wp-content\/uploads\/2024\/05\/AdobeStock_553275635-1024x982.jpg 1024w, https:\/\/femmes-en-pause-consciente.fr\/wp-content\/uploads\/2024\/05\/AdobeStock_553275635-300x288.jpg 300w, https:\/\/femmes-en-pause-consciente.fr\/wp-content\/uploads\/2024\/05\/AdobeStock_553275635-768x737.jpg 768w, https:\/\/femmes-en-pause-consciente.fr\/wp-content\/uploads\/2024\/05\/AdobeStock_553275635-1536x1473.jpg 1536w, https:\/\/femmes-en-pause-consciente.fr\/wp-content\/uploads\/2024\/05\/AdobeStock_553275635-2048x1964.jpg 2048w\" sizes=\"auto, (max-width: 1024px) 100vw, 1024px\" \/><\/figure>\n\n\n\n<figure class=\"wp-block-image size-large is-resized\"><img loading=\"lazy\" decoding=\"async\" width=\"1024\" height=\"454\" src=\"https:\/\/femmes-en-pause-consciente.fr\/wp-content\/uploads\/2024\/04\/IMG_4822-1024x454.jpg\" alt=\"\" class=\"wp-image-338\" style=\"width:650px;height:auto\" srcset=\"https:\/\/femmes-en-pause-consciente.fr\/wp-content\/uploads\/2024\/04\/IMG_4822-1024x454.jpg 1024w, https:\/\/femmes-en-pause-consciente.fr\/wp-content\/uploads\/2024\/04\/IMG_4822-300x133.jpg 300w, https:\/\/femmes-en-pause-consciente.fr\/wp-content\/uploads\/2024\/04\/IMG_4822-768x340.jpg 768w, https:\/\/femmes-en-pause-consciente.fr\/wp-content\/uploads\/2024\/04\/IMG_4822-1536x680.jpg 1536w, https:\/\/femmes-en-pause-consciente.fr\/wp-content\/uploads\/2024\/04\/IMG_4822-2048x907.jpg 2048w\" sizes=\"auto, (max-width: 1024px) 100vw, 1024px\" \/><\/figure>\n\n\n\n<p><\/p>\n\n\n\n<figure class=\"wp-block-image size-large is-resized\"><img loading=\"lazy\" decoding=\"async\" width=\"1014\" height=\"1024\" src=\"https:\/\/femmes-en-pause-consciente.fr\/wp-content\/uploads\/2024\/04\/logo-7-1014x1024.png\" alt=\"\" class=\"wp-image-412\" style=\"width:56px;height:auto\" srcset=\"https:\/\/femmes-en-pause-consciente.fr\/wp-content\/uploads\/2024\/04\/logo-7-1014x1024.png 1014w, https:\/\/femmes-en-pause-consciente.fr\/wp-content\/uploads\/2024\/04\/logo-7-297x300.png 297w, https:\/\/femmes-en-pause-consciente.fr\/wp-content\/uploads\/2024\/04\/logo-7-150x150.png 150w, https:\/\/femmes-en-pause-consciente.fr\/wp-content\/uploads\/2024\/04\/logo-7-768x776.png 768w, https:\/\/femmes-en-pause-consciente.fr\/wp-content\/uploads\/2024\/04\/logo-7.png 1267w\" sizes=\"auto, (max-width: 1014px) 100vw, 1014px\" \/><\/figure>\n\n\n\n<blockquote class=\"wp-block-quote is-layout-flow wp-block-quote-is-layout-flow\">\n<h4 class=\"wp-block-heading\"><em>\u00ab&nbsp;L\u00e2che prise. Fais le vide. Deviens silencieux, clair et calme.&nbsp;\u00bb Sagesse zen.<\/em><\/h4>\n<\/blockquote>\n","protected":false},"excerpt":{"rendered":"<p>EXERCICES DE M\u00c9DITATION &#8211; DE RELAXATION \u2013 DE VISUALISATION \u00a0\u00bb en pause consciente&nbsp;\u00a0\u00bb&nbsp; La base de la m\u00e9ditation, c\u2019est la respiration. Elle r\u00e9g\u00e9n\u00e8re le corps et constitue, par son mouvement de va-et-vient, un point de rep\u00e8re id\u00e9al pour fixer son attention. La m\u00e9ditation permet d&rsquo;am\u00e9liorer consid\u00e9rablement sa qualit\u00e9 de vie. De fait, elle est un [&hellip;]<\/p>\n","protected":false},"author":1,"featured_media":124,"parent":0,"menu_order":0,"comment_status":"closed","ping_status":"closed","template":"","meta":{"footnotes":""},"class_list":["post-123","page","type-page","status-publish","has-post-thumbnail","hentry"],"yoast_head":"<!-- This site is optimized with the Yoast SEO plugin v24.8.1 - https:\/\/yoast.com\/wordpress\/plugins\/seo\/ -->\n<title>M\u00e9diter c\u2019est contempler la lumi\u00e8re en soi. - Femmes En Pause Consciente<\/title>\n<meta name=\"robots\" content=\"index, follow, max-snippet:-1, max-image-preview:large, max-video-preview:-1\" \/>\n<link rel=\"canonical\" href=\"https:\/\/femmes-en-pause-consciente.fr\/index.php\/mediter-cest-contempler-la-lumiere-en-soi\/\" \/>\n<meta property=\"og:locale\" content=\"fr_FR\" \/>\n<meta property=\"og:type\" content=\"article\" \/>\n<meta property=\"og:title\" content=\"M\u00e9diter c\u2019est contempler la lumi\u00e8re en soi. - Femmes En Pause Consciente\" \/>\n<meta property=\"og:description\" content=\"EXERCICES DE M\u00c9DITATION &#8211; DE RELAXATION \u2013 DE VISUALISATION \u00a0\u00bb en pause consciente&nbsp;\u00a0\u00bb&nbsp; La base de la m\u00e9ditation, c\u2019est la respiration. Elle r\u00e9g\u00e9n\u00e8re le corps et constitue, par son mouvement de va-et-vient, un point de rep\u00e8re id\u00e9al pour fixer son attention. La m\u00e9ditation permet d&rsquo;am\u00e9liorer consid\u00e9rablement sa qualit\u00e9 de vie. De fait, elle est un [&hellip;]\" \/>\n<meta property=\"og:url\" content=\"https:\/\/femmes-en-pause-consciente.fr\/index.php\/mediter-cest-contempler-la-lumiere-en-soi\/\" \/>\n<meta property=\"og:site_name\" content=\"Femmes En Pause Consciente\" \/>\n<meta property=\"article:modified_time\" content=\"2024-06-27T08:54:03+00:00\" \/>\n<meta property=\"og:image\" content=\"https:\/\/femmes-en-pause-consciente.fr\/wp-content\/uploads\/2024\/03\/photo-meditation.jpg\" \/>\n\t<meta property=\"og:image:width\" content=\"626\" \/>\n\t<meta property=\"og:image:height\" content=\"352\" \/>\n\t<meta property=\"og:image:type\" content=\"image\/jpeg\" \/>\n<meta name=\"twitter:card\" content=\"summary_large_image\" \/>\n<meta name=\"twitter:label1\" content=\"Dur\u00e9e de lecture estim\u00e9e\" \/>\n\t<meta name=\"twitter:data1\" content=\"2 minutes\" \/>\n<script type=\"application\/ld+json\" class=\"yoast-schema-graph\">{\"@context\":\"https:\/\/schema.org\",\"@graph\":[{\"@type\":\"WebPage\",\"@id\":\"https:\/\/femmes-en-pause-consciente.fr\/index.php\/mediter-cest-contempler-la-lumiere-en-soi\/\",\"url\":\"https:\/\/femmes-en-pause-consciente.fr\/index.php\/mediter-cest-contempler-la-lumiere-en-soi\/\",\"name\":\"M\u00e9diter c\u2019est contempler la lumi\u00e8re en soi. - Femmes En Pause Consciente\",\"isPartOf\":{\"@id\":\"https:\/\/femmes-en-pause-consciente.fr\/#website\"},\"primaryImageOfPage\":{\"@id\":\"https:\/\/femmes-en-pause-consciente.fr\/index.php\/mediter-cest-contempler-la-lumiere-en-soi\/#primaryimage\"},\"image\":{\"@id\":\"https:\/\/femmes-en-pause-consciente.fr\/index.php\/mediter-cest-contempler-la-lumiere-en-soi\/#primaryimage\"},\"thumbnailUrl\":\"https:\/\/femmes-en-pause-consciente.fr\/wp-content\/uploads\/2024\/03\/photo-meditation.jpg\",\"datePublished\":\"2024-06-27T08:07:41+00:00\",\"dateModified\":\"2024-06-27T08:54:03+00:00\",\"breadcrumb\":{\"@id\":\"https:\/\/femmes-en-pause-consciente.fr\/index.php\/mediter-cest-contempler-la-lumiere-en-soi\/#breadcrumb\"},\"inLanguage\":\"fr-FR\",\"potentialAction\":[{\"@type\":\"ReadAction\",\"target\":[\"https:\/\/femmes-en-pause-consciente.fr\/index.php\/mediter-cest-contempler-la-lumiere-en-soi\/\"]}]},{\"@type\":\"ImageObject\",\"inLanguage\":\"fr-FR\",\"@id\":\"https:\/\/femmes-en-pause-consciente.fr\/index.php\/mediter-cest-contempler-la-lumiere-en-soi\/#primaryimage\",\"url\":\"https:\/\/femmes-en-pause-consciente.fr\/wp-content\/uploads\/2024\/03\/photo-meditation.jpg\",\"contentUrl\":\"https:\/\/femmes-en-pause-consciente.fr\/wp-content\/uploads\/2024\/03\/photo-meditation.jpg\",\"width\":626,\"height\":352},{\"@type\":\"BreadcrumbList\",\"@id\":\"https:\/\/femmes-en-pause-consciente.fr\/index.php\/mediter-cest-contempler-la-lumiere-en-soi\/#breadcrumb\",\"itemListElement\":[{\"@type\":\"ListItem\",\"position\":1,\"name\":\"Accueil\",\"item\":\"https:\/\/femmes-en-pause-consciente.fr\/\"},{\"@type\":\"ListItem\",\"position\":2,\"name\":\"M\u00e9diter c\u2019est contempler la lumi\u00e8re en soi.\"}]},{\"@type\":\"WebSite\",\"@id\":\"https:\/\/femmes-en-pause-consciente.fr\/#website\",\"url\":\"https:\/\/femmes-en-pause-consciente.fr\/\",\"name\":\"Femmes En Pause Consciente\",\"description\":\"Le Chemin du L\u00e2cher Prise\",\"publisher\":{\"@id\":\"https:\/\/femmes-en-pause-consciente.fr\/#organization\"},\"potentialAction\":[{\"@type\":\"SearchAction\",\"target\":{\"@type\":\"EntryPoint\",\"urlTemplate\":\"https:\/\/femmes-en-pause-consciente.fr\/?s={search_term_string}\"},\"query-input\":{\"@type\":\"PropertyValueSpecification\",\"valueRequired\":true,\"valueName\":\"search_term_string\"}}],\"inLanguage\":\"fr-FR\"},{\"@type\":\"Organization\",\"@id\":\"https:\/\/femmes-en-pause-consciente.fr\/#organization\",\"name\":\"Femmes En Pause Consciente\",\"url\":\"https:\/\/femmes-en-pause-consciente.fr\/\",\"logo\":{\"@type\":\"ImageObject\",\"inLanguage\":\"fr-FR\",\"@id\":\"https:\/\/femmes-en-pause-consciente.fr\/#\/schema\/logo\/image\/\",\"url\":\"https:\/\/femmes-en-pause-consciente.fr\/wp-content\/uploads\/2024\/06\/logo-transparent-png.png\",\"contentUrl\":\"https:\/\/femmes-en-pause-consciente.fr\/wp-content\/uploads\/2024\/06\/logo-transparent-png.png\",\"width\":3943,\"height\":4000,\"caption\":\"Femmes En Pause Consciente\"},\"image\":{\"@id\":\"https:\/\/femmes-en-pause-consciente.fr\/#\/schema\/logo\/image\/\"}}]}<\/script>\n<!-- \/ Yoast SEO plugin. -->","yoast_head_json":{"title":"M\u00e9diter c\u2019est contempler la lumi\u00e8re en soi. - Femmes En Pause Consciente","robots":{"index":"index","follow":"follow","max-snippet":"max-snippet:-1","max-image-preview":"max-image-preview:large","max-video-preview":"max-video-preview:-1"},"canonical":"https:\/\/femmes-en-pause-consciente.fr\/index.php\/mediter-cest-contempler-la-lumiere-en-soi\/","og_locale":"fr_FR","og_type":"article","og_title":"M\u00e9diter c\u2019est contempler la lumi\u00e8re en soi. - Femmes En Pause Consciente","og_description":"EXERCICES DE M\u00c9DITATION &#8211; DE RELAXATION \u2013 DE VISUALISATION \u00a0\u00bb en pause consciente&nbsp;\u00a0\u00bb&nbsp; La base de la m\u00e9ditation, c\u2019est la respiration. Elle r\u00e9g\u00e9n\u00e8re le corps et constitue, par son mouvement de va-et-vient, un point de rep\u00e8re id\u00e9al pour fixer son attention. La m\u00e9ditation permet d&rsquo;am\u00e9liorer consid\u00e9rablement sa qualit\u00e9 de vie. De fait, elle est un [&hellip;]","og_url":"https:\/\/femmes-en-pause-consciente.fr\/index.php\/mediter-cest-contempler-la-lumiere-en-soi\/","og_site_name":"Femmes En Pause Consciente","article_modified_time":"2024-06-27T08:54:03+00:00","og_image":[{"width":626,"height":352,"url":"https:\/\/femmes-en-pause-consciente.fr\/wp-content\/uploads\/2024\/03\/photo-meditation.jpg","type":"image\/jpeg"}],"twitter_card":"summary_large_image","twitter_misc":{"Dur\u00e9e de lecture estim\u00e9e":"2 minutes"},"schema":{"@context":"https:\/\/schema.org","@graph":[{"@type":"WebPage","@id":"https:\/\/femmes-en-pause-consciente.fr\/index.php\/mediter-cest-contempler-la-lumiere-en-soi\/","url":"https:\/\/femmes-en-pause-consciente.fr\/index.php\/mediter-cest-contempler-la-lumiere-en-soi\/","name":"M\u00e9diter c\u2019est contempler la lumi\u00e8re en soi. - Femmes En Pause Consciente","isPartOf":{"@id":"https:\/\/femmes-en-pause-consciente.fr\/#website"},"primaryImageOfPage":{"@id":"https:\/\/femmes-en-pause-consciente.fr\/index.php\/mediter-cest-contempler-la-lumiere-en-soi\/#primaryimage"},"image":{"@id":"https:\/\/femmes-en-pause-consciente.fr\/index.php\/mediter-cest-contempler-la-lumiere-en-soi\/#primaryimage"},"thumbnailUrl":"https:\/\/femmes-en-pause-consciente.fr\/wp-content\/uploads\/2024\/03\/photo-meditation.jpg","datePublished":"2024-06-27T08:07:41+00:00","dateModified":"2024-06-27T08:54:03+00:00","breadcrumb":{"@id":"https:\/\/femmes-en-pause-consciente.fr\/index.php\/mediter-cest-contempler-la-lumiere-en-soi\/#breadcrumb"},"inLanguage":"fr-FR","potentialAction":[{"@type":"ReadAction","target":["https:\/\/femmes-en-pause-consciente.fr\/index.php\/mediter-cest-contempler-la-lumiere-en-soi\/"]}]},{"@type":"ImageObject","inLanguage":"fr-FR","@id":"https:\/\/femmes-en-pause-consciente.fr\/index.php\/mediter-cest-contempler-la-lumiere-en-soi\/#primaryimage","url":"https:\/\/femmes-en-pause-consciente.fr\/wp-content\/uploads\/2024\/03\/photo-meditation.jpg","contentUrl":"https:\/\/femmes-en-pause-consciente.fr\/wp-content\/uploads\/2024\/03\/photo-meditation.jpg","width":626,"height":352},{"@type":"BreadcrumbList","@id":"https:\/\/femmes-en-pause-consciente.fr\/index.php\/mediter-cest-contempler-la-lumiere-en-soi\/#breadcrumb","itemListElement":[{"@type":"ListItem","position":1,"name":"Accueil","item":"https:\/\/femmes-en-pause-consciente.fr\/"},{"@type":"ListItem","position":2,"name":"M\u00e9diter c\u2019est contempler la lumi\u00e8re en soi."}]},{"@type":"WebSite","@id":"https:\/\/femmes-en-pause-consciente.fr\/#website","url":"https:\/\/femmes-en-pause-consciente.fr\/","name":"Femmes En Pause Consciente","description":"Le Chemin du L\u00e2cher Prise","publisher":{"@id":"https:\/\/femmes-en-pause-consciente.fr\/#organization"},"potentialAction":[{"@type":"SearchAction","target":{"@type":"EntryPoint","urlTemplate":"https:\/\/femmes-en-pause-consciente.fr\/?s={search_term_string}"},"query-input":{"@type":"PropertyValueSpecification","valueRequired":true,"valueName":"search_term_string"}}],"inLanguage":"fr-FR"},{"@type":"Organization","@id":"https:\/\/femmes-en-pause-consciente.fr\/#organization","name":"Femmes En Pause Consciente","url":"https:\/\/femmes-en-pause-consciente.fr\/","logo":{"@type":"ImageObject","inLanguage":"fr-FR","@id":"https:\/\/femmes-en-pause-consciente.fr\/#\/schema\/logo\/image\/","url":"https:\/\/femmes-en-pause-consciente.fr\/wp-content\/uploads\/2024\/06\/logo-transparent-png.png","contentUrl":"https:\/\/femmes-en-pause-consciente.fr\/wp-content\/uploads\/2024\/06\/logo-transparent-png.png","width":3943,"height":4000,"caption":"Femmes En Pause Consciente"},"image":{"@id":"https:\/\/femmes-en-pause-consciente.fr\/#\/schema\/logo\/image\/"}}]}},"_links":{"self":[{"href":"https:\/\/femmes-en-pause-consciente.fr\/index.php\/wp-json\/wp\/v2\/pages\/123","targetHints":{"allow":["GET"]}}],"collection":[{"href":"https:\/\/femmes-en-pause-consciente.fr\/index.php\/wp-json\/wp\/v2\/pages"}],"about":[{"href":"https:\/\/femmes-en-pause-consciente.fr\/index.php\/wp-json\/wp\/v2\/types\/page"}],"author":[{"embeddable":true,"href":"https:\/\/femmes-en-pause-consciente.fr\/index.php\/wp-json\/wp\/v2\/users\/1"}],"replies":[{"embeddable":true,"href":"https:\/\/femmes-en-pause-consciente.fr\/index.php\/wp-json\/wp\/v2\/comments?post=123"}],"version-history":[{"count":20,"href":"https:\/\/femmes-en-pause-consciente.fr\/index.php\/wp-json\/wp\/v2\/pages\/123\/revisions"}],"predecessor-version":[{"id":809,"href":"https:\/\/femmes-en-pause-consciente.fr\/index.php\/wp-json\/wp\/v2\/pages\/123\/revisions\/809"}],"wp:featuredmedia":[{"embeddable":true,"href":"https:\/\/femmes-en-pause-consciente.fr\/index.php\/wp-json\/wp\/v2\/media\/124"}],"wp:attachment":[{"href":"https:\/\/femmes-en-pause-consciente.fr\/index.php\/wp-json\/wp\/v2\/media?parent=123"}],"curies":[{"name":"wp","href":"https:\/\/api.w.org\/{rel}","templated":true}]}}