{"id":129,"date":"2024-06-27T10:08:15","date_gmt":"2024-06-27T08:08:15","guid":{"rendered":"https:\/\/femmes-en-pause-consciente.fr\/?page_id=129"},"modified":"2024-11-21T16:27:46","modified_gmt":"2024-11-21T15:27:46","slug":"sons-vibrants","status":"publish","type":"page","link":"https:\/\/femmes-en-pause-consciente.fr\/index.php\/sons-vibrants\/","title":{"rendered":"Sons vibrants"},"content":{"rendered":"\n<ul class=\"wp-block-list\">\n<li><em>Le chant des voyelles est un outil efficace pour s\u2019all\u00e9ger rapidement des \u00e9nergies discordantes et \u00e9lever sa fr\u00e9quence vibratoire. Il utilise un instrument sonore exceptionnel qui nous est disponible en permanence et gratuitement : notre voix<\/em><\/li>\n<\/ul>\n\n\n\n<h2 class=\"wp-block-heading has-text-align-left\">Le chant des voyelles<\/h2>\n\n\n\n<div class=\"wp-block-cover alignfull is-light\"><span aria-hidden=\"true\" class=\"wp-block-cover__background has-custom-couleur-1-background-color has-background-dim-100 has-background-dim\"><\/span><div class=\"wp-block-cover__inner-container is-layout-constrained wp-block-cover-is-layout-constrained\">\n<p>Pratique simple et accessible \u00e0 tous, le chant des voyelles est un mariage entre le son des voyelles et des postures de yoga. Elle consiste en une s\u00e9quence de <strong>voyelles<\/strong> r\u00e9p\u00e9t\u00e9es toujours dans le m\u00eame ordre : a, \u00e8, \u00e9, i, u, ou, eu, o, a\u00f4m. Chaque <strong>voyelle<\/strong> est r\u00e9p\u00e9t\u00e9e entre 3 et 9 fois. Entre chaque <strong>voyelle<\/strong>, on peut prendre soit un temps de silence et d&rsquo;observation ou faire des postures de yoga pour accompagner l&rsquo;int\u00e9gration dans le corps.<\/p>\n\n\n\n<p>Pratique puissante pour r\u00e9veiller nos cellules et bousculer notre mati\u00e8re, le chant des voyelles repr\u00e9sente un apport \u00e9nerg\u00e9tique r\u00e9el. Il n\u2019est pas n\u00e9cessaire de savoir chanter. Il suffit de s\u2019ouvrir aux ressentis des vibrations de chaque voyelle dans le corps.<\/p>\n<\/div><\/div>\n\n\n\n<p>Cette pratique a \u00e9t\u00e9 transmise par Reine Claire Lussier et Mario Gaal de&nbsp;<a href=\"https:\/\/www.ecole-de-vie-consciente.com\/gaiayoga\/\">l\u2019Ecole de la vie Consciente<\/a>&nbsp;au Qu\u00e9bec<\/p>\n\n\n\n<figure class=\"wp-block-image size-full is-resized\"><img loading=\"lazy\" decoding=\"async\" width=\"1014\" height=\"1024\" src=\"https:\/\/femmes-en-pause-consciente.fr\/wp-content\/uploads\/2024\/04\/logo-2-1014x1024-2.png\" alt=\"\" class=\"wp-image-388\" style=\"width:57px;height:auto\" srcset=\"https:\/\/femmes-en-pause-consciente.fr\/wp-content\/uploads\/2024\/04\/logo-2-1014x1024-2.png 1014w, https:\/\/femmes-en-pause-consciente.fr\/wp-content\/uploads\/2024\/04\/logo-2-1014x1024-2-297x300.png 297w, https:\/\/femmes-en-pause-consciente.fr\/wp-content\/uploads\/2024\/04\/logo-2-1014x1024-2-150x150.png 150w, https:\/\/femmes-en-pause-consciente.fr\/wp-content\/uploads\/2024\/04\/logo-2-1014x1024-2-768x776.png 768w\" sizes=\"auto, (max-width: 1014px) 100vw, 1014px\" \/><\/figure>\n\n\n\n<h4 class=\"wp-block-heading\">D\u00e9roulement de la s\u00e9ance<\/h4>\n\n\n\n<p>Mettre les mains en conque derri\u00e8re les oreilles pour amplifier le son. On ne cherche pas \u00e0 faire un \u00ab&nbsp;bon son&nbsp;\u00bb mais un son plut\u00f4t grave et m\u00e9tallique qui va r\u00e9sonner dans la plus grande partie de notre corps.<\/p>\n\n\n\n<p>Chaque voyelle vibre dans un endroit particulier du corps et \u00e0 une fonction et une \u00e9nergie bien particuli\u00e8re. Il s\u2019agit de l\u2019accueillir et de la laisser faire.<\/p>\n\n\n\n<p><em><strong>Bienfaits<\/strong><\/em>&nbsp;: Le chant des voyelles nous accompagne \u00e0 <strong><em>nous sentir plus l\u00e9ger et joyeux dans notre vie quotidienne<\/em><\/strong>, \u00e0 nous aimer davantage et \u00e0 \u00eatre plus pr\u00e9sents \u00e0 nous-m\u00eame. c&rsquo;est un outil efficace pour booster notre taux vibratoire.<\/p>\n\n\n\n<p>A la fin de la s\u00e9ance un temps pour soi pour m\u00e9diter \u00ab\u00a0en pause consciente\u00a0\u00bb.<\/p>\n\n\n\n<p>Une boisson revigorante vous est offerte pour mon plus grand plaisir.<\/p>\n\n\n\n<div class=\"wp-block-buttons is-layout-flex wp-block-buttons-is-layout-flex\">\n<div class=\"wp-block-button\"><a class=\"wp-block-button__link wp-element-button\" href=\"https:\/\/femmes-en-pause-consciente.fr\/index.php\/mon-accompagnement-et-mes-tarifs\/\">mon accompagnement + tarif<\/a><\/div>\n<\/div>\n\n\n\n<figure class=\"wp-block-image size-full is-resized\"><img loading=\"lazy\" decoding=\"async\" width=\"1014\" height=\"1024\" src=\"https:\/\/femmes-en-pause-consciente.fr\/wp-content\/uploads\/2024\/04\/logo-2-1014x1024-3.png\" alt=\"\" class=\"wp-image-389\" style=\"width:56px;height:auto\" srcset=\"https:\/\/femmes-en-pause-consciente.fr\/wp-content\/uploads\/2024\/04\/logo-2-1014x1024-3.png 1014w, https:\/\/femmes-en-pause-consciente.fr\/wp-content\/uploads\/2024\/04\/logo-2-1014x1024-3-297x300.png 297w, https:\/\/femmes-en-pause-consciente.fr\/wp-content\/uploads\/2024\/04\/logo-2-1014x1024-3-150x150.png 150w, https:\/\/femmes-en-pause-consciente.fr\/wp-content\/uploads\/2024\/04\/logo-2-1014x1024-3-768x776.png 768w\" sizes=\"auto, (max-width: 1014px) 100vw, 1014px\" \/><\/figure>\n\n\n\n<h4 class=\"wp-block-heading\">Le pouvoir du son sur nos diff\u00e9rents corps<\/h4>\n\n\n\n<p>Dans cet extrait, d\u00e9couvrez une partie de l&rsquo;enseignement de Cl\u00e9lia F\u00e9lix sur les pouvoirs du son et les effets de certaines fr\u00e9quences b\u00e9n\u00e9fiques.<\/p>\n\n\n\n<p><\/p>\n\n\n\n<figure class=\"wp-block-image size-full\"><img loading=\"lazy\" decoding=\"async\" width=\"640\" height=\"426\" src=\"https:\/\/femmes-en-pause-consciente.fr\/wp-content\/uploads\/2024\/06\/rainbow-3879954_640.webp\" alt=\"\" class=\"wp-image-723\" srcset=\"https:\/\/femmes-en-pause-consciente.fr\/wp-content\/uploads\/2024\/06\/rainbow-3879954_640.webp 640w, https:\/\/femmes-en-pause-consciente.fr\/wp-content\/uploads\/2024\/06\/rainbow-3879954_640-300x200.webp 300w\" sizes=\"auto, (max-width: 640px) 100vw, 640px\" \/><\/figure>\n\n\n\n<p>\u00ab\u00a0<em>Effets sur la dimension physique<\/em><br>Les ondes sonores ont la capacit\u00e9 de faire bouger la mati\u00e8re. Le son fait donc vibrer tous les liquides du corps et avec eux toutes nos cellules. Et ce n\u2019est pas rien quand on sait que nous sommes constitu\u00e9s \u00e0 70 % d\u2019eau ! Ces mouvements acc\u00e9l\u00e8rent les \u00e9changes cellulaires et la circulation des d\u00e9chets et toxines dans le corps. Ce profond drainage et ce massage entra\u00eenent \u00e9galement la lib\u00e9ration des tensions de tout type et, avec lui, une fluidification de tout notre m\u00e9tabolisme.<\/p>\n\n\n\n<p><em>Effets sur le corps \u00e9nerg\u00e9tique<\/em><br>Toujours gr\u00e2ce aux vibrations, les sons mettent en circulation toutes les particules de notre corps. Les \u00e9changes sont ainsi fluidifi\u00e9s, ce qui doit \u00eatre \u00e9vacu\u00e9 est lib\u00e9r\u00e9. Ce qui a besoin d\u2019\u00eatre nourri l\u2019est aussi. L\u2019ensemble de notre \u00eatre retrouve une \u00ab structure \u00bb harmonieuse. Nos particules d\u2019\u00e9nergies se recentrent, align\u00e9es pour un fonctionnement optimal de tout notre m\u00e9tabolisme. Tout notre corps (\u00e9nerg\u00e9tique) se densifie en faisant le plein d\u2019\u00e9nergie vitale.<\/p>\n\n\n\n<figure class=\"wp-block-image size-full\"><img loading=\"lazy\" decoding=\"async\" width=\"640\" height=\"427\" src=\"https:\/\/femmes-en-pause-consciente.fr\/wp-content\/uploads\/2024\/06\/yoga-386612_640.jpg\" alt=\"\" class=\"wp-image-724\" srcset=\"https:\/\/femmes-en-pause-consciente.fr\/wp-content\/uploads\/2024\/06\/yoga-386612_640.jpg 640w, https:\/\/femmes-en-pause-consciente.fr\/wp-content\/uploads\/2024\/06\/yoga-386612_640-300x200.jpg 300w\" sizes=\"auto, (max-width: 640px) 100vw, 640px\" \/><\/figure>\n\n\n\n<p><em>Effets sur le corps spirituel<\/em><br>En nous concentrant sur les vibrations, dans cette attente de d\u00e9couvrir <br>la prochaine note, nous d\u00e9tournons notre attention de ce qui ne nous <br>d\u00e9finit pas fondamentalement (les pens\u00e9es du mental, par exemple), et <br>acc\u00e9dons \u00e0 quelque chose de plus grand qui nous d\u00e9passe et qui se trouve<br> en chacun de nous. Le son nous aide ainsi \u00e0 acc\u00e9der \u00e0 des dimensions <br>sup\u00e9rieures de l\u2019\u00eatre. <br>Le \u00ab OM \u00bb, que les moines r\u00e9citent, correspondrait au \u00ab son primordial \u00bb. C\u2019est-\u00e0-dire le son qui est pr\u00e9sent en chaque chose. Lorsque nous r\u00e9citons le son OM (\u00ab AAAA-OUUUU-MMMM \u00bb), nous nous connectons avec notre essence, la vibration originelle qui pr\u00e9c\u00e8de toute vie sur Terre et qui est pr\u00e9sente en tout ce qui existe. Autrement dit, la Source.\u00a0\u00bb<\/p>\n\n\n\n<p>Cl\u00e9lia F\u00e9lix, <em>Vibrations : se reconnecter \u00e0 ses pouvoirs invisibles,<\/em> \u00e9ditions Jouvence, 2020, p. 42-50.<\/p>\n\n\n\n<figure class=\"wp-block-image size-full is-resized\"><img loading=\"lazy\" decoding=\"async\" width=\"1014\" height=\"1024\" src=\"https:\/\/femmes-en-pause-consciente.fr\/wp-content\/uploads\/2024\/04\/logo-2-1014x1024-4.png\" alt=\"\" class=\"wp-image-390\" style=\"width:58px;height:auto\" srcset=\"https:\/\/femmes-en-pause-consciente.fr\/wp-content\/uploads\/2024\/04\/logo-2-1014x1024-4.png 1014w, https:\/\/femmes-en-pause-consciente.fr\/wp-content\/uploads\/2024\/04\/logo-2-1014x1024-4-297x300.png 297w, https:\/\/femmes-en-pause-consciente.fr\/wp-content\/uploads\/2024\/04\/logo-2-1014x1024-4-150x150.png 150w, https:\/\/femmes-en-pause-consciente.fr\/wp-content\/uploads\/2024\/04\/logo-2-1014x1024-4-768x776.png 768w\" sizes=\"auto, (max-width: 1014px) 100vw, 1014px\" \/><\/figure>\n\n\n\n<div class=\"wp-block-cover alignfull is-light\" style=\"min-height:165px;aspect-ratio:unset;\"><span aria-hidden=\"true\" class=\"wp-block-cover__background has-custom-couleur-1-background-color has-background-dim-100 has-background-dim\"><\/span><div class=\"wp-block-cover__inner-container is-layout-constrained wp-block-cover-is-layout-constrained\">\n<h3 class=\"wp-block-heading has-text-align-center\">TARIF<\/h3>\n\n\n\n<p class=\"has-text-align-center\"><strong>Chant des voyelles<\/strong> ( s\u00e9ance 1h30) \u00e0 <strong>33\u20ac<\/strong><\/p>\n<\/div><\/div>\n\n\n\n<p><strong>Cette technique ne se substitue en aucun cas \u00e0 un avis m\u00e9dical ou \u00e0 un traitement en cours.<\/strong><\/p>\n\n\n\n<div class=\"wp-block-buttons is-layout-flex wp-block-buttons-is-layout-flex\">\n<div class=\"wp-block-button\"><a class=\"wp-block-button__link wp-element-button\" href=\"https:\/\/femmes-en-pause-consciente.fr\/index.php\/me-contacter\/\">me contacter<\/a><\/div>\n<\/div>\n\n\n\n<p><\/p>\n\n\n\n<figure class=\"wp-block-image size-large is-resized\"><img loading=\"lazy\" decoding=\"async\" width=\"1014\" height=\"1024\" src=\"https:\/\/femmes-en-pause-consciente.fr\/wp-content\/uploads\/2024\/04\/logo-25-1014x1024.png\" alt=\"\" class=\"wp-image-544\" style=\"width:57px;height:auto\" srcset=\"https:\/\/femmes-en-pause-consciente.fr\/wp-content\/uploads\/2024\/04\/logo-25-1014x1024.png 1014w, https:\/\/femmes-en-pause-consciente.fr\/wp-content\/uploads\/2024\/04\/logo-25-297x300.png 297w, https:\/\/femmes-en-pause-consciente.fr\/wp-content\/uploads\/2024\/04\/logo-25-150x150.png 150w, https:\/\/femmes-en-pause-consciente.fr\/wp-content\/uploads\/2024\/04\/logo-25-768x776.png 768w, https:\/\/femmes-en-pause-consciente.fr\/wp-content\/uploads\/2024\/04\/logo-25.png 1267w\" sizes=\"auto, (max-width: 1014px) 100vw, 1014px\" \/><\/figure>\n\n\n\n<figure class=\"wp-block-image size-large\"><img loading=\"lazy\" decoding=\"async\" width=\"1024\" height=\"769\" src=\"https:\/\/femmes-en-pause-consciente.fr\/wp-content\/uploads\/2024\/04\/medit-1-1024x769.png\" alt=\"\" class=\"wp-image-518\" srcset=\"https:\/\/femmes-en-pause-consciente.fr\/wp-content\/uploads\/2024\/04\/medit-1-1024x769.png 1024w, https:\/\/femmes-en-pause-consciente.fr\/wp-content\/uploads\/2024\/04\/medit-1-300x225.png 300w, https:\/\/femmes-en-pause-consciente.fr\/wp-content\/uploads\/2024\/04\/medit-1-768x576.png 768w, https:\/\/femmes-en-pause-consciente.fr\/wp-content\/uploads\/2024\/04\/medit-1-1536x1153.png 1536w, https:\/\/femmes-en-pause-consciente.fr\/wp-content\/uploads\/2024\/04\/medit-1.png 1864w\" sizes=\"auto, (max-width: 1024px) 100vw, 1024px\" \/><\/figure>\n\n\n\n<p>\u00ab\u00a0Le son OM vivre dans chacune de mes cellules et r\u00e9v\u00e8le toute son \u00e9nergie!\u00a0\u00bb<\/p>\n\n\n\n<figure class=\"wp-block-image size-full is-resized\"><img loading=\"lazy\" decoding=\"async\" width=\"1014\" height=\"1024\" src=\"https:\/\/femmes-en-pause-consciente.fr\/wp-content\/uploads\/2024\/04\/logo-2-1014x1024-5.png\" alt=\"\" class=\"wp-image-391\" style=\"width:45px;height:auto\" srcset=\"https:\/\/femmes-en-pause-consciente.fr\/wp-content\/uploads\/2024\/04\/logo-2-1014x1024-5.png 1014w, https:\/\/femmes-en-pause-consciente.fr\/wp-content\/uploads\/2024\/04\/logo-2-1014x1024-5-297x300.png 297w, https:\/\/femmes-en-pause-consciente.fr\/wp-content\/uploads\/2024\/04\/logo-2-1014x1024-5-150x150.png 150w, https:\/\/femmes-en-pause-consciente.fr\/wp-content\/uploads\/2024\/04\/logo-2-1014x1024-5-768x776.png 768w\" sizes=\"auto, (max-width: 1014px) 100vw, 1014px\" \/><\/figure>\n\n\n\n<figure class=\"wp-block-image size-large\"><img loading=\"lazy\" decoding=\"async\" width=\"1024\" height=\"768\" src=\"https:\/\/femmes-en-pause-consciente.fr\/wp-content\/uploads\/2024\/04\/Untitled-design-1-1024x768.png\" alt=\"\" class=\"wp-image-515\" srcset=\"https:\/\/femmes-en-pause-consciente.fr\/wp-content\/uploads\/2024\/04\/Untitled-design-1-1024x768.png 1024w, https:\/\/femmes-en-pause-consciente.fr\/wp-content\/uploads\/2024\/04\/Untitled-design-1-300x225.png 300w, https:\/\/femmes-en-pause-consciente.fr\/wp-content\/uploads\/2024\/04\/Untitled-design-1-768x576.png 768w, https:\/\/femmes-en-pause-consciente.fr\/wp-content\/uploads\/2024\/04\/Untitled-design-1-1536x1152.png 1536w, https:\/\/femmes-en-pause-consciente.fr\/wp-content\/uploads\/2024\/04\/Untitled-design-1-2048x1536.png 2048w\" sizes=\"auto, (max-width: 1024px) 100vw, 1024px\" \/><\/figure>\n\n\n\n<p>\u00ab\u00a0La posture favorise l&rsquo;int\u00e9gration de la vibration du son dans le corps, tout est li\u00e9.\u00a0\u00bb <\/p>\n\n\n\n<figure class=\"wp-block-image size-large is-resized\"><img loading=\"lazy\" decoding=\"async\" width=\"1014\" height=\"1024\" src=\"https:\/\/femmes-en-pause-consciente.fr\/wp-content\/uploads\/2024\/05\/logo-4-1014x1024.png\" alt=\"\" class=\"wp-image-654\" style=\"width:77px;height:auto\" srcset=\"https:\/\/femmes-en-pause-consciente.fr\/wp-content\/uploads\/2024\/05\/logo-4-1014x1024.png 1014w, https:\/\/femmes-en-pause-consciente.fr\/wp-content\/uploads\/2024\/05\/logo-4-297x300.png 297w, https:\/\/femmes-en-pause-consciente.fr\/wp-content\/uploads\/2024\/05\/logo-4-150x150.png 150w, https:\/\/femmes-en-pause-consciente.fr\/wp-content\/uploads\/2024\/05\/logo-4-768x776.png 768w, https:\/\/femmes-en-pause-consciente.fr\/wp-content\/uploads\/2024\/05\/logo-4.png 1267w\" sizes=\"auto, (max-width: 1014px) 100vw, 1014px\" \/><\/figure>\n","protected":false},"excerpt":{"rendered":"<p>Le chant des voyelles Cette pratique a \u00e9t\u00e9 transmise par Reine Claire Lussier et Mario Gaal de&nbsp;l\u2019Ecole de la vie Consciente&nbsp;au Qu\u00e9bec D\u00e9roulement de la s\u00e9ance Mettre les mains en conque derri\u00e8re les oreilles pour amplifier le son. On ne cherche pas \u00e0 faire un \u00ab&nbsp;bon son&nbsp;\u00bb mais un son plut\u00f4t grave et m\u00e9tallique qui [&hellip;]<\/p>\n","protected":false},"author":1,"featured_media":211,"parent":0,"menu_order":0,"comment_status":"closed","ping_status":"closed","template":"","meta":{"footnotes":""},"class_list":["post-129","page","type-page","status-publish","has-post-thumbnail","hentry"],"yoast_head":"<!-- This site is optimized with the Yoast SEO plugin v24.8.1 - https:\/\/yoast.com\/wordpress\/plugins\/seo\/ -->\n<title>Sons vibrants - Femmes En Pause Consciente<\/title>\n<meta name=\"robots\" content=\"index, follow, max-snippet:-1, max-image-preview:large, max-video-preview:-1\" \/>\n<link rel=\"canonical\" href=\"https:\/\/femmes-en-pause-consciente.fr\/index.php\/sons-vibrants\/\" \/>\n<meta property=\"og:locale\" content=\"fr_FR\" \/>\n<meta property=\"og:type\" content=\"article\" \/>\n<meta property=\"og:title\" content=\"Sons vibrants - Femmes En Pause Consciente\" \/>\n<meta property=\"og:description\" content=\"Le chant des voyelles Cette pratique a \u00e9t\u00e9 transmise par Reine Claire Lussier et Mario Gaal de&nbsp;l\u2019Ecole de la vie Consciente&nbsp;au Qu\u00e9bec D\u00e9roulement de la s\u00e9ance Mettre les mains en conque derri\u00e8re les oreilles pour amplifier le son. On ne cherche pas \u00e0 faire un \u00ab&nbsp;bon son&nbsp;\u00bb mais un son plut\u00f4t grave et m\u00e9tallique qui [&hellip;]\" \/>\n<meta property=\"og:url\" content=\"https:\/\/femmes-en-pause-consciente.fr\/index.php\/sons-vibrants\/\" \/>\n<meta property=\"og:site_name\" content=\"Femmes En Pause Consciente\" \/>\n<meta property=\"article:modified_time\" content=\"2024-11-21T15:27:46+00:00\" \/>\n<meta property=\"og:image\" content=\"https:\/\/femmes-en-pause-consciente.fr\/wp-content\/uploads\/2024\/03\/en-tete-1--scaled.jpg\" \/>\n\t<meta property=\"og:image:width\" content=\"2560\" \/>\n\t<meta property=\"og:image:height\" content=\"903\" \/>\n\t<meta property=\"og:image:type\" content=\"image\/jpeg\" \/>\n<meta name=\"twitter:card\" content=\"summary_large_image\" \/>\n<meta name=\"twitter:label1\" content=\"Dur\u00e9e de lecture estim\u00e9e\" \/>\n\t<meta name=\"twitter:data1\" content=\"4 minutes\" \/>\n<script type=\"application\/ld+json\" class=\"yoast-schema-graph\">{\"@context\":\"https:\/\/schema.org\",\"@graph\":[{\"@type\":\"WebPage\",\"@id\":\"https:\/\/femmes-en-pause-consciente.fr\/index.php\/sons-vibrants\/\",\"url\":\"https:\/\/femmes-en-pause-consciente.fr\/index.php\/sons-vibrants\/\",\"name\":\"Sons vibrants - Femmes En Pause Consciente\",\"isPartOf\":{\"@id\":\"https:\/\/femmes-en-pause-consciente.fr\/#website\"},\"primaryImageOfPage\":{\"@id\":\"https:\/\/femmes-en-pause-consciente.fr\/index.php\/sons-vibrants\/#primaryimage\"},\"image\":{\"@id\":\"https:\/\/femmes-en-pause-consciente.fr\/index.php\/sons-vibrants\/#primaryimage\"},\"thumbnailUrl\":\"https:\/\/femmes-en-pause-consciente.fr\/wp-content\/uploads\/2024\/03\/en-tete-1--scaled.jpg\",\"datePublished\":\"2024-06-27T08:08:15+00:00\",\"dateModified\":\"2024-11-21T15:27:46+00:00\",\"breadcrumb\":{\"@id\":\"https:\/\/femmes-en-pause-consciente.fr\/index.php\/sons-vibrants\/#breadcrumb\"},\"inLanguage\":\"fr-FR\",\"potentialAction\":[{\"@type\":\"ReadAction\",\"target\":[\"https:\/\/femmes-en-pause-consciente.fr\/index.php\/sons-vibrants\/\"]}]},{\"@type\":\"ImageObject\",\"inLanguage\":\"fr-FR\",\"@id\":\"https:\/\/femmes-en-pause-consciente.fr\/index.php\/sons-vibrants\/#primaryimage\",\"url\":\"https:\/\/femmes-en-pause-consciente.fr\/wp-content\/uploads\/2024\/03\/en-tete-1--scaled.jpg\",\"contentUrl\":\"https:\/\/femmes-en-pause-consciente.fr\/wp-content\/uploads\/2024\/03\/en-tete-1--scaled.jpg\",\"width\":2560,\"height\":903},{\"@type\":\"BreadcrumbList\",\"@id\":\"https:\/\/femmes-en-pause-consciente.fr\/index.php\/sons-vibrants\/#breadcrumb\",\"itemListElement\":[{\"@type\":\"ListItem\",\"position\":1,\"name\":\"Accueil\",\"item\":\"https:\/\/femmes-en-pause-consciente.fr\/\"},{\"@type\":\"ListItem\",\"position\":2,\"name\":\"Sons vibrants\"}]},{\"@type\":\"WebSite\",\"@id\":\"https:\/\/femmes-en-pause-consciente.fr\/#website\",\"url\":\"https:\/\/femmes-en-pause-consciente.fr\/\",\"name\":\"Femmes En Pause Consciente\",\"description\":\"Le Chemin du L\u00e2cher Prise\",\"publisher\":{\"@id\":\"https:\/\/femmes-en-pause-consciente.fr\/#organization\"},\"potentialAction\":[{\"@type\":\"SearchAction\",\"target\":{\"@type\":\"EntryPoint\",\"urlTemplate\":\"https:\/\/femmes-en-pause-consciente.fr\/?s={search_term_string}\"},\"query-input\":{\"@type\":\"PropertyValueSpecification\",\"valueRequired\":true,\"valueName\":\"search_term_string\"}}],\"inLanguage\":\"fr-FR\"},{\"@type\":\"Organization\",\"@id\":\"https:\/\/femmes-en-pause-consciente.fr\/#organization\",\"name\":\"Femmes En Pause Consciente\",\"url\":\"https:\/\/femmes-en-pause-consciente.fr\/\",\"logo\":{\"@type\":\"ImageObject\",\"inLanguage\":\"fr-FR\",\"@id\":\"https:\/\/femmes-en-pause-consciente.fr\/#\/schema\/logo\/image\/\",\"url\":\"https:\/\/femmes-en-pause-consciente.fr\/wp-content\/uploads\/2024\/06\/logo-transparent-png.png\",\"contentUrl\":\"https:\/\/femmes-en-pause-consciente.fr\/wp-content\/uploads\/2024\/06\/logo-transparent-png.png\",\"width\":3943,\"height\":4000,\"caption\":\"Femmes En Pause Consciente\"},\"image\":{\"@id\":\"https:\/\/femmes-en-pause-consciente.fr\/#\/schema\/logo\/image\/\"}}]}<\/script>\n<!-- \/ Yoast SEO plugin. -->","yoast_head_json":{"title":"Sons vibrants - Femmes En Pause Consciente","robots":{"index":"index","follow":"follow","max-snippet":"max-snippet:-1","max-image-preview":"max-image-preview:large","max-video-preview":"max-video-preview:-1"},"canonical":"https:\/\/femmes-en-pause-consciente.fr\/index.php\/sons-vibrants\/","og_locale":"fr_FR","og_type":"article","og_title":"Sons vibrants - Femmes En Pause Consciente","og_description":"Le chant des voyelles Cette pratique a \u00e9t\u00e9 transmise par Reine Claire Lussier et Mario Gaal de&nbsp;l\u2019Ecole de la vie Consciente&nbsp;au Qu\u00e9bec D\u00e9roulement de la s\u00e9ance Mettre les mains en conque derri\u00e8re les oreilles pour amplifier le son. On ne cherche pas \u00e0 faire un \u00ab&nbsp;bon son&nbsp;\u00bb mais un son plut\u00f4t grave et m\u00e9tallique qui [&hellip;]","og_url":"https:\/\/femmes-en-pause-consciente.fr\/index.php\/sons-vibrants\/","og_site_name":"Femmes En Pause Consciente","article_modified_time":"2024-11-21T15:27:46+00:00","og_image":[{"width":2560,"height":903,"url":"https:\/\/femmes-en-pause-consciente.fr\/wp-content\/uploads\/2024\/03\/en-tete-1--scaled.jpg","type":"image\/jpeg"}],"twitter_card":"summary_large_image","twitter_misc":{"Dur\u00e9e de lecture estim\u00e9e":"4 minutes"},"schema":{"@context":"https:\/\/schema.org","@graph":[{"@type":"WebPage","@id":"https:\/\/femmes-en-pause-consciente.fr\/index.php\/sons-vibrants\/","url":"https:\/\/femmes-en-pause-consciente.fr\/index.php\/sons-vibrants\/","name":"Sons vibrants - Femmes En Pause Consciente","isPartOf":{"@id":"https:\/\/femmes-en-pause-consciente.fr\/#website"},"primaryImageOfPage":{"@id":"https:\/\/femmes-en-pause-consciente.fr\/index.php\/sons-vibrants\/#primaryimage"},"image":{"@id":"https:\/\/femmes-en-pause-consciente.fr\/index.php\/sons-vibrants\/#primaryimage"},"thumbnailUrl":"https:\/\/femmes-en-pause-consciente.fr\/wp-content\/uploads\/2024\/03\/en-tete-1--scaled.jpg","datePublished":"2024-06-27T08:08:15+00:00","dateModified":"2024-11-21T15:27:46+00:00","breadcrumb":{"@id":"https:\/\/femmes-en-pause-consciente.fr\/index.php\/sons-vibrants\/#breadcrumb"},"inLanguage":"fr-FR","potentialAction":[{"@type":"ReadAction","target":["https:\/\/femmes-en-pause-consciente.fr\/index.php\/sons-vibrants\/"]}]},{"@type":"ImageObject","inLanguage":"fr-FR","@id":"https:\/\/femmes-en-pause-consciente.fr\/index.php\/sons-vibrants\/#primaryimage","url":"https:\/\/femmes-en-pause-consciente.fr\/wp-content\/uploads\/2024\/03\/en-tete-1--scaled.jpg","contentUrl":"https:\/\/femmes-en-pause-consciente.fr\/wp-content\/uploads\/2024\/03\/en-tete-1--scaled.jpg","width":2560,"height":903},{"@type":"BreadcrumbList","@id":"https:\/\/femmes-en-pause-consciente.fr\/index.php\/sons-vibrants\/#breadcrumb","itemListElement":[{"@type":"ListItem","position":1,"name":"Accueil","item":"https:\/\/femmes-en-pause-consciente.fr\/"},{"@type":"ListItem","position":2,"name":"Sons vibrants"}]},{"@type":"WebSite","@id":"https:\/\/femmes-en-pause-consciente.fr\/#website","url":"https:\/\/femmes-en-pause-consciente.fr\/","name":"Femmes En Pause Consciente","description":"Le Chemin du L\u00e2cher Prise","publisher":{"@id":"https:\/\/femmes-en-pause-consciente.fr\/#organization"},"potentialAction":[{"@type":"SearchAction","target":{"@type":"EntryPoint","urlTemplate":"https:\/\/femmes-en-pause-consciente.fr\/?s={search_term_string}"},"query-input":{"@type":"PropertyValueSpecification","valueRequired":true,"valueName":"search_term_string"}}],"inLanguage":"fr-FR"},{"@type":"Organization","@id":"https:\/\/femmes-en-pause-consciente.fr\/#organization","name":"Femmes En Pause Consciente","url":"https:\/\/femmes-en-pause-consciente.fr\/","logo":{"@type":"ImageObject","inLanguage":"fr-FR","@id":"https:\/\/femmes-en-pause-consciente.fr\/#\/schema\/logo\/image\/","url":"https:\/\/femmes-en-pause-consciente.fr\/wp-content\/uploads\/2024\/06\/logo-transparent-png.png","contentUrl":"https:\/\/femmes-en-pause-consciente.fr\/wp-content\/uploads\/2024\/06\/logo-transparent-png.png","width":3943,"height":4000,"caption":"Femmes En Pause Consciente"},"image":{"@id":"https:\/\/femmes-en-pause-consciente.fr\/#\/schema\/logo\/image\/"}}]}},"_links":{"self":[{"href":"https:\/\/femmes-en-pause-consciente.fr\/index.php\/wp-json\/wp\/v2\/pages\/129","targetHints":{"allow":["GET"]}}],"collection":[{"href":"https:\/\/femmes-en-pause-consciente.fr\/index.php\/wp-json\/wp\/v2\/pages"}],"about":[{"href":"https:\/\/femmes-en-pause-consciente.fr\/index.php\/wp-json\/wp\/v2\/types\/page"}],"author":[{"embeddable":true,"href":"https:\/\/femmes-en-pause-consciente.fr\/index.php\/wp-json\/wp\/v2\/users\/1"}],"replies":[{"embeddable":true,"href":"https:\/\/femmes-en-pause-consciente.fr\/index.php\/wp-json\/wp\/v2\/comments?post=129"}],"version-history":[{"count":20,"href":"https:\/\/femmes-en-pause-consciente.fr\/index.php\/wp-json\/wp\/v2\/pages\/129\/revisions"}],"predecessor-version":[{"id":888,"href":"https:\/\/femmes-en-pause-consciente.fr\/index.php\/wp-json\/wp\/v2\/pages\/129\/revisions\/888"}],"wp:featuredmedia":[{"embeddable":true,"href":"https:\/\/femmes-en-pause-consciente.fr\/index.php\/wp-json\/wp\/v2\/media\/211"}],"wp:attachment":[{"href":"https:\/\/femmes-en-pause-consciente.fr\/index.php\/wp-json\/wp\/v2\/media?parent=129"}],"curies":[{"name":"wp","href":"https:\/\/api.w.org\/{rel}","templated":true}]}}