{"id":160,"date":"2024-06-27T10:05:54","date_gmt":"2024-06-27T08:05:54","guid":{"rendered":"https:\/\/femmes-en-pause-consciente.fr\/?page_id=160"},"modified":"2025-05-26T11:18:59","modified_gmt":"2025-05-26T09:18:59","slug":"me-contacter","status":"publish","type":"page","link":"https:\/\/femmes-en-pause-consciente.fr\/index.php\/me-contacter\/","title":{"rendered":"Me contacter"},"content":{"rendered":"\n<h2 class=\"wp-block-heading has-text-align-center\"><strong>CONTACT<\/strong><\/h2>\n\n\n\n<div class=\"wp-block-media-text is-stacked-on-mobile\" style=\"grid-template-columns:34% auto\"><figure class=\"wp-block-media-text__media\"><a href=\"https:\/\/www.medoucine.com\/consultation\/ibos\/marie-ange-aguillon\/14109?utm_source=social&amp;utm_medium=pack-com&amp;utm_campaign=marie-ange-aguillon\"><img loading=\"lazy\" decoding=\"async\" width=\"1024\" height=\"1024\" src=\"https:\/\/femmes-en-pause-consciente.fr\/wp-content\/uploads\/2024\/05\/logo-FPC-1024x1024.png\" alt=\"\" class=\"wp-image-618 size-full\" srcset=\"https:\/\/femmes-en-pause-consciente.fr\/wp-content\/uploads\/2024\/05\/logo-FPC-1024x1024.png 1024w, https:\/\/femmes-en-pause-consciente.fr\/wp-content\/uploads\/2024\/05\/logo-FPC-300x300.png 300w, https:\/\/femmes-en-pause-consciente.fr\/wp-content\/uploads\/2024\/05\/logo-FPC-150x150.png 150w, https:\/\/femmes-en-pause-consciente.fr\/wp-content\/uploads\/2024\/05\/logo-FPC-768x768.png 768w, https:\/\/femmes-en-pause-consciente.fr\/wp-content\/uploads\/2024\/05\/logo-FPC-1536x1536.png 1536w, https:\/\/femmes-en-pause-consciente.fr\/wp-content\/uploads\/2024\/05\/logo-FPC.png 2000w\" sizes=\"auto, (max-width: 1024px) 100vw, 1024px\" \/><\/a><\/figure><div class=\"wp-block-media-text__content\">\n<p>Marie-Ange AGUILLON<\/p>\n\n\n\n<p>Th\u00e9rapeute en soins holistiques<\/p>\n\n\n\n<p>8, Place de Verdun<\/p>\n\n\n\n<p>65420 IBOS<\/p>\n\n\n\n<p> 07 87 95 74 70<\/p>\n\n\n\n<p> marie-ange@femmes-en-pause-consciente.fr<\/p>\n<\/div><\/div>\n\n\n\n<p><strong>Je re\u00e7ois uniquement sur Rendez-Vous<\/strong>.<\/p>\n\n\n\n<p><\/p>\n\n\n\n<div class=\"wp-block-buttons is-layout-flex wp-block-buttons-is-layout-flex\">\n<div class=\"wp-block-button\"><a class=\"wp-block-button__link wp-element-button\" href=\"https:\/\/www.medoucine.com\/consultation\/ibos\/marie-ange-aguillon\/14109?utm_source=social&amp;utm_medium=pack-com&amp;utm_campaign=marie-ange-aguillon\">Prendre rendez-vous au : 07 87 95 74 70<\/a><\/div>\n<\/div>\n\n\n\n<iframe src=\"https:\/\/www.google.com\/maps\/embed?pb=!1m18!1m12!1m3!1d2906.82546926308!2d-0.0004588242918511833!3d43.234118779435555!2m3!1f0!2f0!3f0!3m2!1i1024!2i768!4f13.1!3m3!1m2!1s0x12a9d5f530411327%3A0xef6d1cdd2b0c882c!2s8%20Pl.%20de%20Verdun%2C%2065420%20Ibos!5e0!3m2!1sfr!2sfr!4v1719477698214!5m2!1sfr!2sfr\" width=\"600\" height=\"450\" style=\"border:0;\" allowfullscreen=\"\" loading=\"lazy\" referrerpolicy=\"no-referrer-when-downgrade\"><\/iframe>\n\n\n\n<div class=\"wp-block-group is-nowrap is-layout-flex wp-container-core-group-is-layout-6c531013 wp-block-group-is-layout-flex\">\n<div class=\"wp-block-media-text is-stacked-on-mobile\"><figure class=\"wp-block-media-text__media\"><img loading=\"lazy\" decoding=\"async\" width=\"266\" height=\"189\" src=\"https:\/\/femmes-en-pause-consciente.fr\/wp-content\/uploads\/2024\/05\/images-2.jpg\" alt=\"\" class=\"wp-image-668 size-full\"\/><\/figure><div class=\"wp-block-media-text__content\">\n<p>Stationnement possible \u00e0 50 m : au centre du village d&rsquo;Ibos \u00e0 c\u00f4t\u00e9 de la mairie devant la halle,ou face \u00e0 l&rsquo;\u00e9glise.<\/p>\n\n\n\n<p><\/p>\n<\/div><\/div>\n<\/div>\n\n\n\n<p>Veuillez venir \u00e0 l&rsquo;heure, car je n&rsquo;ai pas de salle d&rsquo;attente, merci de votre compr\u00e9hension.<\/p>\n\n\n\n<p class=\"has-text-align-center\"><strong>MES HORAIRES D&rsquo;OUVERTURE :<\/strong><\/p>\n\n\n\n<p class=\"has-text-align-center\">LUNDI, MARDI, MERCREDI, JEUDI, VENDREDI matin : de 10H &#8211; 12H<\/p>\n\n\n\n<p class=\"has-text-align-center\"> JEUDI, VENDREDI et SAMEDI l&rsquo;apr\u00e8s midi : de 14H &#8211; 20H<\/p>\n\n\n\n<p class=\"has-text-align-center\"><strong> ET DE FERMETURE : <\/strong><\/p>\n\n\n\n<p class=\"has-text-align-center\">DIMANCHE toute la journ\u00e9e<\/p>\n\n\n\n<p><strong>Vous avez une question? <\/strong><\/p>\n\n\n\n<p>N&rsquo;h\u00e9sitez pas \u00e0 me contacter directement.<\/p>\n\n\n\n<p>Au plaisir de partager avec vous !<\/p>\n\n\n\n<p><\/p>\n\n\n\n<div class=\"wp-block-buttons is-layout-flex wp-block-buttons-is-layout-flex\">\n<div class=\"wp-block-button\"><a class=\"wp-block-button__link wp-element-button\" href=\"https:\/\/www.medoucine.com\/consultation\/ibos\/marie-ange-aguillon\/14109?utm_source=social&amp;utm_medium=pack-com&amp;utm_campaign=marie-ange-aguillon\">Prendre rendez-vous au 07 87 95 74 70<\/a><\/div>\n<\/div>\n\n\n\n<p><\/p>\n\n\n\n<figure class=\"wp-block-image size-large\"><img loading=\"lazy\" decoding=\"async\" width=\"1024\" height=\"439\" src=\"https:\/\/femmes-en-pause-consciente.fr\/wp-content\/uploads\/2024\/06\/DSC_0810-1024x439.jpg\" alt=\"\" class=\"wp-image-707\" srcset=\"https:\/\/femmes-en-pause-consciente.fr\/wp-content\/uploads\/2024\/06\/DSC_0810-1024x439.jpg 1024w, https:\/\/femmes-en-pause-consciente.fr\/wp-content\/uploads\/2024\/06\/DSC_0810-300x129.jpg 300w, https:\/\/femmes-en-pause-consciente.fr\/wp-content\/uploads\/2024\/06\/DSC_0810-768x329.jpg 768w, https:\/\/femmes-en-pause-consciente.fr\/wp-content\/uploads\/2024\/06\/DSC_0810-1536x658.jpg 1536w, https:\/\/femmes-en-pause-consciente.fr\/wp-content\/uploads\/2024\/06\/DSC_0810-2048x878.jpg 2048w\" sizes=\"auto, (max-width: 1024px) 100vw, 1024px\" \/><\/figure>\n\n\n\n<p><\/p>\n\n\n\n<figure class=\"wp-block-gallery has-nested-images columns-default is-cropped wp-block-gallery-1 is-layout-flex wp-block-gallery-is-layout-flex\">\n<figure class=\"wp-block-image size-large is-resized is-style-rounded\"><img loading=\"lazy\" decoding=\"async\" width=\"1024\" height=\"683\" data-id=\"661\" src=\"https:\/\/femmes-en-pause-consciente.fr\/wp-content\/uploads\/2024\/05\/IMG_4818-1024x683.jpg\" alt=\"\" class=\"wp-image-661\" style=\"width:268px;height:auto\" srcset=\"https:\/\/femmes-en-pause-consciente.fr\/wp-content\/uploads\/2024\/05\/IMG_4818-1024x683.jpg 1024w, https:\/\/femmes-en-pause-consciente.fr\/wp-content\/uploads\/2024\/05\/IMG_4818-300x200.jpg 300w, https:\/\/femmes-en-pause-consciente.fr\/wp-content\/uploads\/2024\/05\/IMG_4818-768x512.jpg 768w, https:\/\/femmes-en-pause-consciente.fr\/wp-content\/uploads\/2024\/05\/IMG_4818-1536x1024.jpg 1536w, https:\/\/femmes-en-pause-consciente.fr\/wp-content\/uploads\/2024\/05\/IMG_4818-2048x1365.jpg 2048w\" sizes=\"auto, (max-width: 1024px) 100vw, 1024px\" \/><\/figure>\n\n\n\n<figure class=\"wp-block-image size-large is-style-rounded\"><img loading=\"lazy\" decoding=\"async\" width=\"1024\" height=\"769\" data-id=\"665\" src=\"https:\/\/femmes-en-pause-consciente.fr\/wp-content\/uploads\/2024\/05\/medit-1-1024x769.png\" alt=\"\" class=\"wp-image-665\" srcset=\"https:\/\/femmes-en-pause-consciente.fr\/wp-content\/uploads\/2024\/05\/medit-1-1024x769.png 1024w, https:\/\/femmes-en-pause-consciente.fr\/wp-content\/uploads\/2024\/05\/medit-1-300x225.png 300w, https:\/\/femmes-en-pause-consciente.fr\/wp-content\/uploads\/2024\/05\/medit-1-768x576.png 768w, https:\/\/femmes-en-pause-consciente.fr\/wp-content\/uploads\/2024\/05\/medit-1-1536x1153.png 1536w, https:\/\/femmes-en-pause-consciente.fr\/wp-content\/uploads\/2024\/05\/medit-1.png 1864w\" sizes=\"auto, (max-width: 1024px) 100vw, 1024px\" \/><\/figure>\n\n\n\n<figure class=\"wp-block-image aligncenter size-large is-resized is-style-rounded\"><img loading=\"lazy\" decoding=\"async\" width=\"699\" height=\"1024\" data-id=\"684\" src=\"https:\/\/femmes-en-pause-consciente.fr\/wp-content\/uploads\/2024\/06\/IMG_3669-699x1024.jpg\" alt=\"\" class=\"wp-image-684\" style=\"width:153px;height:auto\" srcset=\"https:\/\/femmes-en-pause-consciente.fr\/wp-content\/uploads\/2024\/06\/IMG_3669-699x1024.jpg 699w, https:\/\/femmes-en-pause-consciente.fr\/wp-content\/uploads\/2024\/06\/IMG_3669-205x300.jpg 205w, https:\/\/femmes-en-pause-consciente.fr\/wp-content\/uploads\/2024\/06\/IMG_3669-768x1125.jpg 768w, https:\/\/femmes-en-pause-consciente.fr\/wp-content\/uploads\/2024\/06\/IMG_3669-1048x1536.jpg 1048w, https:\/\/femmes-en-pause-consciente.fr\/wp-content\/uploads\/2024\/06\/IMG_3669-1398x2048.jpg 1398w, https:\/\/femmes-en-pause-consciente.fr\/wp-content\/uploads\/2024\/06\/IMG_3669-scaled.jpg 1747w\" sizes=\"auto, (max-width: 699px) 100vw, 699px\" \/><\/figure>\n<\/figure>\n\n\n\n<p><\/p>\n\n\n\n<figure class=\"wp-block-image size-large is-resized\"><img loading=\"lazy\" decoding=\"async\" width=\"1014\" height=\"1024\" src=\"https:\/\/femmes-en-pause-consciente.fr\/wp-content\/uploads\/2024\/05\/logo-5-1014x1024.png\" alt=\"\" class=\"wp-image-666\" style=\"width:77px;height:auto\" srcset=\"https:\/\/femmes-en-pause-consciente.fr\/wp-content\/uploads\/2024\/05\/logo-5-1014x1024.png 1014w, https:\/\/femmes-en-pause-consciente.fr\/wp-content\/uploads\/2024\/05\/logo-5-297x300.png 297w, https:\/\/femmes-en-pause-consciente.fr\/wp-content\/uploads\/2024\/05\/logo-5-150x150.png 150w, https:\/\/femmes-en-pause-consciente.fr\/wp-content\/uploads\/2024\/05\/logo-5-768x776.png 768w, https:\/\/femmes-en-pause-consciente.fr\/wp-content\/uploads\/2024\/05\/logo-5.png 1267w\" sizes=\"auto, (max-width: 1014px) 100vw, 1014px\" \/><\/figure>\n\n\n\n<div class=\"wp-block-media-text is-stacked-on-mobile\" style=\"grid-template-columns:32% auto\"><figure class=\"wp-block-media-text__media\"><img loading=\"lazy\" decoding=\"async\" width=\"683\" height=\"1024\" src=\"https:\/\/femmes-en-pause-consciente.fr\/wp-content\/uploads\/2024\/06\/IMG_3641-1-683x1024.jpg\" alt=\"\" class=\"wp-image-760 size-full\" srcset=\"https:\/\/femmes-en-pause-consciente.fr\/wp-content\/uploads\/2024\/06\/IMG_3641-1-683x1024.jpg 683w, https:\/\/femmes-en-pause-consciente.fr\/wp-content\/uploads\/2024\/06\/IMG_3641-1-200x300.jpg 200w, https:\/\/femmes-en-pause-consciente.fr\/wp-content\/uploads\/2024\/06\/IMG_3641-1-768x1152.jpg 768w, https:\/\/femmes-en-pause-consciente.fr\/wp-content\/uploads\/2024\/06\/IMG_3641-1-1024x1536.jpg 1024w, https:\/\/femmes-en-pause-consciente.fr\/wp-content\/uploads\/2024\/06\/IMG_3641-1-1365x2048.jpg 1365w, https:\/\/femmes-en-pause-consciente.fr\/wp-content\/uploads\/2024\/06\/IMG_3641-1-scaled.jpg 1707w\" sizes=\"auto, (max-width: 683px) 100vw, 683px\" \/><\/figure><div class=\"wp-block-media-text__content\">\n<p><\/p>\n\n\n\n<p>Merci de prendre le soin d\u2019annuler ou de modifier votre s\u00e9ance par t\u00e9l\u00e9phone, au moins 48 heures \u00e0 l\u2019avance, sauf cas exceptionnel de force majeure, afin que votre cr\u00e9neau puisse \u00eatre allou\u00e9 \u00e0 une personne en ayant besoin. Gratitude.<\/p>\n<\/div><\/div>\n\n\n\n<h2 class=\"wp-block-heading\">\u00ab\u00a0Lib\u00e9rez vous et osez cr\u00e9er votre nouvelle r\u00e9alit\u00e9 :\u00a0\u00bb<\/h2>\n\n\n\n<p><\/p>\n\n\n\n<figure class=\"wp-block-image size-full\"><img loading=\"lazy\" decoding=\"async\" width=\"960\" height=\"608\" src=\"https:\/\/femmes-en-pause-consciente.fr\/wp-content\/uploads\/2024\/06\/sun-3686851_960_720.jpg\" alt=\"\" class=\"wp-image-767\" srcset=\"https:\/\/femmes-en-pause-consciente.fr\/wp-content\/uploads\/2024\/06\/sun-3686851_960_720.jpg 960w, https:\/\/femmes-en-pause-consciente.fr\/wp-content\/uploads\/2024\/06\/sun-3686851_960_720-300x190.jpg 300w, https:\/\/femmes-en-pause-consciente.fr\/wp-content\/uploads\/2024\/06\/sun-3686851_960_720-768x486.jpg 768w\" sizes=\"auto, (max-width: 960px) 100vw, 960px\" \/><\/figure>\n\n\n\n<div class=\"wp-block-buttons is-layout-flex wp-block-buttons-is-layout-flex\">\n<div class=\"wp-block-button\"><a class=\"wp-block-button__link wp-element-button\" href=\"https:\/\/www.medoucine.com\/consultation\/ibos\/marie-ange-aguillon\/14109?utm_source=social&amp;utm_medium=pack-com&amp;utm_campaign=marie-ange-aguillon\">Prendre rendez-vous au 07 87 95 74 70<\/a><\/div>\n<\/div>\n","protected":false},"excerpt":{"rendered":"<p>CONTACT Marie-Ange AGUILLON Th\u00e9rapeute en soins holistiques 8, Place de Verdun 65420 IBOS 07 87 95 74 70 marie-ange@femmes-en-pause-consciente.fr Je re\u00e7ois uniquement sur Rendez-Vous. Stationnement possible \u00e0 50 m : au centre du village d&rsquo;Ibos \u00e0 c\u00f4t\u00e9 de la mairie devant la halle,ou face \u00e0 l&rsquo;\u00e9glise. Veuillez venir \u00e0 l&rsquo;heure, car je n&rsquo;ai pas de [&hellip;]<\/p>\n","protected":false},"author":1,"featured_media":451,"parent":0,"menu_order":0,"comment_status":"closed","ping_status":"closed","template":"","meta":{"footnotes":""},"class_list":["post-160","page","type-page","status-publish","has-post-thumbnail","hentry"],"yoast_head":"<!-- This site is optimized with the Yoast SEO plugin v24.8.1 - https:\/\/yoast.com\/wordpress\/plugins\/seo\/ -->\n<title>Me contacter - Femmes En Pause Consciente<\/title>\n<meta name=\"robots\" content=\"index, follow, max-snippet:-1, max-image-preview:large, max-video-preview:-1\" \/>\n<link rel=\"canonical\" href=\"https:\/\/femmes-en-pause-consciente.fr\/index.php\/me-contacter\/\" \/>\n<meta property=\"og:locale\" content=\"fr_FR\" \/>\n<meta property=\"og:type\" content=\"article\" \/>\n<meta property=\"og:title\" content=\"Me contacter - Femmes En Pause Consciente\" \/>\n<meta property=\"og:description\" content=\"CONTACT Marie-Ange AGUILLON Th\u00e9rapeute en soins holistiques 8, Place de Verdun 65420 IBOS 07 87 95 74 70 marie-ange@femmes-en-pause-consciente.fr Je re\u00e7ois uniquement sur Rendez-Vous. Stationnement possible \u00e0 50 m : au centre du village d&rsquo;Ibos \u00e0 c\u00f4t\u00e9 de la mairie devant la halle,ou face \u00e0 l&rsquo;\u00e9glise. Veuillez venir \u00e0 l&rsquo;heure, car je n&rsquo;ai pas de [&hellip;]\" \/>\n<meta property=\"og:url\" content=\"https:\/\/femmes-en-pause-consciente.fr\/index.php\/me-contacter\/\" \/>\n<meta property=\"og:site_name\" content=\"Femmes En Pause Consciente\" \/>\n<meta property=\"article:modified_time\" content=\"2025-05-26T09:18:59+00:00\" \/>\n<meta property=\"og:image\" content=\"https:\/\/femmes-en-pause-consciente.fr\/wp-content\/uploads\/2024\/04\/chaine-pyrenees.jpg\" \/>\n\t<meta property=\"og:image:width\" content=\"960\" \/>\n\t<meta property=\"og:image:height\" content=\"343\" \/>\n\t<meta property=\"og:image:type\" content=\"image\/jpeg\" \/>\n<meta name=\"twitter:card\" content=\"summary_large_image\" \/>\n<meta name=\"twitter:label1\" content=\"Dur\u00e9e de lecture estim\u00e9e\" \/>\n\t<meta name=\"twitter:data1\" content=\"3 minutes\" \/>\n<script type=\"application\/ld+json\" class=\"yoast-schema-graph\">{\"@context\":\"https:\/\/schema.org\",\"@graph\":[{\"@type\":\"WebPage\",\"@id\":\"https:\/\/femmes-en-pause-consciente.fr\/index.php\/me-contacter\/\",\"url\":\"https:\/\/femmes-en-pause-consciente.fr\/index.php\/me-contacter\/\",\"name\":\"Me contacter - Femmes En Pause Consciente\",\"isPartOf\":{\"@id\":\"https:\/\/femmes-en-pause-consciente.fr\/#website\"},\"primaryImageOfPage\":{\"@id\":\"https:\/\/femmes-en-pause-consciente.fr\/index.php\/me-contacter\/#primaryimage\"},\"image\":{\"@id\":\"https:\/\/femmes-en-pause-consciente.fr\/index.php\/me-contacter\/#primaryimage\"},\"thumbnailUrl\":\"https:\/\/femmes-en-pause-consciente.fr\/wp-content\/uploads\/2024\/04\/chaine-pyrenees.jpg\",\"datePublished\":\"2024-06-27T08:05:54+00:00\",\"dateModified\":\"2025-05-26T09:18:59+00:00\",\"breadcrumb\":{\"@id\":\"https:\/\/femmes-en-pause-consciente.fr\/index.php\/me-contacter\/#breadcrumb\"},\"inLanguage\":\"fr-FR\",\"potentialAction\":[{\"@type\":\"ReadAction\",\"target\":[\"https:\/\/femmes-en-pause-consciente.fr\/index.php\/me-contacter\/\"]}]},{\"@type\":\"ImageObject\",\"inLanguage\":\"fr-FR\",\"@id\":\"https:\/\/femmes-en-pause-consciente.fr\/index.php\/me-contacter\/#primaryimage\",\"url\":\"https:\/\/femmes-en-pause-consciente.fr\/wp-content\/uploads\/2024\/04\/chaine-pyrenees.jpg\",\"contentUrl\":\"https:\/\/femmes-en-pause-consciente.fr\/wp-content\/uploads\/2024\/04\/chaine-pyrenees.jpg\",\"width\":960,\"height\":343},{\"@type\":\"BreadcrumbList\",\"@id\":\"https:\/\/femmes-en-pause-consciente.fr\/index.php\/me-contacter\/#breadcrumb\",\"itemListElement\":[{\"@type\":\"ListItem\",\"position\":1,\"name\":\"Accueil\",\"item\":\"https:\/\/femmes-en-pause-consciente.fr\/\"},{\"@type\":\"ListItem\",\"position\":2,\"name\":\"Me contacter\"}]},{\"@type\":\"WebSite\",\"@id\":\"https:\/\/femmes-en-pause-consciente.fr\/#website\",\"url\":\"https:\/\/femmes-en-pause-consciente.fr\/\",\"name\":\"Femmes En Pause Consciente\",\"description\":\"Le Chemin du L\u00e2cher Prise\",\"publisher\":{\"@id\":\"https:\/\/femmes-en-pause-consciente.fr\/#organization\"},\"potentialAction\":[{\"@type\":\"SearchAction\",\"target\":{\"@type\":\"EntryPoint\",\"urlTemplate\":\"https:\/\/femmes-en-pause-consciente.fr\/?s={search_term_string}\"},\"query-input\":{\"@type\":\"PropertyValueSpecification\",\"valueRequired\":true,\"valueName\":\"search_term_string\"}}],\"inLanguage\":\"fr-FR\"},{\"@type\":\"Organization\",\"@id\":\"https:\/\/femmes-en-pause-consciente.fr\/#organization\",\"name\":\"Femmes En Pause Consciente\",\"url\":\"https:\/\/femmes-en-pause-consciente.fr\/\",\"logo\":{\"@type\":\"ImageObject\",\"inLanguage\":\"fr-FR\",\"@id\":\"https:\/\/femmes-en-pause-consciente.fr\/#\/schema\/logo\/image\/\",\"url\":\"https:\/\/femmes-en-pause-consciente.fr\/wp-content\/uploads\/2024\/06\/logo-transparent-png.png\",\"contentUrl\":\"https:\/\/femmes-en-pause-consciente.fr\/wp-content\/uploads\/2024\/06\/logo-transparent-png.png\",\"width\":3943,\"height\":4000,\"caption\":\"Femmes En Pause Consciente\"},\"image\":{\"@id\":\"https:\/\/femmes-en-pause-consciente.fr\/#\/schema\/logo\/image\/\"}}]}<\/script>\n<!-- \/ Yoast SEO plugin. -->","yoast_head_json":{"title":"Me contacter - Femmes En Pause Consciente","robots":{"index":"index","follow":"follow","max-snippet":"max-snippet:-1","max-image-preview":"max-image-preview:large","max-video-preview":"max-video-preview:-1"},"canonical":"https:\/\/femmes-en-pause-consciente.fr\/index.php\/me-contacter\/","og_locale":"fr_FR","og_type":"article","og_title":"Me contacter - Femmes En Pause Consciente","og_description":"CONTACT Marie-Ange AGUILLON Th\u00e9rapeute en soins holistiques 8, Place de Verdun 65420 IBOS 07 87 95 74 70 marie-ange@femmes-en-pause-consciente.fr Je re\u00e7ois uniquement sur Rendez-Vous. Stationnement possible \u00e0 50 m : au centre du village d&rsquo;Ibos \u00e0 c\u00f4t\u00e9 de la mairie devant la halle,ou face \u00e0 l&rsquo;\u00e9glise. Veuillez venir \u00e0 l&rsquo;heure, car je n&rsquo;ai pas de [&hellip;]","og_url":"https:\/\/femmes-en-pause-consciente.fr\/index.php\/me-contacter\/","og_site_name":"Femmes En Pause Consciente","article_modified_time":"2025-05-26T09:18:59+00:00","og_image":[{"width":960,"height":343,"url":"https:\/\/femmes-en-pause-consciente.fr\/wp-content\/uploads\/2024\/04\/chaine-pyrenees.jpg","type":"image\/jpeg"}],"twitter_card":"summary_large_image","twitter_misc":{"Dur\u00e9e de lecture estim\u00e9e":"3 minutes"},"schema":{"@context":"https:\/\/schema.org","@graph":[{"@type":"WebPage","@id":"https:\/\/femmes-en-pause-consciente.fr\/index.php\/me-contacter\/","url":"https:\/\/femmes-en-pause-consciente.fr\/index.php\/me-contacter\/","name":"Me contacter - Femmes En Pause Consciente","isPartOf":{"@id":"https:\/\/femmes-en-pause-consciente.fr\/#website"},"primaryImageOfPage":{"@id":"https:\/\/femmes-en-pause-consciente.fr\/index.php\/me-contacter\/#primaryimage"},"image":{"@id":"https:\/\/femmes-en-pause-consciente.fr\/index.php\/me-contacter\/#primaryimage"},"thumbnailUrl":"https:\/\/femmes-en-pause-consciente.fr\/wp-content\/uploads\/2024\/04\/chaine-pyrenees.jpg","datePublished":"2024-06-27T08:05:54+00:00","dateModified":"2025-05-26T09:18:59+00:00","breadcrumb":{"@id":"https:\/\/femmes-en-pause-consciente.fr\/index.php\/me-contacter\/#breadcrumb"},"inLanguage":"fr-FR","potentialAction":[{"@type":"ReadAction","target":["https:\/\/femmes-en-pause-consciente.fr\/index.php\/me-contacter\/"]}]},{"@type":"ImageObject","inLanguage":"fr-FR","@id":"https:\/\/femmes-en-pause-consciente.fr\/index.php\/me-contacter\/#primaryimage","url":"https:\/\/femmes-en-pause-consciente.fr\/wp-content\/uploads\/2024\/04\/chaine-pyrenees.jpg","contentUrl":"https:\/\/femmes-en-pause-consciente.fr\/wp-content\/uploads\/2024\/04\/chaine-pyrenees.jpg","width":960,"height":343},{"@type":"BreadcrumbList","@id":"https:\/\/femmes-en-pause-consciente.fr\/index.php\/me-contacter\/#breadcrumb","itemListElement":[{"@type":"ListItem","position":1,"name":"Accueil","item":"https:\/\/femmes-en-pause-consciente.fr\/"},{"@type":"ListItem","position":2,"name":"Me contacter"}]},{"@type":"WebSite","@id":"https:\/\/femmes-en-pause-consciente.fr\/#website","url":"https:\/\/femmes-en-pause-consciente.fr\/","name":"Femmes En Pause Consciente","description":"Le Chemin du L\u00e2cher Prise","publisher":{"@id":"https:\/\/femmes-en-pause-consciente.fr\/#organization"},"potentialAction":[{"@type":"SearchAction","target":{"@type":"EntryPoint","urlTemplate":"https:\/\/femmes-en-pause-consciente.fr\/?s={search_term_string}"},"query-input":{"@type":"PropertyValueSpecification","valueRequired":true,"valueName":"search_term_string"}}],"inLanguage":"fr-FR"},{"@type":"Organization","@id":"https:\/\/femmes-en-pause-consciente.fr\/#organization","name":"Femmes En Pause Consciente","url":"https:\/\/femmes-en-pause-consciente.fr\/","logo":{"@type":"ImageObject","inLanguage":"fr-FR","@id":"https:\/\/femmes-en-pause-consciente.fr\/#\/schema\/logo\/image\/","url":"https:\/\/femmes-en-pause-consciente.fr\/wp-content\/uploads\/2024\/06\/logo-transparent-png.png","contentUrl":"https:\/\/femmes-en-pause-consciente.fr\/wp-content\/uploads\/2024\/06\/logo-transparent-png.png","width":3943,"height":4000,"caption":"Femmes En Pause Consciente"},"image":{"@id":"https:\/\/femmes-en-pause-consciente.fr\/#\/schema\/logo\/image\/"}}]}},"_links":{"self":[{"href":"https:\/\/femmes-en-pause-consciente.fr\/index.php\/wp-json\/wp\/v2\/pages\/160","targetHints":{"allow":["GET"]}}],"collection":[{"href":"https:\/\/femmes-en-pause-consciente.fr\/index.php\/wp-json\/wp\/v2\/pages"}],"about":[{"href":"https:\/\/femmes-en-pause-consciente.fr\/index.php\/wp-json\/wp\/v2\/types\/page"}],"author":[{"embeddable":true,"href":"https:\/\/femmes-en-pause-consciente.fr\/index.php\/wp-json\/wp\/v2\/users\/1"}],"replies":[{"embeddable":true,"href":"https:\/\/femmes-en-pause-consciente.fr\/index.php\/wp-json\/wp\/v2\/comments?post=160"}],"version-history":[{"count":56,"href":"https:\/\/femmes-en-pause-consciente.fr\/index.php\/wp-json\/wp\/v2\/pages\/160\/revisions"}],"predecessor-version":[{"id":907,"href":"https:\/\/femmes-en-pause-consciente.fr\/index.php\/wp-json\/wp\/v2\/pages\/160\/revisions\/907"}],"wp:featuredmedia":[{"embeddable":true,"href":"https:\/\/femmes-en-pause-consciente.fr\/index.php\/wp-json\/wp\/v2\/media\/451"}],"wp:attachment":[{"href":"https:\/\/femmes-en-pause-consciente.fr\/index.php\/wp-json\/wp\/v2\/media?parent=160"}],"curies":[{"name":"wp","href":"https:\/\/api.w.org\/{rel}","templated":true}]}}