{"id":3,"date":"2024-03-13T19:37:17","date_gmt":"2024-03-13T18:37:17","guid":{"rendered":"http:\/\/femmes-en-pause-consciente.fr\/?page_id=3"},"modified":"2024-06-27T10:07:59","modified_gmt":"2024-06-27T08:07:59","slug":"politique-de-confidentialite","status":"publish","type":"page","link":"https:\/\/femmes-en-pause-consciente.fr\/index.php\/politique-de-confidentialite\/","title":{"rendered":"Politique de confidentialit\u00e9"},"content":{"rendered":"\n<h2 class=\"wp-block-heading\">Qui sommes-nous&nbsp;?<\/h2>\n\n\n\n<p>L\u2019adresse de notre site est&nbsp;: https:\/\/femmes-en-pause-consciente.fr.<\/p>\n\n\n\n<p>Femmes en Pause Consciente<br>8, Place de Verdun 65420 IBOS<br>T\u00e9l. : 0787957470<\/p>\n\n\n\n<p>Siret : 98537977500010<br>Auto Entreprise Individuelle<\/p>\n\n\n\n<h4 class=\"wp-block-heading\">Responsable de la publication<\/h4>\n\n\n\n<p>Marie-Ange AGUILLON<br>marie-ange@femmes-en-pause-consciente.fr<\/p>\n\n\n\n<h4 class=\"wp-block-heading\">H\u00e9bergeur du site<\/h4>\n\n\n\n<p>Ce site est h\u00e9berg\u00e9 par OVH SAS 2 rue Kellermann &#8211; 59100 Roubaix &#8211; France<br>Site internet :www.ovhcloud.com<\/p>\n\n\n\n<h2 class=\"wp-block-heading\">R\u00e8glementation int\u00e9rieure et conditions de vente<\/h2>\n\n\n\n<h4 class=\"wp-block-heading\">R\u00e9servation<\/h4>\n\n\n\n<p>Les demandes de r\u00e9servations sont possibles par t\u00e9l\u00e9phone, par le formulaire de contact ou par mail.<\/p>\n\n\n\n<p>Les r\u00e9servations par texto, mails seront soumises \u00e0 un d\u00e9lai de traitement fluctuant et ne pourront \u00eatre consid\u00e9r\u00e9es comme confirm\u00e9es qu&rsquo;apr\u00e8s une validation de la part de Femmes en pause consciente soit par t\u00e9l\u00e9phone soit par retour sur le m\u00eame biais que la demande. Faute de cette confirmation, les r\u00e9servations ne pourront \u00eatre revendiqu\u00e9es.<\/p>\n\n\n\n<h4 class=\"wp-block-heading\">Moyens de paiement&nbsp;<\/h4>\n\n\n\n<p>Possibilit\u00e9 de r\u00e9gler la s\u00e9ance uniquement par ch\u00e8que ou en esp\u00e8ces (merci de pr\u00e9voir l&rsquo;appoint).&nbsp;<\/p>\n\n\n\n<h4 class=\"wp-block-heading\">Contres indications<\/h4>\n\n\n\n<p>Il est contre indiqu\u00e9 dans les cas d\u2019urgence, ainsi que d\u2019affections ou de syndromes graves. Les personnes souffrant de fi\u00e8vre, d\u2019infections et d\u2019inflammations aig\u00fces, de fractures, h\u00e9morragies, cancer en phase \u00e9volutive, femme enceinte, phl\u00e9bite, fi\u00e8vre, ost\u00e9oporose en stade avanc\u00e9  ne sont pas en \u00e9tat de recevoir une s\u00e9ance.<\/p>\n\n\n\n<h4 class=\"wp-block-heading\">CPAM et mutuelles&nbsp;<\/h4>\n\n\n\n<p>Les s\u00e9ances de R\u00e9flexologie, Massage bien-\u00eatre et de Reiki ne sont pas rembours\u00e9es par l&rsquo;assurance maladie mais peuvent \u00eatre prises en charge (tout ou partie) par certaines mutuelles dans la cadre de certains contrats sp\u00e9cifiques. N&rsquo;h\u00e9sitez pas \u00e0 vous renseigner aupr\u00e8s de votre mutuelle . A votre demande, une facture de la s\u00e9ance vous sera envoy\u00e9e par mail afin que vous puissiez faire valoir vos droits \u00e0 remboursement \u00e9ventuel.<\/p>\n\n\n\n<h4 class=\"wp-block-heading\">Soins \u00e9nerg\u00e9tiques<\/h4>\n\n\n\n<p>Le Reiki, la R\u00e9flexologie, le Massage Bien-\u00eatre, le Do-in, l&rsquo;EFT sont des pratiques \u00e9nerg\u00e9tiques qui ne se substituent en aucun cas \u00e0 un avis m\u00e9dical ou \u00e0 un traitement en cours.&nbsp;<\/p>\n\n\n\n<h4 class=\"wp-block-heading\">La s\u00e9ance<\/h4>\n\n\n\n<p>La dur\u00e9e globale d&rsquo;une s\u00e9ance de 1h30 comprend l&rsquo;accueil, l&rsquo;entretien, un temps de recentrage, le soin en lui m\u00eame, le bilan du ressenti.<\/p>\n\n\n\n<p>Une boisson chaude ou froide est offerte en fin de s\u00e9ance.<\/p>\n\n\n\n<h4 class=\"wp-block-heading\">S\u00e9ance \u00e0 domicile<\/h4>\n\n\n\n<p>Dans le cas d&rsquo;une impossibilit\u00e9 de vous d\u00e9placer, la s\u00e9ance peut s&rsquo;effectuer \u00e0 domicile dans un rayon de 5km autour de IBOS, et ce, moyennant un suppl\u00e9ment de 10\u20ac sur le prix initial de la s\u00e9ance en cabinet.<\/p>\n\n\n\n<p>L&rsquo;essentiel des soins propos\u00e9s par le cabinet Femmes en Pause Consciente sont concern\u00e9s : la r\u00e9flexologie \u00e9nerg\u00e9tique et le reiki.<\/p>\n\n\n\n<h4 class=\"wp-block-heading\">Tarifs<\/h4>\n\n\n\n<p>Le tarif d\u00fb est celui affich\u00e9 sur le site www.femmes-en-pause-consciente.fr ou en cabinet le jour de la s\u00e9ance.<\/p>\n\n\n\n<h4 class=\"wp-block-heading\">Annulation et modification de rendez-vous&nbsp;<\/h4>\n\n\n\n<p>Merci de prendre le soin d&rsquo;annuler ou de modifier votre s\u00e9ance par t\u00e9l\u00e9phone, au moins 48 heures \u00e0 l&rsquo;avance, sauf cas exceptionnel de force majeure, afin que votre cr\u00e9neau puisse \u00eatre allou\u00e9 \u00e0 une personne en ayant besoin.&nbsp;<\/p>\n\n\n\n<h4 class=\"wp-block-heading\">Responsabilit\u00e9 civile professionnelle<\/h4>\n\n\n\n<p>Le cabinet Femmes en Pause Consciente est d\u00e9tenteur d&rsquo;une responsabilit\u00e9 civile professionnelle souscrite aupr\u00e8s de GROUPAMA 34 Place du Foirail 65000 TARBES (05 62 93 26 20).<\/p>\n\n\n\n<h4 class=\"wp-block-heading\">R\u00e9clamation<\/h4>\n\n\n\n<p>Toute r\u00e9clamation doit au pr\u00e9alable se faire par mail via le formulaire de contact pr\u00e9sent sur le site https:\/\/www.femmes-en-pause-consciente.fr&nbsp;afin de tenter de r\u00e9soudre un litige \u00e0 l&rsquo;amiable.<\/p>\n\n\n\n<p>Faute de r\u00e9solution \u00e0 l&rsquo;amiable, le consommateur, conform\u00e9ment \u00e0 l\u2019article L612-1 du code de la consommation, peut recourir au dispositif de m\u00e9diation \u00e0 la consommation.<\/p>\n\n\n\n<h4 class=\"wp-block-heading\">TVA&nbsp;<\/h4>\n\n\n\n<p>TVA non applicable Art 293B du CGI.&nbsp;<\/p>\n\n\n\n<h4 class=\"wp-block-heading\">LIMITATION DE RESPONSABILITE<\/h4>\n\n\n\n<p>Les informations contenues sur ce site sont aussi pr\u00e9cises que possibles et le site est p\u00e9riodiquement remis \u00e0 jour, mais peut toutefois contenir des inexactitudes, des omissions ou des lacunes. Si vous constatez une lacune, erreur ou ce qui para\u00eet \u00eatre un dysfonctionnement, merci de bien vouloir le signaler par e-mail en d\u00e9crivant le probl\u00e8me de la mani\u00e8re la plus pr\u00e9cise possible (page posant probl\u00e8me, action d\u00e9clenchante, type d\u2019ordinateur et de navigateur utilis\u00e9, \u2026). www.femmes-en-pause-consciente.fr ne peut pas \u00eatre tenu responsable des lacunes, erreurs ou dysfonctionnements engendr\u00e9s.<\/p>\n\n\n\n<p>Tout contenu t\u00e9l\u00e9charg\u00e9 se fait aux risques et p\u00e9rils de l&rsquo;utilisateur et sous sa seule responsabilit\u00e9. En cons\u00e9quence, Marie-Ange AGUILLON ne saurait \u00eatre tenu responsable d&rsquo;un quelconque dommage subi par l&rsquo;ordinateur de l&rsquo;utilisateur ou d&rsquo;une quelconque perte de donn\u00e9es cons\u00e9cutives au t\u00e9l\u00e9chargement.<\/p>\n\n\n\n<p>Les liens hypertextes mis en place dans le cadre du pr\u00e9sent site internet en direction d&rsquo;autres ressources pr\u00e9sentes sur le r\u00e9seau Internet ne sauraient engager la responsabilit\u00e9 de Marie-Ange AGUILLON.<\/p>\n\n\n\n<h2 class=\"wp-block-heading\">A propos des mentions l\u00e9gales <\/h2>\n\n\n\n<p>Les mentions l\u00e9gales d\u00e9finies sur cette page s&rsquo;appliquent \u00e0 l&rsquo;ensemble du pr\u00e9sent site internet et sont susceptibles d&rsquo;\u00e9voluer sans pr\u00e9avis. L&rsquo;Utilisateur du site est donc invit\u00e9 \u00e0 les consulter r\u00e9guli\u00e8rement afin d&rsquo;en prendre connaissance<\/p>\n\n\n\n<h2 class=\"wp-block-heading\">Commentaires<\/h2>\n\n\n\n<p>Quand vous laissez un commentaire sur notre site, les donn\u00e9es inscrites dans le formulaire de commentaire, ainsi que votre adresse IP et l\u2019agent utilisateur de votre navigateur sont collect\u00e9s pour nous aider \u00e0 la d\u00e9tection des commentaires ind\u00e9sirables.<\/p>\n\n\n\n<p>Une cha\u00eene anonymis\u00e9e cr\u00e9\u00e9e \u00e0 partir de votre adresse e-mail (\u00e9galement appel\u00e9e hash) peut \u00eatre envoy\u00e9e au service Gravatar pour v\u00e9rifier si vous utilisez ce dernier. Les clauses de confidentialit\u00e9 du service Gravatar sont disponibles ici&nbsp;: https:\/\/automattic.com\/privacy\/. Apr\u00e8s validation de votre commentaire, votre photo de profil sera visible publiquement \u00e0 cot\u00e9 de votre commentaire.<\/p>\n\n\n\n<h2 class=\"wp-block-heading\">M\u00e9dias<\/h2>\n\n\n\n<p>Si vous t\u00e9l\u00e9versez des images sur le site, nous vous conseillons d\u2019\u00e9viter de t\u00e9l\u00e9verser des images contenant des donn\u00e9es EXIF de coordonn\u00e9es GPS. Les personnes visitant votre site peuvent t\u00e9l\u00e9charger et extraire des donn\u00e9es de localisation depuis ces images.<\/p>\n\n\n\n<h2 class=\"wp-block-heading\">Cookies<\/h2>\n\n\n\n<p>Si vous d\u00e9posez un commentaire sur notre site, il vous sera propos\u00e9 d\u2019enregistrer votre nom, adresse e-mail et site dans des cookies. C\u2019est uniquement pour votre confort afin de ne pas avoir \u00e0 saisir ces informations si vous d\u00e9posez un autre commentaire plus tard. Ces cookies expirent au bout d\u2019un an.<\/p>\n\n\n\n<p>Si vous vous rendez sur la page de connexion, un cookie temporaire sera cr\u00e9\u00e9 afin de d\u00e9terminer si votre navigateur accepte les cookies. Il ne contient pas de donn\u00e9es personnelles et sera supprim\u00e9 automatiquement \u00e0 la fermeture de votre navigateur.<\/p>\n\n\n\n<p>Lorsque vous vous connecterez, nous mettrons en place un certain nombre de cookies pour enregistrer vos informations de connexion et vos pr\u00e9f\u00e9rences d\u2019\u00e9cran. La dur\u00e9e de vie d\u2019un cookie de connexion est de deux jours, celle d\u2019un cookie d\u2019option d\u2019\u00e9cran est d\u2019un an. Si vous cochez \u00ab&nbsp;Se souvenir de moi&nbsp;\u00bb, votre cookie de connexion sera conserv\u00e9 pendant deux semaines. Si vous vous d\u00e9connectez de votre compte, le cookie de connexion sera effac\u00e9.<\/p>\n\n\n\n<p>En modifiant ou en publiant une publication, un cookie suppl\u00e9mentaire sera enregistr\u00e9 dans votre navigateur. Ce cookie ne comprend aucune donn\u00e9e personnelle. Il indique simplement l\u2019ID de la publication que vous venez de modifier. Il expire au bout d\u2019un jour.<\/p>\n\n\n\n<h2 class=\"wp-block-heading\">Contenu embarqu\u00e9 depuis d\u2019autres sites<\/h2>\n\n\n\n<p>Les articles de ce site peuvent inclure des contenus int\u00e9gr\u00e9s (par exemple des vid\u00e9os, images, articles\u2026). Le contenu int\u00e9gr\u00e9 depuis d\u2019autres sites se comporte de la m\u00eame mani\u00e8re que si le visiteur se rendait sur cet autre site.<\/p>\n\n\n\n<p>Ces sites web pourraient collecter des donn\u00e9es sur vous, utiliser des cookies, embarquer des outils de suivis tiers, suivre vos interactions avec ces contenus embarqu\u00e9s si vous disposez d\u2019un compte connect\u00e9 sur leur site web.<\/p>\n\n\n\n<h2 class=\"wp-block-heading\">Utilisation et transmission de vos donn\u00e9es personnelles<\/h2>\n\n\n\n<p>Si vous demandez une r\u00e9initialisation de votre mot de passe, votre adresse IP sera incluse dans l\u2019e-mail de r\u00e9initialisation.<\/p>\n\n\n\n<h2 class=\"wp-block-heading\">Dur\u00e9es de stockage de vos donn\u00e9es<\/h2>\n\n\n\n<p>Si vous laissez un commentaire, le commentaire et ses m\u00e9tadonn\u00e9es sont conserv\u00e9s ind\u00e9finiment. Cela permet de reconna\u00eetre et approuver automatiquement les commentaires suivants au lieu de les laisser dans la file de mod\u00e9ration.<\/p>\n\n\n\n<p>Pour les comptes qui s\u2019inscrivent sur notre site (le cas \u00e9ch\u00e9ant), nous stockons \u00e9galement les donn\u00e9es personnelles indiqu\u00e9es dans leur profil. Tous les comptes peuvent voir, modifier ou supprimer leurs informations personnelles \u00e0 tout moment (\u00e0 l\u2019exception de leur identifiant). Les gestionnaires du site peuvent aussi voir et modifier ces informations.<\/p>\n\n\n\n<h2 class=\"wp-block-heading\">Les droits que vous avez sur vos donn\u00e9es<\/h2>\n\n\n\n<p>Si vous avez un compte ou si vous avez laiss\u00e9 des commentaires sur le site, vous pouvez demander \u00e0 recevoir un fichier contenant toutes les donn\u00e9es personnelles que nous poss\u00e9dons \u00e0 votre sujet, incluant celles que vous nous avez fournies. Vous pouvez \u00e9galement demander la suppression des donn\u00e9es personnelles vous concernant. Cela ne prend pas en compte les donn\u00e9es stock\u00e9es \u00e0 des fins administratives, l\u00e9gales ou pour des raisons de s\u00e9curit\u00e9.<\/p>\n\n\n\n<h2 class=\"wp-block-heading\">Transmission de vos donn\u00e9es personnelles<\/h2>\n\n\n\n<p>Les commentaires des visiteurs peuvent \u00eatre v\u00e9rifi\u00e9s \u00e0 l\u2019aide d\u2019un service automatis\u00e9 de d\u00e9tection des commentaires ind\u00e9sirables.<\/p>\n","protected":false},"excerpt":{"rendered":"<p>Qui sommes-nous&nbsp;? L\u2019adresse de notre site est&nbsp;: https:\/\/femmes-en-pause-consciente.fr. Femmes en Pause Consciente8, Place de Verdun 65420 IBOST\u00e9l. : 0787957470 Siret : 98537977500010Auto Entreprise Individuelle Responsable de la publication Marie-Ange AGUILLONmarie-ange@femmes-en-pause-consciente.fr H\u00e9bergeur du site Ce site est h\u00e9berg\u00e9 par OVH SAS 2 rue Kellermann &#8211; 59100 Roubaix &#8211; FranceSite internet :www.ovhcloud.com R\u00e8glementation int\u00e9rieure et conditions de [&hellip;]<\/p>\n","protected":false},"author":1,"featured_media":0,"parent":0,"menu_order":0,"comment_status":"closed","ping_status":"closed","template":"","meta":{"footnotes":""},"class_list":["post-3","page","type-page","status-publish","hentry"],"yoast_head":"<!-- This site is optimized with the Yoast SEO plugin v24.8.1 - https:\/\/yoast.com\/wordpress\/plugins\/seo\/ -->\n<title>Politique de confidentialit\u00e9 - Femmes En Pause Consciente<\/title>\n<meta name=\"robots\" content=\"index, follow, max-snippet:-1, max-image-preview:large, max-video-preview:-1\" \/>\n<link rel=\"canonical\" href=\"https:\/\/femmes-en-pause-consciente.fr\/index.php\/politique-de-confidentialite\/\" \/>\n<meta property=\"og:locale\" content=\"fr_FR\" \/>\n<meta property=\"og:type\" content=\"article\" \/>\n<meta property=\"og:title\" content=\"Politique de confidentialit\u00e9 - Femmes En Pause Consciente\" \/>\n<meta property=\"og:description\" content=\"Qui sommes-nous&nbsp;? L\u2019adresse de notre site est&nbsp;: https:\/\/femmes-en-pause-consciente.fr. Femmes en Pause Consciente8, Place de Verdun 65420 IBOST\u00e9l. : 0787957470 Siret : 98537977500010Auto Entreprise Individuelle Responsable de la publication Marie-Ange AGUILLONmarie-ange@femmes-en-pause-consciente.fr H\u00e9bergeur du site Ce site est h\u00e9berg\u00e9 par OVH SAS 2 rue Kellermann &#8211; 59100 Roubaix &#8211; FranceSite internet :www.ovhcloud.com R\u00e8glementation int\u00e9rieure et conditions de [&hellip;]\" \/>\n<meta property=\"og:url\" content=\"https:\/\/femmes-en-pause-consciente.fr\/index.php\/politique-de-confidentialite\/\" \/>\n<meta property=\"og:site_name\" content=\"Femmes En Pause Consciente\" \/>\n<meta property=\"article:modified_time\" content=\"2024-06-27T08:07:59+00:00\" \/>\n<meta name=\"twitter:card\" content=\"summary_large_image\" \/>\n<meta name=\"twitter:label1\" content=\"Dur\u00e9e de lecture estim\u00e9e\" \/>\n\t<meta name=\"twitter:data1\" content=\"8 minutes\" \/>\n<script type=\"application\/ld+json\" class=\"yoast-schema-graph\">{\"@context\":\"https:\/\/schema.org\",\"@graph\":[{\"@type\":\"WebPage\",\"@id\":\"https:\/\/femmes-en-pause-consciente.fr\/index.php\/politique-de-confidentialite\/\",\"url\":\"https:\/\/femmes-en-pause-consciente.fr\/index.php\/politique-de-confidentialite\/\",\"name\":\"Politique de confidentialit\u00e9 - Femmes En Pause Consciente\",\"isPartOf\":{\"@id\":\"https:\/\/femmes-en-pause-consciente.fr\/#website\"},\"datePublished\":\"2024-03-13T18:37:17+00:00\",\"dateModified\":\"2024-06-27T08:07:59+00:00\",\"breadcrumb\":{\"@id\":\"https:\/\/femmes-en-pause-consciente.fr\/index.php\/politique-de-confidentialite\/#breadcrumb\"},\"inLanguage\":\"fr-FR\",\"potentialAction\":[{\"@type\":\"ReadAction\",\"target\":[\"https:\/\/femmes-en-pause-consciente.fr\/index.php\/politique-de-confidentialite\/\"]}]},{\"@type\":\"BreadcrumbList\",\"@id\":\"https:\/\/femmes-en-pause-consciente.fr\/index.php\/politique-de-confidentialite\/#breadcrumb\",\"itemListElement\":[{\"@type\":\"ListItem\",\"position\":1,\"name\":\"Accueil\",\"item\":\"https:\/\/femmes-en-pause-consciente.fr\/\"},{\"@type\":\"ListItem\",\"position\":2,\"name\":\"Politique de confidentialit\u00e9\"}]},{\"@type\":\"WebSite\",\"@id\":\"https:\/\/femmes-en-pause-consciente.fr\/#website\",\"url\":\"https:\/\/femmes-en-pause-consciente.fr\/\",\"name\":\"Femmes En Pause Consciente\",\"description\":\"Le Chemin du L\u00e2cher Prise\",\"publisher\":{\"@id\":\"https:\/\/femmes-en-pause-consciente.fr\/#organization\"},\"potentialAction\":[{\"@type\":\"SearchAction\",\"target\":{\"@type\":\"EntryPoint\",\"urlTemplate\":\"https:\/\/femmes-en-pause-consciente.fr\/?s={search_term_string}\"},\"query-input\":{\"@type\":\"PropertyValueSpecification\",\"valueRequired\":true,\"valueName\":\"search_term_string\"}}],\"inLanguage\":\"fr-FR\"},{\"@type\":\"Organization\",\"@id\":\"https:\/\/femmes-en-pause-consciente.fr\/#organization\",\"name\":\"Femmes En Pause Consciente\",\"url\":\"https:\/\/femmes-en-pause-consciente.fr\/\",\"logo\":{\"@type\":\"ImageObject\",\"inLanguage\":\"fr-FR\",\"@id\":\"https:\/\/femmes-en-pause-consciente.fr\/#\/schema\/logo\/image\/\",\"url\":\"https:\/\/femmes-en-pause-consciente.fr\/wp-content\/uploads\/2024\/06\/logo-transparent-png.png\",\"contentUrl\":\"https:\/\/femmes-en-pause-consciente.fr\/wp-content\/uploads\/2024\/06\/logo-transparent-png.png\",\"width\":3943,\"height\":4000,\"caption\":\"Femmes En Pause Consciente\"},\"image\":{\"@id\":\"https:\/\/femmes-en-pause-consciente.fr\/#\/schema\/logo\/image\/\"}}]}<\/script>\n<!-- \/ Yoast SEO plugin. -->","yoast_head_json":{"title":"Politique de confidentialit\u00e9 - Femmes En Pause Consciente","robots":{"index":"index","follow":"follow","max-snippet":"max-snippet:-1","max-image-preview":"max-image-preview:large","max-video-preview":"max-video-preview:-1"},"canonical":"https:\/\/femmes-en-pause-consciente.fr\/index.php\/politique-de-confidentialite\/","og_locale":"fr_FR","og_type":"article","og_title":"Politique de confidentialit\u00e9 - Femmes En Pause Consciente","og_description":"Qui sommes-nous&nbsp;? L\u2019adresse de notre site est&nbsp;: https:\/\/femmes-en-pause-consciente.fr. Femmes en Pause Consciente8, Place de Verdun 65420 IBOST\u00e9l. : 0787957470 Siret : 98537977500010Auto Entreprise Individuelle Responsable de la publication Marie-Ange AGUILLONmarie-ange@femmes-en-pause-consciente.fr H\u00e9bergeur du site Ce site est h\u00e9berg\u00e9 par OVH SAS 2 rue Kellermann &#8211; 59100 Roubaix &#8211; FranceSite internet :www.ovhcloud.com R\u00e8glementation int\u00e9rieure et conditions de [&hellip;]","og_url":"https:\/\/femmes-en-pause-consciente.fr\/index.php\/politique-de-confidentialite\/","og_site_name":"Femmes En Pause Consciente","article_modified_time":"2024-06-27T08:07:59+00:00","twitter_card":"summary_large_image","twitter_misc":{"Dur\u00e9e de lecture estim\u00e9e":"8 minutes"},"schema":{"@context":"https:\/\/schema.org","@graph":[{"@type":"WebPage","@id":"https:\/\/femmes-en-pause-consciente.fr\/index.php\/politique-de-confidentialite\/","url":"https:\/\/femmes-en-pause-consciente.fr\/index.php\/politique-de-confidentialite\/","name":"Politique de confidentialit\u00e9 - Femmes En Pause Consciente","isPartOf":{"@id":"https:\/\/femmes-en-pause-consciente.fr\/#website"},"datePublished":"2024-03-13T18:37:17+00:00","dateModified":"2024-06-27T08:07:59+00:00","breadcrumb":{"@id":"https:\/\/femmes-en-pause-consciente.fr\/index.php\/politique-de-confidentialite\/#breadcrumb"},"inLanguage":"fr-FR","potentialAction":[{"@type":"ReadAction","target":["https:\/\/femmes-en-pause-consciente.fr\/index.php\/politique-de-confidentialite\/"]}]},{"@type":"BreadcrumbList","@id":"https:\/\/femmes-en-pause-consciente.fr\/index.php\/politique-de-confidentialite\/#breadcrumb","itemListElement":[{"@type":"ListItem","position":1,"name":"Accueil","item":"https:\/\/femmes-en-pause-consciente.fr\/"},{"@type":"ListItem","position":2,"name":"Politique de confidentialit\u00e9"}]},{"@type":"WebSite","@id":"https:\/\/femmes-en-pause-consciente.fr\/#website","url":"https:\/\/femmes-en-pause-consciente.fr\/","name":"Femmes En Pause Consciente","description":"Le Chemin du L\u00e2cher Prise","publisher":{"@id":"https:\/\/femmes-en-pause-consciente.fr\/#organization"},"potentialAction":[{"@type":"SearchAction","target":{"@type":"EntryPoint","urlTemplate":"https:\/\/femmes-en-pause-consciente.fr\/?s={search_term_string}"},"query-input":{"@type":"PropertyValueSpecification","valueRequired":true,"valueName":"search_term_string"}}],"inLanguage":"fr-FR"},{"@type":"Organization","@id":"https:\/\/femmes-en-pause-consciente.fr\/#organization","name":"Femmes En Pause Consciente","url":"https:\/\/femmes-en-pause-consciente.fr\/","logo":{"@type":"ImageObject","inLanguage":"fr-FR","@id":"https:\/\/femmes-en-pause-consciente.fr\/#\/schema\/logo\/image\/","url":"https:\/\/femmes-en-pause-consciente.fr\/wp-content\/uploads\/2024\/06\/logo-transparent-png.png","contentUrl":"https:\/\/femmes-en-pause-consciente.fr\/wp-content\/uploads\/2024\/06\/logo-transparent-png.png","width":3943,"height":4000,"caption":"Femmes En Pause Consciente"},"image":{"@id":"https:\/\/femmes-en-pause-consciente.fr\/#\/schema\/logo\/image\/"}}]}},"_links":{"self":[{"href":"https:\/\/femmes-en-pause-consciente.fr\/index.php\/wp-json\/wp\/v2\/pages\/3","targetHints":{"allow":["GET"]}}],"collection":[{"href":"https:\/\/femmes-en-pause-consciente.fr\/index.php\/wp-json\/wp\/v2\/pages"}],"about":[{"href":"https:\/\/femmes-en-pause-consciente.fr\/index.php\/wp-json\/wp\/v2\/types\/page"}],"author":[{"embeddable":true,"href":"https:\/\/femmes-en-pause-consciente.fr\/index.php\/wp-json\/wp\/v2\/users\/1"}],"replies":[{"embeddable":true,"href":"https:\/\/femmes-en-pause-consciente.fr\/index.php\/wp-json\/wp\/v2\/comments?post=3"}],"version-history":[{"count":4,"href":"https:\/\/femmes-en-pause-consciente.fr\/index.php\/wp-json\/wp\/v2\/pages\/3\/revisions"}],"predecessor-version":[{"id":582,"href":"https:\/\/femmes-en-pause-consciente.fr\/index.php\/wp-json\/wp\/v2\/pages\/3\/revisions\/582"}],"wp:attachment":[{"href":"https:\/\/femmes-en-pause-consciente.fr\/index.php\/wp-json\/wp\/v2\/media?parent=3"}],"curies":[{"name":"wp","href":"https:\/\/api.w.org\/{rel}","templated":true}]}}