{"id":82,"date":"2024-06-27T10:05:29","date_gmt":"2024-06-27T08:05:29","guid":{"rendered":"https:\/\/femmes-en-pause-consciente.fr\/?page_id=82"},"modified":"2024-11-21T16:14:48","modified_gmt":"2024-11-21T15:14:48","slug":"les-doigts-de-lumiere","status":"publish","type":"page","link":"https:\/\/femmes-en-pause-consciente.fr\/index.php\/les-doigts-de-lumiere\/","title":{"rendered":"Les doigts de lumi\u00e8re"},"content":{"rendered":"\n<h3 class=\"wp-block-heading\"><strong>LE MASSAGE \u00c9QUILIBRE ET D\u00c9TENTE <\/strong><\/h3>\n\n\n\n<h4 class=\"wp-block-heading\"><strong>Un toucher corporel, \u00e9motionnel et \u00e9nerg\u00e9tique<\/strong><\/h4>\n\n\n\n<ul class=\"wp-block-list\">\n<li><em>Le toucher par le massage bien-\u00eatre active la bonne humeur, chasse la tristesse, relance la joie de vivre, restaure l\u2019\u00e9nergie psychique et physique. Le toucher, c\u2019est l\u2019amour de l\u2019esprit qui passe dans la mati\u00e8re.<\/em><\/li>\n<\/ul>\n\n\n\n<div class=\"wp-block-cover alignfull is-light\"><span aria-hidden=\"true\" class=\"wp-block-cover__background has-custom-couleur-1-background-color has-background-dim-100 has-background-dim\"><\/span><div class=\"wp-block-cover__inner-container is-layout-constrained wp-block-cover-is-layout-constrained\">\n<p>Ce massage puissant approche la personne dans sa globalit\u00e9 et dans diverses dimensions&nbsp;: physique, \u00e9motionnelle, psychique voire \u00e9nerg\u00e9tique. Il est avant tout un massage unifiant et enveloppant, relaxant et \u00e9nergisant. Il se caract\u00e9rise par des mouvements harmonieux et fluides exerc\u00e9s au d\u00e9but et \u00e0 la fin de la s\u00e9ance.<\/p>\n\n\n\n<p>En milieu de s\u00e9ance, le massage se dynamise par l\u2019ex\u00e9cution de divers mouvements intense et profond. Il favorise une bonne \u00e9limination des toxines en stimulant la circulation sanguine et lymphatique et aide le corps a retrouv\u00e9 son \u00e9quilibre naturel.<\/p>\n<\/div><\/div>\n\n\n\n<p><em><strong>Bienfaits<\/strong><\/em>&nbsp;: Le massage \u00c9quilibre et D\u00e9tente est b\u00e9n\u00e9fique si vous vous sentez tendue, dispers\u00e9e, anxieuse, stress\u00e9e ou ayant besoin d\u2019un doux moment d\u2019abandon dans le silence int\u00e9rieur de votre \u00eatre. Un v\u00e9ritable support au bien-\u00eatre physique, nerveux, \u00e9motionnel, mental et spirituel.<\/p>\n\n\n\n<p>J&rsquo;utilise l\u2019huile d\u2019amande douce naturelle pour une meilleure fluidit\u00e9 dans les mouvements d&rsquo;effleurage et de p\u00e9trissage en nourrissant la peau agr\u00e9ablement. Vous serez invit\u00e9e \u00e0 choisir une synergie d\u2019huiles essentielles convenant \u00e0 votre \u00e9tat d\u2019\u00eatre du moment.<\/p>\n\n\n\n<figure class=\"wp-block-image size-full\"><img loading=\"lazy\" decoding=\"async\" width=\"640\" height=\"480\" src=\"https:\/\/femmes-en-pause-consciente.fr\/wp-content\/uploads\/2024\/06\/glass-4108085_640.jpg\" alt=\"\" class=\"wp-image-752\" srcset=\"https:\/\/femmes-en-pause-consciente.fr\/wp-content\/uploads\/2024\/06\/glass-4108085_640.jpg 640w, https:\/\/femmes-en-pause-consciente.fr\/wp-content\/uploads\/2024\/06\/glass-4108085_640-300x225.jpg 300w\" sizes=\"auto, (max-width: 640px) 100vw, 640px\" \/><\/figure>\n\n\n\n<figure class=\"wp-block-image size-large is-resized\"><img loading=\"lazy\" decoding=\"async\" width=\"1014\" height=\"1024\" src=\"https:\/\/femmes-en-pause-consciente.fr\/wp-content\/uploads\/2024\/04\/logo-11-1014x1024.png\" alt=\"\" class=\"wp-image-427\" style=\"width:49px;height:auto\" srcset=\"https:\/\/femmes-en-pause-consciente.fr\/wp-content\/uploads\/2024\/04\/logo-11-1014x1024.png 1014w, https:\/\/femmes-en-pause-consciente.fr\/wp-content\/uploads\/2024\/04\/logo-11-297x300.png 297w, https:\/\/femmes-en-pause-consciente.fr\/wp-content\/uploads\/2024\/04\/logo-11-150x150.png 150w, https:\/\/femmes-en-pause-consciente.fr\/wp-content\/uploads\/2024\/04\/logo-11-768x776.png 768w, https:\/\/femmes-en-pause-consciente.fr\/wp-content\/uploads\/2024\/04\/logo-11.png 1267w\" sizes=\"auto, (max-width: 1014px) 100vw, 1014px\" \/><\/figure>\n\n\n\n<h4 class=\"wp-block-heading\">D\u00e9roulement de la s\u00e9ance<\/h4>\n\n\n\n<p>Chaque s\u00e9ance d\u00e9bute syst\u00e9matiquement par un court entretien. Afin de prendre en compte vos attentes, vos peurs ou pr\u00e9occupations \u00e9ventuelles et vos contraintes physiques (douleurs, tensions, maladie\u2026etc.), pour un massage optimal. Cette discussion permet \u00e9galement d\u2019\u00e9tablir un premier contact, une mise en confiance r\u00e9ciproque qui favorise une s\u00e9ance b\u00e9n\u00e9fique.<\/p>\n\n\n\n<p>La s\u00e9ance commence par une m\u00e9ditation \u00ab\u00a0pause consciente\u00a0\u00bb pour se centrer et s&rsquo;ancrer au pr\u00e9sent.<\/p>\n\n\n\n<p>Vous pourrez vous d\u00e9shabiller en toute intimit\u00e9. Vous pouvez&nbsp;garder vos sous-v\u00eatements. &nbsp;Vous serez couvert d\u2019un grand drap douillet, les parties mass\u00e9es seront alors d\u00e9couvertes puis recouvertes au fur et mesure de la s\u00e9ance<\/p>\n\n\n\n<p>A la fin du massage, je vous laisse un moment pour reprendre conscience du monde autour de vous et vous serez libre d&rsquo;exprimer vos ressentis.<\/p>\n\n\n\n<p>Une boisson chaude ou froide vous sera propos\u00e9e pour cl\u00f4turer la s\u00e9ance.&nbsp;<\/p>\n\n\n\n<figure class=\"wp-block-image size-large is-resized\"><img loading=\"lazy\" decoding=\"async\" width=\"1014\" height=\"1024\" src=\"https:\/\/femmes-en-pause-consciente.fr\/wp-content\/uploads\/2024\/04\/logo-12-1014x1024.png\" alt=\"\" class=\"wp-image-428\" style=\"width:51px;height:auto\" srcset=\"https:\/\/femmes-en-pause-consciente.fr\/wp-content\/uploads\/2024\/04\/logo-12-1014x1024.png 1014w, https:\/\/femmes-en-pause-consciente.fr\/wp-content\/uploads\/2024\/04\/logo-12-297x300.png 297w, https:\/\/femmes-en-pause-consciente.fr\/wp-content\/uploads\/2024\/04\/logo-12-150x150.png 150w, https:\/\/femmes-en-pause-consciente.fr\/wp-content\/uploads\/2024\/04\/logo-12-768x776.png 768w, https:\/\/femmes-en-pause-consciente.fr\/wp-content\/uploads\/2024\/04\/logo-12.png 1267w\" sizes=\"auto, (max-width: 1014px) 100vw, 1014px\" \/><\/figure>\n\n\n\n<figure class=\"wp-block-image size-large\"><img loading=\"lazy\" decoding=\"async\" width=\"1024\" height=\"503\" src=\"https:\/\/femmes-en-pause-consciente.fr\/wp-content\/uploads\/2024\/06\/zen-massage-spa-images-photos-gratuites-et-libres-de-droits-1560x766-1-1024x503.jpg\" alt=\"\" class=\"wp-image-734\" srcset=\"https:\/\/femmes-en-pause-consciente.fr\/wp-content\/uploads\/2024\/06\/zen-massage-spa-images-photos-gratuites-et-libres-de-droits-1560x766-1-1024x503.jpg 1024w, https:\/\/femmes-en-pause-consciente.fr\/wp-content\/uploads\/2024\/06\/zen-massage-spa-images-photos-gratuites-et-libres-de-droits-1560x766-1-300x147.jpg 300w, https:\/\/femmes-en-pause-consciente.fr\/wp-content\/uploads\/2024\/06\/zen-massage-spa-images-photos-gratuites-et-libres-de-droits-1560x766-1-768x377.jpg 768w, https:\/\/femmes-en-pause-consciente.fr\/wp-content\/uploads\/2024\/06\/zen-massage-spa-images-photos-gratuites-et-libres-de-droits-1560x766-1-1536x754.jpg 1536w, https:\/\/femmes-en-pause-consciente.fr\/wp-content\/uploads\/2024\/06\/zen-massage-spa-images-photos-gratuites-et-libres-de-droits-1560x766-1.jpg 1560w\" sizes=\"auto, (max-width: 1024px) 100vw, 1024px\" \/><\/figure>\n\n\n\n<h4 class=\"wp-block-heading\">Mon conseil<\/h4>\n\n\n\n<div class=\"wp-block-cover alignfull is-light\"><span aria-hidden=\"true\" class=\"wp-block-cover__background has-custom-couleur-1-background-color has-background-dim-100 has-background-dim\"><\/span><div class=\"wp-block-cover__inner-container is-layout-constrained wp-block-cover-is-layout-constrained\">\n<p><strong>En g\u00e9n\u00e9ral, on ressent une sorte de \u00ab\u00a0fatigue sereine<\/strong>\u00ab\u00a0, comme apr\u00e8s une activit\u00e9 intense, agr\u00e9able et r\u00e9g\u00e9n\u00e9rante. Apr\u00e8s le soin, il peut arriver que certaines personnes ressentent un \u00e9tat euphorique, ou \u00e0 l\u2019inverse, une tristesse inexpliqu\u00e9e durant quelques heures. Ces changements d\u2019\u00e9tat \u00e9motionnels sont provoqu\u00e9s par le r\u00e9\u00e9quilibrage \u00e9nerg\u00e9tique et sont la manifestation d&rsquo;un travail int\u00e9rieur accompli.<\/p>\n\n\n\n<p><strong>Pour optimiser les bienfaits du massage<\/strong>, il est important de bien vous hydrater les heures avant et apr\u00e8s la s\u00e9ance, afin de favoriser l&rsquo;\u00e9limination des toxines. Le repos sera le meilleur rem\u00e8de apr\u00e8s la s\u00e9ance pour maintenir votre \u00e9tat de relaxation et de s\u00e9r\u00e9nit\u00e9.<\/p>\n<\/div><\/div>\n\n\n\n<p><strong>Cette technique ne se substitue en aucun cas \u00e0 un avis m\u00e9dical ou \u00e0 un traitement en cours.<\/strong><\/p>\n\n\n\n<p><\/p>\n\n\n\n<figure class=\"wp-block-image aligncenter size-full is-resized\"><img loading=\"lazy\" decoding=\"async\" width=\"640\" height=\"480\" src=\"https:\/\/femmes-en-pause-consciente.fr\/wp-content\/uploads\/2024\/06\/woman-567021_640.jpg\" alt=\"\" class=\"wp-image-754\" style=\"width:687px;height:auto\" srcset=\"https:\/\/femmes-en-pause-consciente.fr\/wp-content\/uploads\/2024\/06\/woman-567021_640.jpg 640w, https:\/\/femmes-en-pause-consciente.fr\/wp-content\/uploads\/2024\/06\/woman-567021_640-300x225.jpg 300w\" sizes=\"auto, (max-width: 640px) 100vw, 640px\" \/><\/figure>\n\n\n\n<p>\u00ab\u00a0Se sentir bien dans sa t\u00eate, bien dans sa peau et dans son corps\u2026que du bonheur!\u00a0\u00bb \u00ab\u00a0Donner et recevoir un massage empli d&rsquo;amour et de lumi\u00e8re!\u00a0\u00bb<\/p>\n\n\n\n<figure class=\"wp-block-image size-large is-resized\"><img loading=\"lazy\" decoding=\"async\" width=\"1014\" height=\"1024\" src=\"https:\/\/femmes-en-pause-consciente.fr\/wp-content\/uploads\/2024\/04\/logo-13-1014x1024.png\" alt=\"\" class=\"wp-image-429\" style=\"width:49px;height:auto\" srcset=\"https:\/\/femmes-en-pause-consciente.fr\/wp-content\/uploads\/2024\/04\/logo-13-1014x1024.png 1014w, https:\/\/femmes-en-pause-consciente.fr\/wp-content\/uploads\/2024\/04\/logo-13-297x300.png 297w, https:\/\/femmes-en-pause-consciente.fr\/wp-content\/uploads\/2024\/04\/logo-13-150x150.png 150w, https:\/\/femmes-en-pause-consciente.fr\/wp-content\/uploads\/2024\/04\/logo-13-768x776.png 768w, https:\/\/femmes-en-pause-consciente.fr\/wp-content\/uploads\/2024\/04\/logo-13.png 1267w\" sizes=\"auto, (max-width: 1014px) 100vw, 1014px\" \/><\/figure>\n\n\n\n<div class=\"wp-block-cover alignfull is-light\" style=\"min-height:161px;aspect-ratio:unset;\"><span aria-hidden=\"true\" class=\"wp-block-cover__background has-custom-couleur-1-background-color has-background-dim-100 has-background-dim\"><\/span><div class=\"wp-block-cover__inner-container is-layout-constrained wp-block-cover-is-layout-constrained\">\n<h4 class=\"wp-block-heading has-text-align-center\">TARIF<\/h4>\n\n\n\n<p class=\"has-text-align-center\"><strong>Massage \u00c9quilibre et D\u00e9tente <\/strong>( s\u00e9ance 1h30) \u00e0 <strong>55\u20ac<\/strong><\/p>\n<\/div><\/div>\n\n\n\n<div class=\"wp-block-buttons is-layout-flex wp-block-buttons-is-layout-flex\">\n<div class=\"wp-block-button\"><a class=\"wp-block-button__link wp-element-button\" href=\"https:\/\/femmes-en-pause-consciente.fr\/index.php\/mon-accompagnement-et-mes-tarifs\/\">mon accompagnement+ tarif<\/a><\/div>\n<\/div>\n\n\n\n<div class=\"wp-block-buttons is-layout-flex wp-block-buttons-is-layout-flex\">\n<div class=\"wp-block-button\"><a class=\"wp-block-button__link wp-element-button\" href=\"https:\/\/femmes-en-pause-consciente.fr\/index.php\/me-contacter\/\">contactez moi<\/a><\/div>\n<\/div>\n\n\n\n<p><\/p>\n\n\n\n<figure class=\"wp-block-image size-full is-resized\"><img loading=\"lazy\" decoding=\"async\" width=\"600\" height=\"450\" src=\"https:\/\/femmes-en-pause-consciente.fr\/wp-content\/uploads\/2024\/06\/depositphotos_45579793-stock-photo-the-light-in-young-woman.webp\" alt=\"\" class=\"wp-image-715\" style=\"width:652px;height:auto\" srcset=\"https:\/\/femmes-en-pause-consciente.fr\/wp-content\/uploads\/2024\/06\/depositphotos_45579793-stock-photo-the-light-in-young-woman.webp 600w, https:\/\/femmes-en-pause-consciente.fr\/wp-content\/uploads\/2024\/06\/depositphotos_45579793-stock-photo-the-light-in-young-woman-300x225.webp 300w\" sizes=\"auto, (max-width: 600px) 100vw, 600px\" \/><\/figure>\n\n\n\n<blockquote class=\"wp-block-quote is-layout-flow wp-block-quote-is-layout-flow\">\n<p>\u00ab\u00a0Au plus profond de mon coeur, il y a une belle lumi\u00e8re!\u00a0\u00bb <\/p>\n<cite>Yann F\u00e9liz<\/cite><\/blockquote>\n\n\n\n<div class=\"wp-block-buttons is-layout-flex wp-block-buttons-is-layout-flex\">\n<div class=\"wp-block-button\"><a class=\"wp-block-button__link wp-element-button\">R\u00e9server <\/a><\/div>\n<\/div>\n\n\n\n<figure class=\"wp-block-image size-large is-resized\"><img loading=\"lazy\" decoding=\"async\" width=\"1014\" height=\"1024\" src=\"https:\/\/femmes-en-pause-consciente.fr\/wp-content\/uploads\/2024\/04\/logo-14-1014x1024.png\" alt=\"\" class=\"wp-image-430\" style=\"width:55px;height:auto\" srcset=\"https:\/\/femmes-en-pause-consciente.fr\/wp-content\/uploads\/2024\/04\/logo-14-1014x1024.png 1014w, https:\/\/femmes-en-pause-consciente.fr\/wp-content\/uploads\/2024\/04\/logo-14-297x300.png 297w, https:\/\/femmes-en-pause-consciente.fr\/wp-content\/uploads\/2024\/04\/logo-14-150x150.png 150w, https:\/\/femmes-en-pause-consciente.fr\/wp-content\/uploads\/2024\/04\/logo-14-768x776.png 768w, https:\/\/femmes-en-pause-consciente.fr\/wp-content\/uploads\/2024\/04\/logo-14.png 1267w\" sizes=\"auto, (max-width: 1014px) 100vw, 1014px\" \/><\/figure>\n","protected":false},"excerpt":{"rendered":"<p>LE MASSAGE \u00c9QUILIBRE ET D\u00c9TENTE Un toucher corporel, \u00e9motionnel et \u00e9nerg\u00e9tique Bienfaits&nbsp;: Le massage \u00c9quilibre et D\u00e9tente est b\u00e9n\u00e9fique si vous vous sentez tendue, dispers\u00e9e, anxieuse, stress\u00e9e ou ayant besoin d\u2019un doux moment d\u2019abandon dans le silence int\u00e9rieur de votre \u00eatre. Un v\u00e9ritable support au bien-\u00eatre physique, nerveux, \u00e9motionnel, mental et spirituel. J&rsquo;utilise l\u2019huile d\u2019amande [&hellip;]<\/p>\n","protected":false},"author":1,"featured_media":212,"parent":0,"menu_order":0,"comment_status":"closed","ping_status":"closed","template":"","meta":{"footnotes":""},"class_list":["post-82","page","type-page","status-publish","has-post-thumbnail","hentry"],"yoast_head":"<!-- This site is optimized with the Yoast SEO plugin v24.8.1 - https:\/\/yoast.com\/wordpress\/plugins\/seo\/ -->\n<title>Les doigts de lumi\u00e8re - Femmes En Pause Consciente<\/title>\n<meta name=\"robots\" content=\"index, follow, max-snippet:-1, max-image-preview:large, max-video-preview:-1\" \/>\n<link rel=\"canonical\" href=\"https:\/\/femmes-en-pause-consciente.fr\/index.php\/les-doigts-de-lumiere\/\" \/>\n<meta property=\"og:locale\" content=\"fr_FR\" \/>\n<meta property=\"og:type\" content=\"article\" \/>\n<meta property=\"og:title\" content=\"Les doigts de lumi\u00e8re - Femmes En Pause Consciente\" \/>\n<meta property=\"og:description\" content=\"LE MASSAGE \u00c9QUILIBRE ET D\u00c9TENTE Un toucher corporel, \u00e9motionnel et \u00e9nerg\u00e9tique Bienfaits&nbsp;: Le massage \u00c9quilibre et D\u00e9tente est b\u00e9n\u00e9fique si vous vous sentez tendue, dispers\u00e9e, anxieuse, stress\u00e9e ou ayant besoin d\u2019un doux moment d\u2019abandon dans le silence int\u00e9rieur de votre \u00eatre. Un v\u00e9ritable support au bien-\u00eatre physique, nerveux, \u00e9motionnel, mental et spirituel. J&rsquo;utilise l\u2019huile d\u2019amande [&hellip;]\" \/>\n<meta property=\"og:url\" content=\"https:\/\/femmes-en-pause-consciente.fr\/index.php\/les-doigts-de-lumiere\/\" \/>\n<meta property=\"og:site_name\" content=\"Femmes En Pause Consciente\" \/>\n<meta property=\"article:modified_time\" content=\"2024-11-21T15:14:48+00:00\" \/>\n<meta property=\"og:image\" content=\"https:\/\/femmes-en-pause-consciente.fr\/wp-content\/uploads\/2024\/03\/en-tete-2-scaled.jpg\" \/>\n\t<meta property=\"og:image:width\" content=\"2560\" \/>\n\t<meta property=\"og:image:height\" content=\"935\" \/>\n\t<meta property=\"og:image:type\" content=\"image\/jpeg\" \/>\n<meta name=\"twitter:card\" content=\"summary_large_image\" \/>\n<meta name=\"twitter:label1\" content=\"Dur\u00e9e de lecture estim\u00e9e\" \/>\n\t<meta name=\"twitter:data1\" content=\"3 minutes\" \/>\n<script type=\"application\/ld+json\" class=\"yoast-schema-graph\">{\"@context\":\"https:\/\/schema.org\",\"@graph\":[{\"@type\":\"WebPage\",\"@id\":\"https:\/\/femmes-en-pause-consciente.fr\/index.php\/les-doigts-de-lumiere\/\",\"url\":\"https:\/\/femmes-en-pause-consciente.fr\/index.php\/les-doigts-de-lumiere\/\",\"name\":\"Les doigts de lumi\u00e8re - Femmes En Pause Consciente\",\"isPartOf\":{\"@id\":\"https:\/\/femmes-en-pause-consciente.fr\/#website\"},\"primaryImageOfPage\":{\"@id\":\"https:\/\/femmes-en-pause-consciente.fr\/index.php\/les-doigts-de-lumiere\/#primaryimage\"},\"image\":{\"@id\":\"https:\/\/femmes-en-pause-consciente.fr\/index.php\/les-doigts-de-lumiere\/#primaryimage\"},\"thumbnailUrl\":\"https:\/\/femmes-en-pause-consciente.fr\/wp-content\/uploads\/2024\/03\/en-tete-2-scaled.jpg\",\"datePublished\":\"2024-06-27T08:05:29+00:00\",\"dateModified\":\"2024-11-21T15:14:48+00:00\",\"breadcrumb\":{\"@id\":\"https:\/\/femmes-en-pause-consciente.fr\/index.php\/les-doigts-de-lumiere\/#breadcrumb\"},\"inLanguage\":\"fr-FR\",\"potentialAction\":[{\"@type\":\"ReadAction\",\"target\":[\"https:\/\/femmes-en-pause-consciente.fr\/index.php\/les-doigts-de-lumiere\/\"]}]},{\"@type\":\"ImageObject\",\"inLanguage\":\"fr-FR\",\"@id\":\"https:\/\/femmes-en-pause-consciente.fr\/index.php\/les-doigts-de-lumiere\/#primaryimage\",\"url\":\"https:\/\/femmes-en-pause-consciente.fr\/wp-content\/uploads\/2024\/03\/en-tete-2-scaled.jpg\",\"contentUrl\":\"https:\/\/femmes-en-pause-consciente.fr\/wp-content\/uploads\/2024\/03\/en-tete-2-scaled.jpg\",\"width\":2560,\"height\":935},{\"@type\":\"BreadcrumbList\",\"@id\":\"https:\/\/femmes-en-pause-consciente.fr\/index.php\/les-doigts-de-lumiere\/#breadcrumb\",\"itemListElement\":[{\"@type\":\"ListItem\",\"position\":1,\"name\":\"Accueil\",\"item\":\"https:\/\/femmes-en-pause-consciente.fr\/\"},{\"@type\":\"ListItem\",\"position\":2,\"name\":\"Les doigts de lumi\u00e8re\"}]},{\"@type\":\"WebSite\",\"@id\":\"https:\/\/femmes-en-pause-consciente.fr\/#website\",\"url\":\"https:\/\/femmes-en-pause-consciente.fr\/\",\"name\":\"Femmes En Pause Consciente\",\"description\":\"Le Chemin du L\u00e2cher Prise\",\"publisher\":{\"@id\":\"https:\/\/femmes-en-pause-consciente.fr\/#organization\"},\"potentialAction\":[{\"@type\":\"SearchAction\",\"target\":{\"@type\":\"EntryPoint\",\"urlTemplate\":\"https:\/\/femmes-en-pause-consciente.fr\/?s={search_term_string}\"},\"query-input\":{\"@type\":\"PropertyValueSpecification\",\"valueRequired\":true,\"valueName\":\"search_term_string\"}}],\"inLanguage\":\"fr-FR\"},{\"@type\":\"Organization\",\"@id\":\"https:\/\/femmes-en-pause-consciente.fr\/#organization\",\"name\":\"Femmes En Pause Consciente\",\"url\":\"https:\/\/femmes-en-pause-consciente.fr\/\",\"logo\":{\"@type\":\"ImageObject\",\"inLanguage\":\"fr-FR\",\"@id\":\"https:\/\/femmes-en-pause-consciente.fr\/#\/schema\/logo\/image\/\",\"url\":\"https:\/\/femmes-en-pause-consciente.fr\/wp-content\/uploads\/2024\/06\/logo-transparent-png.png\",\"contentUrl\":\"https:\/\/femmes-en-pause-consciente.fr\/wp-content\/uploads\/2024\/06\/logo-transparent-png.png\",\"width\":3943,\"height\":4000,\"caption\":\"Femmes En Pause Consciente\"},\"image\":{\"@id\":\"https:\/\/femmes-en-pause-consciente.fr\/#\/schema\/logo\/image\/\"}}]}<\/script>\n<!-- \/ Yoast SEO plugin. -->","yoast_head_json":{"title":"Les doigts de lumi\u00e8re - Femmes En Pause Consciente","robots":{"index":"index","follow":"follow","max-snippet":"max-snippet:-1","max-image-preview":"max-image-preview:large","max-video-preview":"max-video-preview:-1"},"canonical":"https:\/\/femmes-en-pause-consciente.fr\/index.php\/les-doigts-de-lumiere\/","og_locale":"fr_FR","og_type":"article","og_title":"Les doigts de lumi\u00e8re - Femmes En Pause Consciente","og_description":"LE MASSAGE \u00c9QUILIBRE ET D\u00c9TENTE Un toucher corporel, \u00e9motionnel et \u00e9nerg\u00e9tique Bienfaits&nbsp;: Le massage \u00c9quilibre et D\u00e9tente est b\u00e9n\u00e9fique si vous vous sentez tendue, dispers\u00e9e, anxieuse, stress\u00e9e ou ayant besoin d\u2019un doux moment d\u2019abandon dans le silence int\u00e9rieur de votre \u00eatre. Un v\u00e9ritable support au bien-\u00eatre physique, nerveux, \u00e9motionnel, mental et spirituel. J&rsquo;utilise l\u2019huile d\u2019amande [&hellip;]","og_url":"https:\/\/femmes-en-pause-consciente.fr\/index.php\/les-doigts-de-lumiere\/","og_site_name":"Femmes En Pause Consciente","article_modified_time":"2024-11-21T15:14:48+00:00","og_image":[{"width":2560,"height":935,"url":"https:\/\/femmes-en-pause-consciente.fr\/wp-content\/uploads\/2024\/03\/en-tete-2-scaled.jpg","type":"image\/jpeg"}],"twitter_card":"summary_large_image","twitter_misc":{"Dur\u00e9e de lecture estim\u00e9e":"3 minutes"},"schema":{"@context":"https:\/\/schema.org","@graph":[{"@type":"WebPage","@id":"https:\/\/femmes-en-pause-consciente.fr\/index.php\/les-doigts-de-lumiere\/","url":"https:\/\/femmes-en-pause-consciente.fr\/index.php\/les-doigts-de-lumiere\/","name":"Les doigts de lumi\u00e8re - Femmes En Pause Consciente","isPartOf":{"@id":"https:\/\/femmes-en-pause-consciente.fr\/#website"},"primaryImageOfPage":{"@id":"https:\/\/femmes-en-pause-consciente.fr\/index.php\/les-doigts-de-lumiere\/#primaryimage"},"image":{"@id":"https:\/\/femmes-en-pause-consciente.fr\/index.php\/les-doigts-de-lumiere\/#primaryimage"},"thumbnailUrl":"https:\/\/femmes-en-pause-consciente.fr\/wp-content\/uploads\/2024\/03\/en-tete-2-scaled.jpg","datePublished":"2024-06-27T08:05:29+00:00","dateModified":"2024-11-21T15:14:48+00:00","breadcrumb":{"@id":"https:\/\/femmes-en-pause-consciente.fr\/index.php\/les-doigts-de-lumiere\/#breadcrumb"},"inLanguage":"fr-FR","potentialAction":[{"@type":"ReadAction","target":["https:\/\/femmes-en-pause-consciente.fr\/index.php\/les-doigts-de-lumiere\/"]}]},{"@type":"ImageObject","inLanguage":"fr-FR","@id":"https:\/\/femmes-en-pause-consciente.fr\/index.php\/les-doigts-de-lumiere\/#primaryimage","url":"https:\/\/femmes-en-pause-consciente.fr\/wp-content\/uploads\/2024\/03\/en-tete-2-scaled.jpg","contentUrl":"https:\/\/femmes-en-pause-consciente.fr\/wp-content\/uploads\/2024\/03\/en-tete-2-scaled.jpg","width":2560,"height":935},{"@type":"BreadcrumbList","@id":"https:\/\/femmes-en-pause-consciente.fr\/index.php\/les-doigts-de-lumiere\/#breadcrumb","itemListElement":[{"@type":"ListItem","position":1,"name":"Accueil","item":"https:\/\/femmes-en-pause-consciente.fr\/"},{"@type":"ListItem","position":2,"name":"Les doigts de lumi\u00e8re"}]},{"@type":"WebSite","@id":"https:\/\/femmes-en-pause-consciente.fr\/#website","url":"https:\/\/femmes-en-pause-consciente.fr\/","name":"Femmes En Pause Consciente","description":"Le Chemin du L\u00e2cher Prise","publisher":{"@id":"https:\/\/femmes-en-pause-consciente.fr\/#organization"},"potentialAction":[{"@type":"SearchAction","target":{"@type":"EntryPoint","urlTemplate":"https:\/\/femmes-en-pause-consciente.fr\/?s={search_term_string}"},"query-input":{"@type":"PropertyValueSpecification","valueRequired":true,"valueName":"search_term_string"}}],"inLanguage":"fr-FR"},{"@type":"Organization","@id":"https:\/\/femmes-en-pause-consciente.fr\/#organization","name":"Femmes En Pause Consciente","url":"https:\/\/femmes-en-pause-consciente.fr\/","logo":{"@type":"ImageObject","inLanguage":"fr-FR","@id":"https:\/\/femmes-en-pause-consciente.fr\/#\/schema\/logo\/image\/","url":"https:\/\/femmes-en-pause-consciente.fr\/wp-content\/uploads\/2024\/06\/logo-transparent-png.png","contentUrl":"https:\/\/femmes-en-pause-consciente.fr\/wp-content\/uploads\/2024\/06\/logo-transparent-png.png","width":3943,"height":4000,"caption":"Femmes En Pause Consciente"},"image":{"@id":"https:\/\/femmes-en-pause-consciente.fr\/#\/schema\/logo\/image\/"}}]}},"_links":{"self":[{"href":"https:\/\/femmes-en-pause-consciente.fr\/index.php\/wp-json\/wp\/v2\/pages\/82","targetHints":{"allow":["GET"]}}],"collection":[{"href":"https:\/\/femmes-en-pause-consciente.fr\/index.php\/wp-json\/wp\/v2\/pages"}],"about":[{"href":"https:\/\/femmes-en-pause-consciente.fr\/index.php\/wp-json\/wp\/v2\/types\/page"}],"author":[{"embeddable":true,"href":"https:\/\/femmes-en-pause-consciente.fr\/index.php\/wp-json\/wp\/v2\/users\/1"}],"replies":[{"embeddable":true,"href":"https:\/\/femmes-en-pause-consciente.fr\/index.php\/wp-json\/wp\/v2\/comments?post=82"}],"version-history":[{"count":34,"href":"https:\/\/femmes-en-pause-consciente.fr\/index.php\/wp-json\/wp\/v2\/pages\/82\/revisions"}],"predecessor-version":[{"id":885,"href":"https:\/\/femmes-en-pause-consciente.fr\/index.php\/wp-json\/wp\/v2\/pages\/82\/revisions\/885"}],"wp:featuredmedia":[{"embeddable":true,"href":"https:\/\/femmes-en-pause-consciente.fr\/index.php\/wp-json\/wp\/v2\/media\/212"}],"wp:attachment":[{"href":"https:\/\/femmes-en-pause-consciente.fr\/index.php\/wp-json\/wp\/v2\/media?parent=82"}],"curies":[{"name":"wp","href":"https:\/\/api.w.org\/{rel}","templated":true}]}}